{"id":6968,"date":"2023-06-06T13:37:37","date_gmt":"2023-06-06T11:37:37","guid":{"rendered":"https:\/\/scandinavianvillage.net\/scandinavian-village\/"},"modified":"2025-10-01T10:47:36","modified_gmt":"2025-10-01T08:47:36","slug":"scandinavian-village","status":"publish","type":"page","link":"https:\/\/scandinavianvillage.net\/da\/scandinavian-village\/","title":{"rendered":"Scandinavian village"},"content":{"rendered":"<div id='full_slider_1'  class='avia-fullwidth-slider main_color avia-shadow  av-small-hide av-mini-hide  avia-builder-el-0  el_before_av_slideshow_full  avia-builder-el-first   container_wrap fullsize' style=' '  ><div   data-size='featured_large'  data-lightbox_size='large'  data-animation='slide'  data-conditional_play=''  data-ids='1624'  data-video_counter='0'  data-autoplay='false'  data-bg_slider='false'  data-slide_height=''  data-handle='av_slideshow_full'  data-interval='5'  data-class=' '  data-el_id=''  data-css_id=''  data-scroll_down=''  data-control_layout='av-control-default'  data-custom_markup=''  data-perma_caption=''  data-autoplay_stopper=''  data-image_attachment=''  data-min_height=''  data-lazy_loading='disabled'  data-src=''  data-position='top left'  data-repeat='no-repeat'  data-attach='scroll'  data-stretch=''  data-default-height='32.8125'  class='avia-slideshow avia-slideshow-1  av-control-default av-default-height-applied avia-slideshow-featured_large av_slideshow_full   avia-slide-slider '  itemprop=\"image\" itemscope=\"itemscope\" itemtype=\"https:\/\/schema.org\/ImageObject\" ><ul class='avia-slideshow-inner ' style='padding-bottom: 32.8125%;' ><li  class=' av-single-slide slide-1 ' ><div data-rel='slideshow-1' class='avia-slide-wrap '   ><img decoding=\"async\" class=\"wp-image-5296 avia-img-lazy-loading-not-5296\"  src=\"https:\/\/scandinavianvillage.net\/wp-content\/uploads\/2023\/06\/image-15-1920x630.jpg\" width=\"1920\" height=\"630\" title='image (15)' alt=''  itemprop=\"thumbnailUrl\"   \/><\/div><\/li><\/ul><\/div><\/div>\n<div id='full_slider_2'  class='avia-fullwidth-slider main_color avia-shadow  av-desktop-hide av-medium-hide  avia-builder-el-1  el_after_av_slideshow_full  el_before_av_section   slider-not-first container_wrap fullsize' style=' '  ><div   data-size='large'  data-lightbox_size='large'  data-animation='slide'  data-conditional_play=''  data-ids='1624'  data-video_counter='0'  data-autoplay='false'  data-bg_slider='false'  data-slide_height=''  data-handle='av_slideshow_full'  data-interval='5'  data-class=' '  data-el_id=''  data-css_id=''  data-scroll_down=''  data-control_layout='av-control-default'  data-custom_markup=''  data-perma_caption=''  data-autoplay_stopper=''  data-image_attachment=''  data-min_height='300px'  data-lazy_loading='disabled'  data-src=''  data-position='top left'  data-repeat='no-repeat'  data-attach='scroll'  data-stretch=''  class='avia-slideshow avia-slideshow-2  av-control-default av-default-height-applied avia-slideshow-large av_slideshow_full   avia-slide-slider '  itemprop=\"image\" itemscope=\"itemscope\" itemtype=\"https:\/\/schema.org\/ImageObject\" ><ul class='avia-slideshow-inner ' style='padding-bottom: 75.04854368932%;' ><li  class=' av-single-slide slide-1 ' ><div data-rel='slideshow-2' class='avia-slide-wrap '   ><img decoding=\"async\" class=\"wp-image-5296 avia-img-lazy-loading-not-5296\"  src=\"https:\/\/scandinavianvillage.net\/wp-content\/uploads\/2023\/06\/image-15-1030x773.jpg\" width=\"1030\" height=\"773\" title='image (15)' alt=''  itemprop=\"thumbnailUrl\"  style='min-height:300px; min-width:400px; ' srcset=\"https:\/\/scandinavianvillage.net\/wp-content\/uploads\/2023\/06\/image-15-1030x773.jpg 1030w, https:\/\/scandinavianvillage.net\/wp-content\/uploads\/2023\/06\/image-15-300x225.jpg 300w, https:\/\/scandinavianvillage.net\/wp-content\/uploads\/2023\/06\/image-15-768x576.jpg 768w, https:\/\/scandinavianvillage.net\/wp-content\/uploads\/2023\/06\/image-15-1536x1152.jpg 1536w, https:\/\/scandinavianvillage.net\/wp-content\/uploads\/2023\/06\/image-15-2048x1536.jpg 2048w, https:\/\/scandinavianvillage.net\/wp-content\/uploads\/2023\/06\/image-15-1920x1440.jpg 1920w, https:\/\/scandinavianvillage.net\/wp-content\/uploads\/2023\/06\/image-15-705x529.jpg 705w\" sizes=\"(max-width: 1030px) 100vw, 1030px\" \/><\/div><\/li><\/ul><\/div><\/div>\n<div id='av_section_1'  class='avia-section main_color avia-section-default avia-no-border-styling  avia-bg-style-scroll  avia-builder-el-2  el_after_av_slideshow_full  el_before_av_textblock   container_wrap fullsize' style=' '  ><div class='container' ><div class='template-page content  av-content-full alpha units'><div class='post-entry post-entry-type-page post-entry-6968'><div class='entry-content-wrapper clearfix'>\n<div class=\"flex_column av_one_full  flex_column_div av-zero-column-padding first  avia-builder-el-3  avia-builder-el-no-sibling  \" style='border-radius:0px; '><p><div  style='padding-bottom:10px; margin:0px 0px 0px 0px; ' class='av-special-heading av-special-heading-h1  blockquote modern-quote modern-centered  avia-builder-el-4  el_before_av_textblock  avia-builder-el-first  '><h1 class='av-special-heading-tag '  itemprop=\"headline\"  >SCANDINAVIAN VILLAGE<\/h1><div class='special-heading-border'><div class='special-heading-inner-border' ><\/div><\/div><\/div><br \/>\n<section class=\"av_textblock_section \"  itemscope=\"itemscope\" itemtype=\"https:\/\/schema.org\/CreativeWork\" ><div class='avia_textblock  '   itemprop=\"text\" ><p style=\"text-align: center;\"><strong>Scandinavian Village<\/strong>, et fantastisk anl\u00e6g i Bangsaen, 1,5 time i bil fra Bangkok. Bangsaen er en by, hvis befolkning vokser i weekenderne, n\u00e5r bes\u00f8gende fra Bangkok og n\u00e6rliggende provinser flokkes til den palmekantede strand for at sv\u00f8mme, solbade og spise fisk og skaldyr p\u00e5 restauranterne ved vandet. Her er b\u00e5de et universitet og et universitetshospital. Blandt loppemarkederne er der Bangsaen Walking Street i weekenderne, hvor du kan finde n\u00e6sten alt.<\/p>\n<p style=\"text-align: center;\">P\u00e5 kanten af Bangsaen ligger <strong>Scandinavian Village<\/strong>, vores fantastiske anl\u00e6g! <strong>Scandinavian Village<\/strong> er bygget af en svensk iv\u00e6rks\u00e6tter og stod f\u00e6rdig i 20 Ejendommen best\u00e5r af 96 lejligheder fordelt p\u00e5 tre bygninger. <strong>De 96 lejligheder har alle skandinaviske ejere<\/strong> og mange har boet her siden anl\u00e6gget stod f\u00e6rdigt.<\/p>\n<p style=\"text-align: center;\">De tre bygninger har 6 etager og lejlighederne varierer i st\u00f8rrelse. Stue- og 3. sals lejligheder har generelt 2 sovev\u00e6relser, mens 2., 4. og 5. sal ofte har 1 sovev\u00e6relse. Nogle lejligheder er blevet udvidet til at have flere sovev\u00e6relser. P\u00e5 toppen af husene ligger seks taglejligheder, med et areal p\u00e5 cirka 300 m2. Lejlighederne har uanset st\u00f8rrelse gener\u00f8se terrasser og altaner.<\/p>\n<\/div><\/section><br \/>\n<div  class='avia-button-wrap avia-button-center  avia-builder-el-6  el_after_av_textblock  el_before_av_hr ' ><a href='http:\/\/scandinavianvillage.net\/da\/kontakt\/'  class='avia-button  avia-color-theme-color   avia-icon_select-yes-left-icon avia-size-small avia-position-center '   ><span class='avia_button_icon avia_button_icon_left ' aria-hidden='true' data-av_icon='\ue805' data-av_iconfont='entypo-fontello'><\/span><span class='avia_iconbox_title' >Kontakt os<\/span><\/a><\/div><br \/>\n<div   class='hr hr-default   avia-builder-el-7  el_after_av_button  el_before_av_video '><span class='hr-inner ' ><span class='hr-inner-style'><\/span><\/span><\/div><br \/>\n<div  class='avia-video avia-video-16-9 avia-video-html5  ' style='background-image:url(\"https:\/\/scandinavianvillage.net\/wp-content\/uploads\/2025\/01\/2025-01-17_085106-1030x519.png\");'  itemprop=\"video\" itemtype=\"https:\/\/schema.org\/VideoObject\"  data-original_url='https:\/\/scandinavianvillage.net\/wp-content\/uploads\/2025\/01\/Sequence-01_SE1.mp4' ><video class='avia_video' poster=\"https:\/\/scandinavianvillage.net\/wp-content\/uploads\/2025\/01\/2025-01-17_085106-1030x519.png\"   preload=\"auto\"  controls id='player_6968_1470359993_1527319253'><source src=\"https:\/\/scandinavianvillage.net\/wp-content\/uploads\/2025\/01\/Sequence-01_SE1.mp4\" type=\"video\/mp4\" \/><\/video><\/div><\/p><\/div>\n<\/div><\/div><\/div><!-- close content main div --><\/div><\/div><div id='after_section_1'  class='main_color av_default_container_wrap container_wrap fullsize' style=' '  ><div class='container' ><div class='template-page content  av-content-full alpha units'><div class='post-entry post-entry-type-page post-entry-6968'><div class='entry-content-wrapper clearfix'>\n<section class=\"av_textblock_section \"  itemscope=\"itemscope\" itemtype=\"https:\/\/schema.org\/CreativeWork\" ><div class='avia_textblock  '   itemprop=\"text\" ><p style=\"text-align: center;\" data-start=\"77\" data-end=\"137\">Dit andet hjem i vores unikke koncept med fuld service<\/p>\n<p style=\"text-align: center;\" data-start=\"139\" data-end=\"208\">Stort udvalg af aktiviteter: tennis, petanque, bridge og f\u00e6llesskab<\/p>\n<p style=\"text-align: center;\" data-start=\"210\" data-end=\"268\">10 golfbaner inden for 30 minutter til attraktive priser<\/p>\n<p style=\"text-align: center;\" data-start=\"270\" data-end=\"314\">Flere arrangerede golfturneringer hver uge<\/p>\n<p style=\"text-align: center;\" data-start=\"316\" data-end=\"371\">Eget spa- og fitnessanl\u00e6g, putting- og indspilsomr\u00e5de<\/p>\n<p style=\"text-align: center;\" data-start=\"373\" data-end=\"418\">T\u00e6t p\u00e5 Bangkoks lufthavn, under en time v\u00e6k<\/p>\n<\/div><\/section>\n<div   data-size='featured'  data-lightbox_size='large'  data-animation='slide'  data-conditional_play=''  data-ids='13350,13354,13358'  data-video_counter='0'  data-autoplay='false'  data-bg_slider='false'  data-slide_height=''  data-handle='av_slideshow'  data-interval='5'  data-class=' avia-builder-el-10  el_after_av_textblock  el_before_av_section  avia-builder-el-last  '  data-el_id=''  data-css_id=''  data-scroll_down=''  data-control_layout='av-control-default'  data-custom_markup=''  data-perma_caption=''  data-autoplay_stopper=''  data-image_attachment=''  data-min_height='0px'  data-lazy_loading='disabled'  data-default-height='22.395833333333'  class='avia-slideshow avia-slideshow-3  av-control-default av-default-height-applied avia-slideshow-featured av_slideshow  avia-builder-el-10  el_after_av_textblock  el_before_av_section  avia-builder-el-last   avia-slide-slider '  itemprop=\"image\" itemscope=\"itemscope\" itemtype=\"https:\/\/schema.org\/ImageObject\" ><ul class='avia-slideshow-inner ' style='padding-bottom: 41.9921875%;' ><li  class=' slide-1 ' ><div data-rel='slideshow-3' class='avia-slide-wrap '   ><img decoding=\"async\" class=\"wp-image-13350 avia-img-lazy-loading-not-13350\"  src=\"https:\/\/scandinavianvillage.net\/wp-content\/uploads\/2025\/10\/5523864_42-328-16_photo_web-1024x430.jpg\" width=\"1024\" height=\"430\" title='5523864_42-328-16_photo_web' alt=''  itemprop=\"thumbnailUrl\"   \/><\/div><\/li><li  class=' slide-2 ' ><div data-rel='slideshow-3' class='avia-slide-wrap '   ><img decoding=\"async\" class=\"wp-image-13354 avia-img-lazy-loading-not-13354\"  src=\"https:\/\/scandinavianvillage.net\/wp-content\/uploads\/2025\/10\/5523864_51-328-16_photo_web-1024x430.jpg\" width=\"1024\" height=\"430\" title='5523864_51-328-16_photo_web' alt=''  itemprop=\"thumbnailUrl\"   \/><\/div><\/li><li  class=' slide-3 ' ><div data-rel='slideshow-3' class='avia-slide-wrap '   ><img decoding=\"async\" class=\"wp-image-13358 avia-img-lazy-loading-not-13358\"  src=\"https:\/\/scandinavianvillage.net\/wp-content\/uploads\/2025\/10\/SG-Putting-1-1920x430.jpeg\" width=\"1920\" height=\"430\" title='SG Putting (1)' alt=''  itemprop=\"thumbnailUrl\"   \/><\/div><\/li><\/ul><div class='avia-slideshow-arrows avia-slideshow-controls'><a href='#prev' class='prev-slide' aria-hidden='true' data-av_icon='\ue87c' data-av_iconfont='entypo-fontello'>Forrige<\/a><a href='#next' class='next-slide' aria-hidden='true' data-av_icon='\ue87d' data-av_iconfont='entypo-fontello'>N&#230;ste<\/a><\/div><div class='avia-slideshow-dots avia-slideshow-controls'><a href='#1' class='goto-slide active' >1<\/a><a href='#2' class='goto-slide ' >2<\/a><a href='#3' class='goto-slide ' >3<\/a><\/div><\/div>\n<\/div><\/div><\/div><!-- close content main div --><\/div><\/div><div id='av_section_2'  class='avia-section main_color avia-section-default avia-no-border-styling  avia-bg-style-scroll  avia-builder-el-11  el_after_av_slideshow  el_before_av_hr  kontakt_form_sec  container_wrap fullsize' style='background-color: #f7f7f7;  '  ><div class='container' ><div class='template-page content  av-content-full alpha units'><div class='post-entry post-entry-type-page post-entry-6968'><div class='entry-content-wrapper clearfix'>\n<div class=\"flex_column av_one_full  flex_column_div av-zero-column-padding first  avia-builder-el-12  el_before_av_codeblock  avia-builder-el-first  \" style='border-radius:0px; '><div  style='padding-bottom:10px; ' class='av-special-heading av-special-heading-h3  blockquote modern-quote modern-centered  avia-builder-el-13  avia-builder-el-no-sibling  '><h3 class='av-special-heading-tag '  itemprop=\"headline\"  >KONTAKT OS<\/h3><div class='special-heading-border'><div class='special-heading-inner-border' ><\/div><\/div><\/div><\/div>\n<\/div><\/div><\/div><!-- close content main div --><\/div><\/div><div id='after_section_2'  class='main_color av_default_container_wrap container_wrap fullsize' style=' '  ><div class='container' ><div class='template-page content  av-content-full alpha units'><div class='post-entry post-entry-type-page post-entry-6968'><div class='entry-content-wrapper clearfix'>\n<div   class='hr hr-default   avia-builder-el-15  el_after_av_section  el_before_av_textblock  avia-builder-el-first '><span class='hr-inner ' ><span class='hr-inner-style'><\/span><\/span><\/div>\n<section class=\"av_textblock_section \"  itemscope=\"itemscope\" itemtype=\"https:\/\/schema.org\/CreativeWork\" ><div class='avia_textblock  '   itemprop=\"text\" ><p>Click here to add your own text<\/p>\n<\/div><\/section>\n","protected":false},"excerpt":{"rendered":"","protected":false},"author":2,"featured_media":5296,"parent":0,"menu_order":0,"comment_status":"closed","ping_status":"closed","template":"","meta":{"_acf_changed":false,"footnotes":""},"class_list":["post-6968","page","type-page","status-publish","has-post-thumbnail","hentry"],"acf":[],"_links":{"self":[{"href":"https:\/\/scandinavianvillage.net\/da\/wp-json\/wp\/v2\/pages\/6968","targetHints":{"allow":["GET"]}}],"collection":[{"href":"https:\/\/scandinavianvillage.net\/da\/wp-json\/wp\/v2\/pages"}],"about":[{"href":"https:\/\/scandinavianvillage.net\/da\/wp-json\/wp\/v2\/types\/page"}],"author":[{"embeddable":true,"href":"https:\/\/scandinavianvillage.net\/da\/wp-json\/wp\/v2\/users\/2"}],"replies":[{"embeddable":true,"href":"https:\/\/scandinavianvillage.net\/da\/wp-json\/wp\/v2\/comments?post=6968"}],"version-history":[{"count":8,"href":"https:\/\/scandinavianvillage.net\/da\/wp-json\/wp\/v2\/pages\/6968\/revisions"}],"predecessor-version":[{"id":13367,"href":"https:\/\/scandinavianvillage.net\/da\/wp-json\/wp\/v2\/pages\/6968\/revisions\/13367"}],"wp:featuredmedia":[{"embeddable":true,"href":"https:\/\/scandinavianvillage.net\/da\/wp-json\/wp\/v2\/media\/5296"}],"wp:attachment":[{"href":"https:\/\/scandinavianvillage.net\/da\/wp-json\/wp\/v2\/media?parent=6968"}],"curies":[{"name":"wp","href":"https:\/\/api.w.org\/{rel}","templated":true}]}}