{"id":6983,"date":"2023-06-06T13:37:52","date_gmt":"2023-06-06T11:37:52","guid":{"rendered":"https:\/\/scandinavianvillage.net\/nagot-for-alla\/"},"modified":"2026-01-28T15:11:43","modified_gmt":"2026-01-28T14:11:43","slug":"noget-for-alle","status":"publish","type":"page","link":"https:\/\/scandinavianvillage.net\/da\/noget-for-alle\/","title":{"rendered":"Aktiviteter"},"content":{"rendered":"<div id='full_slider_1'  class='avia-fullwidth-slider main_color avia-shadow  av-small-hide av-mini-hide  avia-builder-el-0  el_before_av_slideshow_full  avia-builder-el-first   container_wrap fullsize' style=' '  ><div   data-size='featured_large'  data-lightbox_size='large'  data-animation='slide'  data-conditional_play=''  data-ids='1954'  data-video_counter='0'  data-autoplay='false'  data-bg_slider='false'  data-slide_height=''  data-handle='av_slideshow_full'  data-interval='5'  data-class=' '  data-el_id=''  data-css_id=''  data-scroll_down=''  data-control_layout='av-control-default'  data-custom_markup=''  data-perma_caption=''  data-autoplay_stopper=''  data-image_attachment=''  data-min_height=''  data-lazy_loading='disabled'  data-src=''  data-position='top left'  data-repeat='no-repeat'  data-attach='scroll'  data-stretch=''  data-default-height='32.8125'  class='avia-slideshow avia-slideshow-1  av-control-default av-default-height-applied avia-slideshow-featured_large av_slideshow_full   avia-slide-slider '  itemprop=\"image\" itemscope=\"itemscope\" itemtype=\"https:\/\/schema.org\/ImageObject\" ><ul class='avia-slideshow-inner ' style='padding-bottom: 32.8125%;' ><li  class=' av-single-slide slide-1 ' ><div data-rel='slideshow-1' class='avia-slide-wrap '   ><img decoding=\"async\" class=\"wp-image-5374 avia-img-lazy-loading-not-5374\"  src=\"https:\/\/scandinavianvillage.net\/wp-content\/uploads\/2023\/06\/image-17-1920x630.jpg\" width=\"1920\" height=\"630\" title='image (17)' alt=''  itemprop=\"thumbnailUrl\"   \/><\/div><\/li><\/ul><\/div><\/div>\n<div id='full_slider_2'  class='avia-fullwidth-slider main_color avia-shadow  av-desktop-hide av-medium-hide  avia-builder-el-1  el_after_av_slideshow_full  el_before_av_section   slider-not-first container_wrap fullsize' style=' '  ><div   data-size='large'  data-lightbox_size='large'  data-animation='slide'  data-conditional_play=''  data-ids='1954'  data-video_counter='0'  data-autoplay='false'  data-bg_slider='false'  data-slide_height=''  data-handle='av_slideshow_full'  data-interval='5'  data-class=' '  data-el_id=''  data-css_id=''  data-scroll_down=''  data-control_layout='av-control-default'  data-custom_markup=''  data-perma_caption=''  data-autoplay_stopper=''  data-image_attachment=''  data-min_height='300px'  data-lazy_loading='disabled'  data-src=''  data-position='top left'  data-repeat='no-repeat'  data-attach='scroll'  data-stretch=''  class='avia-slideshow avia-slideshow-2  av-control-default av-default-height-applied avia-slideshow-large av_slideshow_full   avia-slide-slider '  itemprop=\"image\" itemscope=\"itemscope\" itemtype=\"https:\/\/schema.org\/ImageObject\" ><ul class='avia-slideshow-inner ' style='padding-bottom: 75.04854368932%;' ><li  class=' av-single-slide slide-1 ' ><div data-rel='slideshow-2' class='avia-slide-wrap '   ><img decoding=\"async\" class=\"wp-image-5374 avia-img-lazy-loading-not-5374\"  src=\"https:\/\/scandinavianvillage.net\/wp-content\/uploads\/2023\/06\/image-17-1030x773.jpg\" width=\"1030\" height=\"773\" title='image (17)' alt=''  itemprop=\"thumbnailUrl\"  style='min-height:300px; min-width:400px; ' srcset=\"https:\/\/scandinavianvillage.net\/wp-content\/uploads\/2023\/06\/image-17-1030x773.jpg 1030w, https:\/\/scandinavianvillage.net\/wp-content\/uploads\/2023\/06\/image-17-300x225.jpg 300w, https:\/\/scandinavianvillage.net\/wp-content\/uploads\/2023\/06\/image-17-768x576.jpg 768w, https:\/\/scandinavianvillage.net\/wp-content\/uploads\/2023\/06\/image-17-1536x1152.jpg 1536w, https:\/\/scandinavianvillage.net\/wp-content\/uploads\/2023\/06\/image-17-2048x1536.jpg 2048w, https:\/\/scandinavianvillage.net\/wp-content\/uploads\/2023\/06\/image-17-1920x1440.jpg 1920w, https:\/\/scandinavianvillage.net\/wp-content\/uploads\/2023\/06\/image-17-705x529.jpg 705w\" sizes=\"(max-width: 1030px) 100vw, 1030px\" \/><\/div><\/li><\/ul><\/div><\/div>\n<div id='av_section_1'  class='avia-section main_color avia-section-default avia-no-border-styling  avia-bg-style-scroll  avia-builder-el-2  el_after_av_slideshow_full  el_before_av_section   container_wrap fullsize' style=' '  ><div class='container' ><div class='template-page content  av-content-full alpha units'><div class='post-entry post-entry-type-page post-entry-6983'><div class='entry-content-wrapper clearfix'>\n<div class=\"flex_column av_one_full  flex_column_div av-zero-column-padding first  avia-builder-el-3  el_before_av_one_half  avia-builder-el-first  \" style='border-radius:0px; '><div  style='padding-bottom:10px; margin:0px 0px 0px 0px; ' class='av-special-heading av-special-heading-h1  blockquote modern-quote modern-centered  avia-builder-el-4  avia-builder-el-no-sibling  '><h1 class='av-special-heading-tag '  itemprop=\"headline\"  >AKTIVITETER P\u00c5 SCANDINAVIAN VILLAGE<\/h1><div class='special-heading-border'><div class='special-heading-inner-border' ><\/div><\/div><\/div><\/div><div class=\"flex_column av_one_half  flex_column_div av-zero-column-padding first  avia-builder-el-5  el_after_av_one_full  el_before_av_one_half  column-top-margin\" style='border-radius:0px; '><section class=\"av_textblock_section \"  itemscope=\"itemscope\" itemtype=\"https:\/\/schema.org\/CreativeWork\" ><div class='avia_textblock  '   itemprop=\"text\" ><p style=\"text-align: left;\"><strong>Scandinavian Village<\/strong> er blandt andet kendt for sin fantastiske, 125 meter lange pool, der snor sig gennem hele omr\u00e5det og er smukt oplyst om aftenen. Omkring poolen er der liggestole og parasoller og for dem, der \u00f8nsker skygge, er der m\u00f8blerede lysthuse at slappe af i. Ved siden af poolen ligger poolbaren, hvor frokosten serveres. Palmerne svajer og bougainvilleaen blomstrer i hvidt, pink og cerise.<\/p>\n<p style=\"text-align: left;\">Hver m\u00e5ned byder p\u00e5 en r\u00e6kke forskellige udflugter, alt fra bes\u00f8g i madbutikker, markeder og golf.<\/p>\n<\/div><\/section><\/div><div class=\"flex_column av_one_half  flex_column_div av-zero-column-padding   avia-builder-el-7  el_after_av_one_half  avia-builder-el-last  column-top-margin\" style='border-radius:0px; '><div  class='avia-video avia-video-16-9 avia-video-html5  ' style='background-image:url(\"https:\/\/scandinavianvillage.net\/wp-content\/uploads\/2023\/06\/73c4ccf5-9fd7-4eb6-ac92-f652613a7bcc.jpeg\");'  itemprop=\"video\" itemtype=\"https:\/\/schema.org\/VideoObject\"  data-original_url='https:\/\/scandinavianvillage.net\/wp-content\/uploads\/2025\/01\/Sequence-01_Aktiviteter.mp4' ><video class='avia_video' poster=\"https:\/\/scandinavianvillage.net\/wp-content\/uploads\/2023\/06\/73c4ccf5-9fd7-4eb6-ac92-f652613a7bcc.jpeg\"   preload=\"auto\"  controls id='player_6983_922124621_474439216'><source src=\"https:\/\/scandinavianvillage.net\/wp-content\/uploads\/2025\/01\/Sequence-01_Aktiviteter.mp4\" type=\"video\/mp4\" \/><\/video><\/div><\/div>\n\n<\/div><\/div><\/div><!-- close content main div --><\/div><\/div><div id='av_section_2'  class='avia-section main_color avia-section-default avia-no-border-styling  avia-bg-style-scroll  avia-builder-el-9  el_after_av_section  el_before_av_one_half   container_wrap fullsize' style='background-color: #f7f7f7;  '  ><div class='container' ><div class='template-page content  av-content-full alpha units'><div class='post-entry post-entry-type-page post-entry-6983'><div class='entry-content-wrapper clearfix'>\n<div class=\"flex_column av_one_half  flex_column_div av-zero-column-padding first  avia-builder-el-10  el_before_av_one_half  avia-builder-el-first  \" style='border-radius:0px; '><div   data-size='no scaling'  data-lightbox_size='large'  data-animation='slide'  data-conditional_play=''  data-ids='0'  data-video_counter='1'  data-autoplay='false'  data-bg_slider='false'  data-slide_height=''  data-handle='av_slideshow'  data-interval='5'  data-class=' avia-builder-el-11  avia-builder-el-no-sibling  nagot-for-alla-video '  data-el_id=''  data-css_id=''  data-scroll_down=''  data-control_layout='av-control-default'  data-custom_markup=''  data-perma_caption=''  data-autoplay_stopper=''  data-image_attachment=''  data-min_height='0px'  data-lazy_loading='disabled'  class='avia-slideshow avia-slideshow-3  av-control-default avia-slideshow-no scaling av_slideshow  avia-builder-el-11  avia-builder-el-no-sibling  nagot-for-alla-video  avia-slide-slider '  itemprop=\"image\" itemscope=\"itemscope\" itemtype=\"https:\/\/schema.org\/ImageObject\" ><ul class='avia-slideshow-inner '  ><li  data-controls='aviaTBaviaTBvideo_controls' data-mute='' data-loop='aviaTBaviaTBvideo_loop' data-disable-autoplay='aviaTBaviaTBvideo_autoplay'  data-video-ratio='1.7777777777778' class=' av-video-slide  av-video-service-html5  av-hide-video-controls av-loop-video av-mobile-fallback-image av-single-slide slide-1 ' ><div data-rel='slideshow-3' class='avia-slide-wrap '   ><div class=\"avia-caption av-slideshow-caption\"><div class=\"avia-inner-caption\"><div class='avia-caption-content  '  itemprop=\"description\"  ><p><video id=\"vid\" autoplay=\"autoplay\" loop=\"loop\" muted=\"\" width=\"300\" height=\"150\"><source src=\"https:\/\/scandinavianvillage.net\/wp-content\/uploads\/2023\/06\/Sequence_ljus.mp4\" \/><\/video><\/p>\n<\/div><\/div><\/div><div class='av-click-overlay'><\/div><video class='avia_video'   loop preload=\"metadata\"   id='player_6983_1586534701_2132635101'><source src=\"https:\/\/scandinavianvillage.net\/wp-content\/uploads\/2023\/06\/Sequence_ljus.mp4\" type=\"video\/mp4\" \/><\/video><div class='av-click-to-play-overlay'><div class=\"avia_playpause_icon\"><\/div><\/div><\/div><\/li><\/ul><\/div><\/div><div class=\"flex_column av_one_half  flex_column_div av-zero-column-padding   avia-builder-el-12  el_after_av_one_half  avia-builder-el-last  \" style='border-radius:0px; '><section class=\"av_textblock_section \"  itemscope=\"itemscope\" itemtype=\"https:\/\/schema.org\/CreativeWork\" ><div class='avia_textblock  '   itemprop=\"text\" ><p style=\"text-align: left;\">Fuldt udstyret fitnesscenter er klar til at du kan tr\u00e6ne i, der er ogs\u00e5 lederstyrede sessioner s\u00e5som cardio.<\/p>\n<ul>\n<li>Vandgymnastik<\/li>\n<li>To oplyste hardcourt tennisbaner<\/li>\n<li>Putting green for dem, der gerne vil \u00f8ve sig lidt ekstra<\/li>\n<li>Boule &amp; dart<\/li>\n<li>Cykling<\/li>\n<li>Bro<\/li>\n<li>Vores spa tilbyder massage<\/li>\n<li>En sygeplejerske er p\u00e5 stedet<\/li>\n<\/ul>\n<\/div><\/section><\/div>\n<\/div><\/div><\/div><!-- close content main div --><\/div><\/div><div id='after_section_2'  class='main_color av_default_container_wrap container_wrap fullsize' style=' '  ><div class='container' ><div class='template-page content  av-content-full alpha units'><div class='post-entry post-entry-type-page post-entry-6983'><div class='entry-content-wrapper clearfix'>\n<div class=\"flex_column av_one_half  flex_column_div av-zero-column-padding first  avia-builder-el-14  el_after_av_section  el_before_av_one_half  avia-builder-el-first  \" style='border-radius:0px; '><section class=\"av_textblock_section \"  itemscope=\"itemscope\" itemtype=\"https:\/\/schema.org\/CreativeWork\" ><div class='avia_textblock  '   itemprop=\"text\" ><h2><strong data-start=\"62\" data-end=\"94\">Golf p\u00e5 Scandinavian Village<\/strong><\/h2>\n<p>I vores n\u00e6rhed findes mange dejlige baner for enhver smag.<br data-start=\"155\" data-end=\"158\" \/>Golf er stort i Thailand \u2013 og p\u00e5 Scandinavian Village.<\/p>\n<\/div><\/section><\/div>\n<div class=\"flex_column av_one_half  flex_column_div av-zero-column-padding   avia-builder-el-16  el_after_av_one_half  el_before_av_hr  \" style='border-radius:0px; '><p><div   data-size='featured'  data-lightbox_size='large'  data-animation='slide'  data-conditional_play=''  data-ids='13358'  data-video_counter='0'  data-autoplay='false'  data-bg_slider='false'  data-slide_height=''  data-handle='av_slideshow'  data-interval='5'  data-class=' avia-builder-el-17  el_before_av_textblock  avia-builder-el-first  '  data-el_id=''  data-css_id=''  data-scroll_down=''  data-control_layout='av-control-default'  data-custom_markup=''  data-perma_caption=''  data-autoplay_stopper=''  data-image_attachment=''  data-min_height='0px'  data-lazy_loading='disabled'  data-default-height='22.395833333333'  class='avia-slideshow avia-slideshow-4  av-control-default av-default-height-applied avia-slideshow-featured av_slideshow  avia-builder-el-17  el_before_av_textblock  avia-builder-el-first   avia-slide-slider '  itemprop=\"image\" itemscope=\"itemscope\" itemtype=\"https:\/\/schema.org\/ImageObject\" ><ul class='avia-slideshow-inner ' style='padding-bottom: 22.395833333333%;' ><li  class=' av-single-slide slide-1 ' ><div data-rel='slideshow-4' class='avia-slide-wrap '   ><img decoding=\"async\" class=\"wp-image-13358 avia-img-lazy-loading-not-13358\"  src=\"https:\/\/scandinavianvillage.net\/wp-content\/uploads\/2025\/10\/SG-Putting-1-1920x430.jpeg\" width=\"1920\" height=\"430\" title='SG Putting (1)' alt=''  itemprop=\"thumbnailUrl\"   \/><\/div><\/li><\/ul><\/div><br \/>\n<section class=\"av_textblock_section \"  itemscope=\"itemscope\" itemtype=\"https:\/\/schema.org\/CreativeWork\" ><div class='avia_textblock  '   itemprop=\"text\" ><p>L\u00e6s mere om golf her: <a href=\"https:\/\/scandinavianvillage.net\/da\/golf\/\">https:\/\/scandinavianvillage.net\/da\/golf\/<\/a><\/p>\n<\/div><\/section><\/p><\/div>\n<div   class='hr hr-default   avia-builder-el-19  el_after_av_one_half  el_before_av_textblock '><span class='hr-inner ' ><span class='hr-inner-style'><\/span><\/span><\/div>\n<section class=\"av_textblock_section \"  itemscope=\"itemscope\" itemtype=\"https:\/\/schema.org\/CreativeWork\" ><div class='avia_textblock  '   itemprop=\"text\" ><h2 style=\"text-align: center;\">Artikler<\/h2>\n<\/div><\/section>\n<div   data-autoplay=''  data-interval='5'  data-animation='fade'  data-show_slide_delay='90'  class='avia-content-slider avia-content-grid-active avia-content-slider1 avia-content-slider-odd  avia-builder-el-21  el_after_av_textblock  avia-builder-el-last  '  itemscope=\"itemscope\" itemtype=\"https:\/\/schema.org\/Blog\" ><div class='avia-content-slider-inner'><div class='slide-entry-wrap'><article class='slide-entry flex_column  post-entry post-entry-15436 slide-entry-overview slide-loop-1 slide-parity-odd  av_one_third first real-thumbnail post-format-standard'  itemscope=\"itemscope\" itemtype=\"https:\/\/schema.org\/CreativeWork\" ><a href='https:\/\/scandinavianvillage.net\/da\/aktiv-livsstil-i-solen-traening-gaature-og-sundhed-for-seniorer-i-thailand\/' data-rel='slide-1' class='slide-image' title='Aktiv livsstil i solen \u2013 tr\u00e6ning, g\u00e5ture og sundhed for seniorer i Thailand'><img decoding=\"async\" width=\"495\" height=\"400\" src=\"https:\/\/scandinavianvillage.net\/wp-content\/uploads\/2023\/12\/SV-Penthouse-031-web-495x400.jpg\" class=\"wp-image-7616 avia-img-lazy-loading-not-7616 attachment-portfolio size-portfolio wp-post-image\" alt=\"\" srcset=\"https:\/\/scandinavianvillage.net\/wp-content\/uploads\/2023\/12\/SV-Penthouse-031-web-495x400.jpg 495w, https:\/\/scandinavianvillage.net\/wp-content\/uploads\/2023\/12\/SV-Penthouse-031-web-845x684.jpg 845w\" sizes=\"(max-width: 495px) 100vw, 495px\" \/><\/a><div class='slide-content'><header class=\"entry-content-header\"><h3 class='slide-entry-title entry-title '  itemprop=\"headline\" ><a href='https:\/\/scandinavianvillage.net\/da\/aktiv-livsstil-i-solen-traening-gaature-og-sundhed-for-seniorer-i-thailand\/' title='Aktiv livsstil i solen \u2013 tr\u00e6ning, g\u00e5ture og sundhed for seniorer i Thailand'>Aktiv livsstil i solen \u2013 tr\u00e6ning, g\u00e5ture og sundhed for seniorer i Thailand<\/a><\/h3><span class=\"av-vertical-delimiter\"><\/span><\/header><div class='slide-meta'><div class='slide-meta-comments'><a href='https:\/\/scandinavianvillage.net\/da\/aktiv-livsstil-i-solen-traening-gaature-og-sundhed-for-seniorer-i-thailand\/#respond'>0 Kommentarer<\/a><\/div><div class='slide-meta-del'>\/<\/div><time class='slide-meta-time updated'  itemprop=\"datePublished\" datetime=\"2026-01-28T16:07:11+01:00\" >28. januar 2026<\/time><\/div><div class='slide-entry-excerpt entry-content'  itemprop=\"text\" >\r\n\r\n<\/div><\/div><footer class=\"entry-footer\"><\/footer><span class='hidden'>\n\t\t\t\t<span class='av-structured-data'  itemprop=\"image\" itemscope=\"itemscope\" itemtype=\"https:\/\/schema.org\/ImageObject\" >\n\t\t\t\t\t\t<span itemprop='url'>https:\/\/scandinavianvillage.net\/wp-content\/uploads\/2023\/12\/SV-Penthouse-031-web.jpg<\/span>\n\t\t\t\t\t\t<span itemprop='height'>1283<\/span>\n\t\t\t\t\t\t<span itemprop='width'>1920<\/span>\n\t\t\t\t<\/span>\n\t\t\t\t<span class='av-structured-data'  itemprop=\"publisher\" itemtype=\"https:\/\/schema.org\/Organization\" itemscope=\"itemscope\" >\n\t\t\t\t\t\t<span itemprop='name'>Christian<\/span>\n\t\t\t\t\t\t<span itemprop='logo' itemscope itemtype='https:\/\/schema.org\/ImageObject'>\n\t\t\t\t\t\t\t<span itemprop='url'>https:\/\/scandinavianvillage.net\/wp-content\/uploads\/2023\/06\/ska-logo.png<\/span>\n\t\t\t\t\t\t <\/span>\n\t\t\t\t<\/span><span class='av-structured-data'  itemprop=\"author\" itemscope=\"itemscope\" itemtype=\"https:\/\/schema.org\/Person\" ><span itemprop='name'>Christian<\/span><\/span><span class='av-structured-data'  itemprop=\"datePublished\" datetime=\"2023-06-06T13:37:52+02:00\" >2026-01-28 16:07:11<\/span><span class='av-structured-data'  itemprop=\"dateModified\" itemtype=\"https:\/\/schema.org\/dateModified\" >2026-01-28 16:07:11<\/span><span class='av-structured-data'  itemprop=\"mainEntityOfPage\" itemtype=\"https:\/\/schema.org\/mainEntityOfPage\" ><span itemprop='name'>Aktiv livsstil i solen \u2013 tr\u00e6ning, g\u00e5ture og sundhed for seniorer i Thailand<\/span><\/span><\/span><\/article><article class='slide-entry flex_column  post-entry post-entry-15423 slide-entry-overview slide-loop-2 slide-parity-even  av_one_third  real-thumbnail post-format-standard'  itemscope=\"itemscope\" itemtype=\"https:\/\/schema.org\/CreativeWork\" ><a href='https:\/\/scandinavianvillage.net\/da\/kultur-og-traditioner-saadan-fejres-hoejtider-i-thailand-og-hvordan-skandinaver-deltager\/' data-rel='slide-1' class='slide-image' title='Kultur og traditioner \u2013 s\u00e5dan fejres h\u00f8jtider i Thailand, og hvordan skandinaver deltager'><img decoding=\"async\" width=\"495\" height=\"400\" src=\"https:\/\/scandinavianvillage.net\/wp-content\/uploads\/2023\/07\/IMG_0164-1-495x400.jpg\" class=\"wp-image-4553 avia-img-lazy-loading-not-4553 attachment-portfolio size-portfolio wp-post-image\" alt=\"\" srcset=\"https:\/\/scandinavianvillage.net\/wp-content\/uploads\/2023\/07\/IMG_0164-1-495x400.jpg 495w, https:\/\/scandinavianvillage.net\/wp-content\/uploads\/2023\/07\/IMG_0164-1-845x684.jpg 845w\" sizes=\"(max-width: 495px) 100vw, 495px\" \/><\/a><div class='slide-content'><header class=\"entry-content-header\"><h3 class='slide-entry-title entry-title '  itemprop=\"headline\" ><a href='https:\/\/scandinavianvillage.net\/da\/kultur-og-traditioner-saadan-fejres-hoejtider-i-thailand-og-hvordan-skandinaver-deltager\/' title='Kultur og traditioner \u2013 s\u00e5dan fejres h\u00f8jtider i Thailand, og hvordan skandinaver deltager'>Kultur og traditioner \u2013 s\u00e5dan fejres h\u00f8jtider i Thailand, og hvordan skandinaver deltager<\/a><\/h3><span class=\"av-vertical-delimiter\"><\/span><\/header><div class='slide-meta'><div class='slide-meta-comments'><a href='https:\/\/scandinavianvillage.net\/da\/kultur-og-traditioner-saadan-fejres-hoejtider-i-thailand-og-hvordan-skandinaver-deltager\/#respond'>0 Kommentarer<\/a><\/div><div class='slide-meta-del'>\/<\/div><time class='slide-meta-time updated'  itemprop=\"datePublished\" datetime=\"2026-01-28T15:40:19+01:00\" >28. januar 2026<\/time><\/div><div class='slide-entry-excerpt entry-content'  itemprop=\"text\" >\r\n\r\n<\/div><\/div><footer class=\"entry-footer\"><\/footer><span class='hidden'>\n\t\t\t\t<span class='av-structured-data'  itemprop=\"image\" itemscope=\"itemscope\" itemtype=\"https:\/\/schema.org\/ImageObject\" >\n\t\t\t\t\t\t<span itemprop='url'>https:\/\/scandinavianvillage.net\/wp-content\/uploads\/2023\/07\/IMG_0164-1-scaled.jpg<\/span>\n\t\t\t\t\t\t<span itemprop='height'>1920<\/span>\n\t\t\t\t\t\t<span itemprop='width'>2560<\/span>\n\t\t\t\t<\/span>\n\t\t\t\t<span class='av-structured-data'  itemprop=\"publisher\" itemtype=\"https:\/\/schema.org\/Organization\" itemscope=\"itemscope\" >\n\t\t\t\t\t\t<span itemprop='name'>Christian<\/span>\n\t\t\t\t\t\t<span itemprop='logo' itemscope itemtype='https:\/\/schema.org\/ImageObject'>\n\t\t\t\t\t\t\t<span itemprop='url'>https:\/\/scandinavianvillage.net\/wp-content\/uploads\/2023\/06\/ska-logo.png<\/span>\n\t\t\t\t\t\t <\/span>\n\t\t\t\t<\/span><span class='av-structured-data'  itemprop=\"author\" itemscope=\"itemscope\" itemtype=\"https:\/\/schema.org\/Person\" ><span itemprop='name'>Christian<\/span><\/span><span class='av-structured-data'  itemprop=\"datePublished\" datetime=\"2023-06-06T13:37:52+02:00\" >2026-01-28 15:40:19<\/span><span class='av-structured-data'  itemprop=\"dateModified\" itemtype=\"https:\/\/schema.org\/dateModified\" >2026-01-28 16:07:31<\/span><span class='av-structured-data'  itemprop=\"mainEntityOfPage\" itemtype=\"https:\/\/schema.org\/mainEntityOfPage\" ><span itemprop='name'>Kultur og traditioner \u2013 s\u00e5dan fejres h\u00f8jtider i Thailand, og hvordan skandinaver deltager<\/span><\/span><\/span><\/article><article class='slide-entry flex_column  post-entry post-entry-15369 slide-entry-overview slide-loop-3 slide-parity-odd  post-entry-last  av_one_third  real-thumbnail post-format-standard'  itemscope=\"itemscope\" itemtype=\"https:\/\/schema.org\/CreativeWork\" ><a href='https:\/\/scandinavianvillage.net\/da\/de-bedste-golfbaner-naer-bang-saen-komplet-guide-for-skandinaviske-pensionister\/' data-rel='slide-1' class='slide-image' title='De bedste golfbaner n\u00e6r Bang Saen \u2013 komplet guide for skandinaviske pensionister'><img decoding=\"async\" width=\"495\" height=\"400\" src=\"https:\/\/scandinavianvillage.net\/wp-content\/uploads\/2026\/01\/golfpar-495x400.png\" class=\"wp-image-15354 avia-img-lazy-loading-not-15354 attachment-portfolio size-portfolio wp-post-image\" alt=\"\" srcset=\"https:\/\/scandinavianvillage.net\/wp-content\/uploads\/2026\/01\/golfpar-495x400.png 495w, https:\/\/scandinavianvillage.net\/wp-content\/uploads\/2026\/01\/golfpar-845x684.png 845w\" sizes=\"(max-width: 495px) 100vw, 495px\" \/><\/a><div class='slide-content'><header class=\"entry-content-header\"><h3 class='slide-entry-title entry-title '  itemprop=\"headline\" ><a href='https:\/\/scandinavianvillage.net\/da\/de-bedste-golfbaner-naer-bang-saen-komplet-guide-for-skandinaviske-pensionister\/' title='De bedste golfbaner n\u00e6r Bang Saen \u2013 komplet guide for skandinaviske pensionister'>De bedste golfbaner n\u00e6r Bang Saen \u2013 komplet guide for skandinaviske pensionister<\/a><\/h3><span class=\"av-vertical-delimiter\"><\/span><\/header><div class='slide-meta'><div class='slide-meta-comments'><a href='https:\/\/scandinavianvillage.net\/da\/de-bedste-golfbaner-naer-bang-saen-komplet-guide-for-skandinaviske-pensionister\/#respond'>0 Kommentarer<\/a><\/div><div class='slide-meta-del'>\/<\/div><time class='slide-meta-time updated'  itemprop=\"datePublished\" datetime=\"2026-01-28T15:01:36+01:00\" >28. januar 2026<\/time><\/div><div class='slide-entry-excerpt entry-content'  itemprop=\"text\" >\r\n\r\n<\/div><\/div><footer class=\"entry-footer\"><\/footer><span class='hidden'>\n\t\t\t\t<span class='av-structured-data'  itemprop=\"image\" itemscope=\"itemscope\" itemtype=\"https:\/\/schema.org\/ImageObject\" >\n\t\t\t\t\t\t<span itemprop='url'>https:\/\/scandinavianvillage.net\/wp-content\/uploads\/2026\/01\/golfpar.png<\/span>\n\t\t\t\t\t\t<span itemprop='height'>1024<\/span>\n\t\t\t\t\t\t<span itemprop='width'>1536<\/span>\n\t\t\t\t<\/span>\n\t\t\t\t<span class='av-structured-data'  itemprop=\"publisher\" itemtype=\"https:\/\/schema.org\/Organization\" itemscope=\"itemscope\" >\n\t\t\t\t\t\t<span itemprop='name'>Christian<\/span>\n\t\t\t\t\t\t<span itemprop='logo' itemscope itemtype='https:\/\/schema.org\/ImageObject'>\n\t\t\t\t\t\t\t<span itemprop='url'>https:\/\/scandinavianvillage.net\/wp-content\/uploads\/2023\/06\/ska-logo.png<\/span>\n\t\t\t\t\t\t <\/span>\n\t\t\t\t<\/span><span class='av-structured-data'  itemprop=\"author\" itemscope=\"itemscope\" itemtype=\"https:\/\/schema.org\/Person\" ><span itemprop='name'>Christian<\/span><\/span><span class='av-structured-data'  itemprop=\"datePublished\" datetime=\"2023-06-06T13:37:52+02:00\" >2026-01-28 15:01:36<\/span><span class='av-structured-data'  itemprop=\"dateModified\" itemtype=\"https:\/\/schema.org\/dateModified\" >2026-01-28 15:01:36<\/span><span class='av-structured-data'  itemprop=\"mainEntityOfPage\" itemtype=\"https:\/\/schema.org\/mainEntityOfPage\" ><span itemprop='name'>De bedste golfbaner n\u00e6r Bang Saen \u2013 komplet guide for skandinaviske pensionister<\/span><\/span><\/span><\/article><\/div><\/div><\/div>\n","protected":false},"excerpt":{"rendered":"","protected":false},"author":2,"featured_media":5374,"parent":0,"menu_order":0,"comment_status":"closed","ping_status":"closed","template":"","meta":{"_acf_changed":false,"footnotes":""},"class_list":["post-6983","page","type-page","status-publish","has-post-thumbnail","hentry"],"acf":[],"_links":{"self":[{"href":"https:\/\/scandinavianvillage.net\/da\/wp-json\/wp\/v2\/pages\/6983","targetHints":{"allow":["GET"]}}],"collection":[{"href":"https:\/\/scandinavianvillage.net\/da\/wp-json\/wp\/v2\/pages"}],"about":[{"href":"https:\/\/scandinavianvillage.net\/da\/wp-json\/wp\/v2\/types\/page"}],"author":[{"embeddable":true,"href":"https:\/\/scandinavianvillage.net\/da\/wp-json\/wp\/v2\/users\/2"}],"replies":[{"embeddable":true,"href":"https:\/\/scandinavianvillage.net\/da\/wp-json\/wp\/v2\/comments?post=6983"}],"version-history":[{"count":18,"href":"https:\/\/scandinavianvillage.net\/da\/wp-json\/wp\/v2\/pages\/6983\/revisions"}],"predecessor-version":[{"id":15408,"href":"https:\/\/scandinavianvillage.net\/da\/wp-json\/wp\/v2\/pages\/6983\/revisions\/15408"}],"wp:featuredmedia":[{"embeddable":true,"href":"https:\/\/scandinavianvillage.net\/da\/wp-json\/wp\/v2\/media\/5374"}],"wp:attachment":[{"href":"https:\/\/scandinavianvillage.net\/da\/wp-json\/wp\/v2\/media?parent=6983"}],"curies":[{"name":"wp","href":"https:\/\/api.w.org\/{rel}","templated":true}]}}