{"id":6995,"date":"2023-06-06T13:38:08","date_gmt":"2023-06-06T11:38:08","guid":{"rendered":"https:\/\/scandinavianvillage.net\/provboende-kop-agande\/"},"modified":"2025-08-31T17:14:15","modified_gmt":"2025-08-31T15:14:15","slug":"proev-os-koeb-ej","status":"publish","type":"page","link":"https:\/\/scandinavianvillage.net\/da\/proev-os-koeb-ej\/","title":{"rendered":"PR\u00d8V OS, K\u00d8B &#038; EJ"},"content":{"rendered":"<div id='full_slider_1'  class='avia-fullwidth-slider main_color avia-shadow  av-small-hide av-mini-hide  avia-builder-el-0  el_before_av_slideshow_full  avia-builder-el-first   container_wrap fullsize' style=' '  ><div   data-size='featured_large'  data-lightbox_size='large'  data-animation='slide'  data-conditional_play=''  data-ids='4825'  data-video_counter='0'  data-autoplay='false'  data-bg_slider='false'  data-slide_height=''  data-handle='av_slideshow_full'  data-interval='5'  data-class=' '  data-el_id=''  data-css_id=''  data-scroll_down=''  data-control_layout='av-control-default'  data-custom_markup=''  data-perma_caption=''  data-autoplay_stopper=''  data-image_attachment=''  data-min_height=''  data-lazy_loading='disabled'  data-src=''  data-position='top left'  data-repeat='no-repeat'  data-attach='scroll'  data-stretch=''  data-default-height='32.8125'  class='avia-slideshow avia-slideshow-1  av-control-default av-default-height-applied avia-slideshow-featured_large av_slideshow_full   avia-slide-slider '  itemprop=\"image\" itemscope=\"itemscope\" itemtype=\"https:\/\/schema.org\/ImageObject\" ><ul class='avia-slideshow-inner ' style='padding-bottom: 32.8125%;' ><li  class=' av-single-slide slide-1 ' ><div data-rel='slideshow-1' class='avia-slide-wrap '   ><img decoding=\"async\" class=\"wp-image-6711 avia-img-lazy-loading-not-6711\"  src=\"https:\/\/scandinavianvillage.net\/wp-content\/uploads\/2023\/11\/IMG_1821-1920x630.jpeg\" width=\"1920\" height=\"630\" title='IMG_1821' alt=''  itemprop=\"thumbnailUrl\"   \/><\/div><\/li><\/ul><\/div><\/div>\n<div id='full_slider_2'  class='avia-fullwidth-slider main_color avia-shadow  av-desktop-hide av-medium-hide  avia-builder-el-1  el_after_av_slideshow_full  el_before_av_section   slider-not-first container_wrap fullsize' style=' '  ><div   data-size='large'  data-lightbox_size='large'  data-animation='slide'  data-conditional_play=''  data-ids='4825'  data-video_counter='0'  data-autoplay='false'  data-bg_slider='false'  data-slide_height=''  data-handle='av_slideshow_full'  data-interval='5'  data-class=' '  data-el_id=''  data-css_id=''  data-scroll_down=''  data-control_layout='av-control-default'  data-custom_markup=''  data-perma_caption=''  data-autoplay_stopper=''  data-image_attachment=''  data-min_height='300px'  data-lazy_loading='disabled'  data-src=''  data-position='top left'  data-repeat='no-repeat'  data-attach='scroll'  data-stretch=''  class='avia-slideshow avia-slideshow-2  av-control-default av-default-height-applied avia-slideshow-large av_slideshow_full   avia-slide-slider '  itemprop=\"image\" itemscope=\"itemscope\" itemtype=\"https:\/\/schema.org\/ImageObject\" ><ul class='avia-slideshow-inner ' style='padding-bottom: 75.04854368932%;' ><li  class=' av-single-slide slide-1 ' ><div data-rel='slideshow-2' class='avia-slide-wrap '   ><img decoding=\"async\" class=\"wp-image-6711 avia-img-lazy-loading-not-6711\"  src=\"https:\/\/scandinavianvillage.net\/wp-content\/uploads\/2023\/11\/IMG_1821-1030x773.jpeg\" width=\"1030\" height=\"773\" title='IMG_1821' alt=''  itemprop=\"thumbnailUrl\"  style='min-height:300px; min-width:400px; ' srcset=\"https:\/\/scandinavianvillage.net\/wp-content\/uploads\/2023\/11\/IMG_1821-1030x773.jpeg 1030w, https:\/\/scandinavianvillage.net\/wp-content\/uploads\/2023\/11\/IMG_1821-300x225.jpeg 300w, https:\/\/scandinavianvillage.net\/wp-content\/uploads\/2023\/11\/IMG_1821-768x576.jpeg 768w, https:\/\/scandinavianvillage.net\/wp-content\/uploads\/2023\/11\/IMG_1821-1536x1152.jpeg 1536w, https:\/\/scandinavianvillage.net\/wp-content\/uploads\/2023\/11\/IMG_1821-2048x1536.jpeg 2048w, https:\/\/scandinavianvillage.net\/wp-content\/uploads\/2023\/11\/IMG_1821-1920x1440.jpeg 1920w, https:\/\/scandinavianvillage.net\/wp-content\/uploads\/2023\/11\/IMG_1821-705x529.jpeg 705w\" sizes=\"(max-width: 1030px) 100vw, 1030px\" \/><\/div><\/li><\/ul><\/div><\/div>\n<div id='av_section_1'  class='avia-section main_color avia-section-default avia-no-border-styling  avia-bg-style-scroll  avia-builder-el-2  el_after_av_slideshow_full  el_before_av_section   container_wrap fullsize' style=' '  ><div class='container' ><div class='template-page content  av-content-full alpha units'><div class='post-entry post-entry-type-page post-entry-6995'><div class='entry-content-wrapper clearfix'>\n<div class=\"flex_column av_one_full  flex_column_div av-zero-column-padding first  avia-builder-el-3  avia-builder-el-no-sibling  \" style='border-radius:0px; '><p><div  style='padding-bottom:10px; margin:0px 0px 0px 0px; ' class='av-special-heading av-special-heading-h1  blockquote modern-quote modern-centered  avia-builder-el-4  el_before_av_heading  avia-builder-el-first  '><h1 class='av-special-heading-tag '  itemprop=\"headline\"  >PR\u00d8V OS, K\u00d8B <span class='special_amp'>&amp;<\/span> EJ<\/h1><div class='special-heading-border'><div class='special-heading-inner-border' ><\/div><\/div><\/div><br \/>\n<div  style='padding-bottom:0px; margin:0px 0px 0px 0px; ' class='av-special-heading av-special-heading-h3  blockquote modern-quote modern-centered  avia-builder-el-5  el_after_av_heading  el_before_av_textblock  '><h3 class='av-special-heading-tag '  itemprop=\"headline\"  >PR\u00d8VE BO<\/h3><div class='special-heading-border'><div class='special-heading-inner-border' ><\/div><\/div><\/div><br \/>\n<section class=\"av_textblock_section \"  itemscope=\"itemscope\" itemtype=\"https:\/\/schema.org\/CreativeWork\" ><div class='avia_textblock  '   itemprop=\"text\" ><p style=\"text-align: center;\">En god m\u00e5de at opleve <strong>Scandinavian Village<\/strong> p\u00e5 er at pr\u00f8ve en lejlighed hos os. Ved at tilbringe et par uger her og deltage i alle de aktiviteter, der tilbydes, f\u00e5r du mulighed for at m\u00e6rke, om du har det godt hos os. Du er velkommen til at maile os p\u00e5 <a href=\"mailto:sales@scandinavianvillage.net\">sales@scandinavianvillage.net<\/a> og vi vil fort\u00e6lle dig mere.<\/p>\n<\/div><\/section><br \/>\n<div  style='padding-bottom:0px; margin:0px 0px 0px 0px; ' class='av-special-heading av-special-heading-h3  blockquote modern-quote modern-centered  avia-builder-el-7  el_after_av_textblock  el_before_av_textblock  '><h3 class='av-special-heading-tag '  itemprop=\"headline\"  >FIND DEN RIGTIGE LEJLIGHED I SCANDINAVIAN VILLAGE<\/h3><div class='special-heading-border'><div class='special-heading-inner-border' ><\/div><\/div><\/div><br \/>\n<section class=\"av_textblock_section \"  itemscope=\"itemscope\" itemtype=\"https:\/\/schema.org\/CreativeWork\" ><div class='avia_textblock  '   itemprop=\"text\" ><p style=\"text-align: center;\">Vi hj\u00e6lper dig med at finde den rigtige lejlighed! Uanset hvilken slags lejlighed du leder efter, giver vi dig forslag ud fra dine s\u00f8gekriterier. Det nemmeste er at udfylde formularen her p\u00e5 hjemmesiden, s\u00e5 ved vi hvad du leder efter og kan hj\u00e6lpe dig hurtigt.<\/p>\n<\/div><\/section><br \/>\n<div  style='padding-bottom:0px; margin:0px 0px 0px 0px; ' class='av-special-heading av-special-heading-h3  blockquote modern-quote modern-centered  avia-builder-el-9  el_after_av_textblock  el_before_av_textblock  '><h3 class='av-special-heading-tag '  itemprop=\"headline\"  >BUD<\/h3><div class='special-heading-border'><div class='special-heading-inner-border' ><\/div><\/div><\/div><br \/>\n<section class=\"av_textblock_section \"  itemscope=\"itemscope\" itemtype=\"https:\/\/schema.org\/CreativeWork\" ><div class='avia_textblock  '   itemprop=\"text\" ><p style=\"text-align: center;\">Priserne p\u00e5 vores lejligheder er, som i de nordiske lande, sat efter <strong>st\u00f8rrelse, stand og beliggenhed.<\/strong> N\u00e5r du har fundet den lejlighed, du \u00f8nsker at k\u00f8be, l\u00e6gger du et tilbud til s\u00e6lger. Vi arbejder med faste priser, men der er mulighed for forhandling.<\/p>\n<\/div><\/section><br \/>\n<div  style='padding-bottom:0px; margin:0px 0px 0px 0px; ' class='av-special-heading av-special-heading-h3  blockquote modern-quote modern-centered  avia-builder-el-11  el_after_av_textblock  el_before_av_textblock  '><h3 class='av-special-heading-tag '  itemprop=\"headline\"  >Renovation<\/h3><div class='special-heading-border'><div class='special-heading-inner-border' ><\/div><\/div><\/div><br \/>\n<section class=\"av_textblock_section \"  itemscope=\"itemscope\" itemtype=\"https:\/\/schema.org\/CreativeWork\" ><div class='avia_textblock  '   itemprop=\"text\" ><p style=\"text-align: center;\">Hos <strong>Scandinavian Village<\/strong> har vi intern hj\u00e6lp til renovering! Khun Tong og hans dygtige team laver alt fra sm\u00e5 opgaver til komplette renoveringer. Hvis du g\u00e5r i st\u00e5 med en lejlighed, du godt kan lide beliggenheden af, men som tr\u00e6nger til opdatering, st\u00e5r teamet klar til at hj\u00e6lpe. Receptionen har en prisliste over, hvad forskellige v\u00e6rker koster. Du f\u00e5r meget for pengene, og opgaverne udf\u00f8res i l\u00f8bet af for\u00e5ret og sommeren, hvor vi skandinaver normalt ikke er der.<\/p>\n<\/div><\/section><br \/>\n<div  style='padding-bottom:0px; margin:0px 0px 0px 0px; ' class='av-special-heading av-special-heading-h3  blockquote modern-quote modern-centered  avia-builder-el-13  el_after_av_textblock  el_before_av_textblock  '><h3 class='av-special-heading-tag '  itemprop=\"headline\"  >FINANSIERING<\/h3><div class='special-heading-border'><div class='special-heading-inner-border' ><\/div><\/div><\/div><br \/>\n<section class=\"av_textblock_section \"  itemscope=\"itemscope\" itemtype=\"https:\/\/schema.org\/CreativeWork\" ><div class='avia_textblock  '   itemprop=\"text\" ><p style=\"text-align: center;\">Vores r\u00e5d er at have finansieringen klar, inden du tager til <strong>Scandinavian Village<\/strong> for at pr\u00f8ve bo. Skulle den rette f\u00f8lelse opst\u00e5, har du s\u00e5 mulighed for at handle med det samme. Det er ikke muligt at bel\u00e5ne den thailandske bolig, det mest almindelige alternativ er at bel\u00e5ne din faste bolig derhjemme.<\/p>\n<\/div><\/section><br \/>\n<div  style='padding-bottom:0px; margin:0px 0px 0px 0px; ' class='av-special-heading av-special-heading-h3  blockquote modern-quote modern-centered  avia-builder-el-15  el_after_av_textblock  el_before_av_textblock  '><h3 class='av-special-heading-tag '  itemprop=\"headline\"  >S\u00c6LGER INFORMERER<\/h3><div class='special-heading-border'><div class='special-heading-inner-border' ><\/div><\/div><\/div><br \/>\n<section class=\"av_textblock_section \"  itemscope=\"itemscope\" itemtype=\"https:\/\/schema.org\/CreativeWork\" ><div class='avia_textblock  '   itemprop=\"text\" ><p style=\"text-align: center;\">Udgangspunktet er, at lejligheden s\u00e6lges i eksisterende stand under hensyntagen til alder og pris.<\/p>\n<p style=\"text-align: center;\">I Sverige arbejder ejendomsm\u00e6glere med en s\u00e5kaldt \u00a8sp\u00f8rgeliste\u00a8 \u2013 et v\u00e6rdifuldt dokument for b\u00e5de s\u00e6lgere og k\u00f8bere. Her udfylder s\u00e6lger relevante oplysninger om boligen for at oplyse eventuelle mangler, renoveringer osv. Vi har i <strong>Scandinavian Village<\/strong> valgt at bruge et sp\u00f8rgeskema i forbindelse med salg. Skal du k\u00f8be din lejlighed uden f\u00f8rst at kigge p\u00e5 den, er sp\u00f8rgsm\u00e5lslisten ekstra v\u00e6rdifuld at have.<\/p>\n<\/div><\/section><br \/>\n<div  style='padding-bottom:0px; margin:0px 0px 0px 0px; ' class='av-special-heading av-special-heading-h3  blockquote modern-quote modern-centered  avia-builder-el-17  el_after_av_textblock  el_before_av_textblock  '><h3 class='av-special-heading-tag '  itemprop=\"headline\"  >EJENDOMSRET<\/h3><div class='special-heading-border'><div class='special-heading-inner-border' ><\/div><\/div><\/div><br \/>\n<section class=\"av_textblock_section \"  itemscope=\"itemscope\" itemtype=\"https:\/\/schema.org\/CreativeWork\" ><div class='avia_textblock  '   itemprop=\"text\" ><p style=\"text-align: center;\">I Thailand m\u00e5 man ikke eje jord p\u00e5 samme m\u00e5de, som vi er vant til i Sverige og Danmark. Kun personer med thailandsk statsborgerskab m\u00e5 g\u00f8re det. Udl\u00e6ndinge henvises derfor normalt til at leje jord p\u00e5 kort eller lang sigt til opf\u00f8relse af deres bolig.<\/p>\n<p style=\"text-align: center;\">Vores virksomhed der er registreret i Thailand, <strong>Scandinavian Village<\/strong> Co Ltd, ejer vores ejendom uden indblanding af thailandsk ejerskab gennem en s\u00e6rlig tilladelse fra de thailandske myndigheder. Gennem vores ejerskab af aktier i selskabet har vi ubegr\u00e6nset adgang til vores lejligheder.<\/p>\n<\/div><\/section><\/p><\/div><\/div><\/div><\/div><!-- close content main div --><\/div><\/div><div id='av_section_2'  class='avia-section main_color avia-section-default avia-no-border-styling  avia-bg-style-scroll  avia-builder-el-19  el_after_av_section  avia-builder-el-last   container_wrap fullsize' style='background-color: #f7f7f7;  '  ><div class='container' ><div class='template-page content  av-content-full alpha units'><div class='post-entry post-entry-type-page post-entry-6995'><div class='entry-content-wrapper clearfix'>\n<div  style='height:20px' class='hr hr-invisible   avia-builder-el-20  el_before_av_heading  avia-builder-el-first '><span class='hr-inner ' ><span class='hr-inner-style'><\/span><\/span><\/div>\n<div  style='padding-bottom:10px; margin:0px 0px 0px 0px; ' class='av-special-heading av-special-heading-h2  blockquote modern-quote modern-centered  avia-builder-el-21  el_after_av_hr  el_before_av_one_half  '><h2 class='av-special-heading-tag '  itemprop=\"headline\"  >HER KAN VI F\u00c5 HJ\u00c6LP TIL DET MESTE<\/h2><div class='special-heading-border'><div class='special-heading-inner-border' ><\/div><\/div><\/div>\n<div class=\"flex_column av_one_half  flex_column_div av-zero-column-padding first  avia-builder-el-22  el_after_av_heading  el_before_av_one_half  \" style='border-radius:0px; '><section class=\"av_textblock_section \"  itemscope=\"itemscope\" itemtype=\"https:\/\/schema.org\/CreativeWork\" ><div class='avia_textblock  '   itemprop=\"text\" ><p><strong>Der er ikke noget, vores utroligt hj\u00e6lpsomme personale ikke kan arrangere! Listen kan g\u00f8res lang, nogle eksempler er:<\/strong><\/p>\n<ul>\n<li>Transport til alle form\u00e5l<\/li>\n<li>Visumans\u00f8gninger<\/li>\n<li>Thailandsk k\u00f8rekort<\/li>\n<li>Hotel- og restaurantreservationer<\/li>\n<li>Golf bookinger<\/li>\n<li>Reng\u00f8ring<\/li>\n<li>Havearbejde<\/li>\n<li>Vedligeholdelsesarbejde i lejlighederne<\/li>\n<li>Renovation<\/li>\n<li>Vaskeservice<\/li>\n<li>Forsikringer<\/li>\n<li>Rejse<\/li>\n<\/ul>\n<\/div><\/section><\/div><div class=\"flex_column av_one_half  flex_column_div av-zero-column-padding   avia-builder-el-24  el_after_av_one_half  el_before_av_hr  \" style='border-radius:0px; '><div  class='avia-image-container  av-styling-    avia-builder-el-25  avia-builder-el-no-sibling  avia-align-center '  itemprop=\"image\" itemscope=\"itemscope\" itemtype=\"https:\/\/schema.org\/ImageObject\"  ><div class='avia-image-container-inner'><div class='avia-image-overlay-wrap'><img decoding=\"async\" class='wp-image-5272 avia-img-lazy-loading-not-5272 avia_image' src=\"https:\/\/scandinavianvillage.net\/wp-content\/uploads\/2023\/06\/feed_9-1030x1030.jpg\" alt='' title='' height=\"1030\" width=\"1030\"  itemprop=\"thumbnailUrl\" srcset=\"https:\/\/scandinavianvillage.net\/wp-content\/uploads\/2023\/06\/feed_9-1030x1030.jpg 1030w, https:\/\/scandinavianvillage.net\/wp-content\/uploads\/2023\/06\/feed_9-300x300.jpg 300w, https:\/\/scandinavianvillage.net\/wp-content\/uploads\/2023\/06\/feed_9-80x80.jpg 80w, https:\/\/scandinavianvillage.net\/wp-content\/uploads\/2023\/06\/feed_9-768x768.jpg 768w, https:\/\/scandinavianvillage.net\/wp-content\/uploads\/2023\/06\/feed_9-36x36.jpg 36w, https:\/\/scandinavianvillage.net\/wp-content\/uploads\/2023\/06\/feed_9-180x180.jpg 180w, https:\/\/scandinavianvillage.net\/wp-content\/uploads\/2023\/06\/feed_9-705x705.jpg 705w, https:\/\/scandinavianvillage.net\/wp-content\/uploads\/2023\/06\/feed_9.jpg 1350w\" sizes=\"(max-width: 1030px) 100vw, 1030px\" \/><\/div><\/div><\/div><\/div><div  style='height:20px' class='hr hr-invisible   avia-builder-el-26  el_after_av_one_half  avia-builder-el-last '><span class='hr-inner ' ><span class='hr-inner-style'><\/span><\/span><\/div>\n<\/p>\n","protected":false},"excerpt":{"rendered":"","protected":false},"author":2,"featured_media":6711,"parent":0,"menu_order":0,"comment_status":"closed","ping_status":"closed","template":"","meta":{"_acf_changed":false,"footnotes":""},"class_list":["post-6995","page","type-page","status-publish","has-post-thumbnail","hentry"],"acf":[],"_links":{"self":[{"href":"https:\/\/scandinavianvillage.net\/da\/wp-json\/wp\/v2\/pages\/6995","targetHints":{"allow":["GET"]}}],"collection":[{"href":"https:\/\/scandinavianvillage.net\/da\/wp-json\/wp\/v2\/pages"}],"about":[{"href":"https:\/\/scandinavianvillage.net\/da\/wp-json\/wp\/v2\/types\/page"}],"author":[{"embeddable":true,"href":"https:\/\/scandinavianvillage.net\/da\/wp-json\/wp\/v2\/users\/2"}],"replies":[{"embeddable":true,"href":"https:\/\/scandinavianvillage.net\/da\/wp-json\/wp\/v2\/comments?post=6995"}],"version-history":[{"count":23,"href":"https:\/\/scandinavianvillage.net\/da\/wp-json\/wp\/v2\/pages\/6995\/revisions"}],"predecessor-version":[{"id":13106,"href":"https:\/\/scandinavianvillage.net\/da\/wp-json\/wp\/v2\/pages\/6995\/revisions\/13106"}],"wp:featuredmedia":[{"embeddable":true,"href":"https:\/\/scandinavianvillage.net\/da\/wp-json\/wp\/v2\/media\/6711"}],"wp:attachment":[{"href":"https:\/\/scandinavianvillage.net\/da\/wp-json\/wp\/v2\/media?parent=6995"}],"curies":[{"name":"wp","href":"https:\/\/api.w.org\/{rel}","templated":true}]}}