{"id":7004,"date":"2023-07-19T13:09:54","date_gmt":"2023-07-19T11:09:54","guid":{"rendered":"https:\/\/scandinavianvillage.net\/renoverad-lagenhet\/"},"modified":"2025-05-14T10:06:46","modified_gmt":"2025-05-14T08:06:46","slug":"renoveret-lejlighed","status":"publish","type":"page","link":"https:\/\/scandinavianvillage.net\/da\/renoveret-lejlighed\/","title":{"rendered":"Renoveret lejlighed"},"content":{"rendered":"<div id='full_slider_1'  class='avia-fullwidth-slider main_color avia-shadow  av-small-hide av-mini-hide  avia-builder-el-0  el_before_av_slideshow_full  avia-builder-el-first   container_wrap fullsize' style=' '  ><div   data-size='featured_large'  data-lightbox_size='large'  data-animation='fade'  data-transition_speed='1500'  data-conditional_play=''  data-ids='4333,4331,4329,4351'  data-video_counter='0'  data-autoplay='true'  data-bg_slider='false'  data-slide_height=''  data-handle='av_slideshow_full'  data-interval='5'  data-class=' '  data-el_id=''  data-css_id=''  data-scroll_down=''  data-control_layout='av-control-default'  data-custom_markup=''  data-perma_caption=''  data-autoplay_stopper=''  data-image_attachment=''  data-min_height=''  data-lazy_loading='disabled'  data-src=''  data-position='top left'  data-repeat='no-repeat'  data-attach='scroll'  data-stretch=''  data-default-height='32.8125'  class='avia-slideshow avia-slideshow-1  av-control-default av-default-height-applied avia-slideshow-featured_large av_slideshow_full   avia-fade-slider '  itemprop=\"image\" itemscope=\"itemscope\" itemtype=\"https:\/\/schema.org\/ImageObject\" ><ul class='avia-slideshow-inner ' style='padding-bottom: 32.8125%;' ><li  class=' slide-1 ' ><div data-rel='slideshow-1' class='avia-slide-wrap '   ><img decoding=\"async\" class=\"wp-image-6471 avia-img-lazy-loading-not-6471\"  src=\"https:\/\/scandinavianvillage.net\/wp-content\/uploads\/2023\/07\/Scandinavian-Village-628-1920x630.jpg\" width=\"1920\" height=\"630\" title='Scandinavian Village -628' alt=''  itemprop=\"thumbnailUrl\"   \/><\/div><\/li><li  class=' slide-2 ' ><div data-rel='slideshow-1' class='avia-slide-wrap '   ><img decoding=\"async\" class=\"wp-image-6469 avia-img-lazy-loading-not-6469\"  src=\"https:\/\/scandinavianvillage.net\/wp-content\/uploads\/2023\/07\/Scandinavian-Village-608-1920x630.jpg\" width=\"1920\" height=\"630\" title='Scandinavian Village -608' alt=''  itemprop=\"thumbnailUrl\"   \/><\/div><\/li><li  class=' slide-3 ' ><div data-rel='slideshow-1' class='avia-slide-wrap '   ><img decoding=\"async\" class=\"wp-image-6467 avia-img-lazy-loading-not-6467\"  src=\"https:\/\/scandinavianvillage.net\/wp-content\/uploads\/2023\/07\/Scandinavian-Village-606-1-1920x630.jpg\" width=\"1920\" height=\"630\" title='Scandinavian Village -606 (1)' alt=''  itemprop=\"thumbnailUrl\"   \/><\/div><\/li><li  class=' slide-4 ' ><div data-rel='slideshow-1' class='avia-slide-wrap '   ><img decoding=\"async\" class=\"wp-image-6473 avia-img-lazy-loading-not-6473\"  src=\"https:\/\/scandinavianvillage.net\/wp-content\/uploads\/2023\/07\/Scandinavian-Village-604-1-1920x630.jpg\" width=\"1920\" height=\"630\" title='Scandinavian Village -604 (1)' alt=''  itemprop=\"thumbnailUrl\"   \/><\/div><\/li><\/ul><div class='avia-slideshow-arrows avia-slideshow-controls'><a href='#prev' class='prev-slide' aria-hidden='true' data-av_icon='\ue87c' data-av_iconfont='entypo-fontello'>Forrige<\/a><a href='#next' class='next-slide' aria-hidden='true' data-av_icon='\ue87d' data-av_iconfont='entypo-fontello'>N&#230;ste<\/a><\/div><div class='avia-slideshow-dots avia-slideshow-controls'><a href='#1' class='goto-slide active' >1<\/a><a href='#2' class='goto-slide ' >2<\/a><a href='#3' class='goto-slide ' >3<\/a><a href='#4' class='goto-slide ' >4<\/a><\/div><\/div><\/div>\n<div id='full_slider_2'  class='avia-fullwidth-slider main_color avia-shadow  av-desktop-hide av-medium-hide  avia-builder-el-1  el_after_av_slideshow_full  el_before_av_section   slider-not-first container_wrap fullsize' style=' '  ><div   data-size='large'  data-lightbox_size='large'  data-animation='fade'  data-transition_speed='1600'  data-conditional_play=''  data-ids='4333,4331,4329,4351'  data-video_counter='0'  data-autoplay='true'  data-bg_slider='false'  data-slide_height=''  data-handle='av_slideshow_full'  data-interval='5'  data-class=' '  data-el_id=''  data-css_id=''  data-scroll_down=''  data-control_layout='av-control-default'  data-custom_markup=''  data-perma_caption=''  data-autoplay_stopper=''  data-image_attachment=''  data-min_height='300px'  data-lazy_loading='disabled'  data-src=''  data-position='top left'  data-repeat='no-repeat'  data-attach='scroll'  data-stretch=''  class='avia-slideshow avia-slideshow-2  av-control-default av-default-height-applied avia-slideshow-large av_slideshow_full   avia-fade-slider '  itemprop=\"image\" itemscope=\"itemscope\" itemtype=\"https:\/\/schema.org\/ImageObject\" ><ul class='avia-slideshow-inner ' style='padding-bottom: 66.504854368932%;' ><li  class=' slide-1 ' ><div data-rel='slideshow-2' class='avia-slide-wrap '   ><img decoding=\"async\" class=\"wp-image-6471 avia-img-lazy-loading-not-6471\"  src=\"https:\/\/scandinavianvillage.net\/wp-content\/uploads\/2023\/07\/Scandinavian-Village-628-1030x685.jpg\" width=\"1030\" height=\"685\" title='Scandinavian Village -628' alt=''  itemprop=\"thumbnailUrl\"  style='min-height:300px; min-width:452px; ' srcset=\"https:\/\/scandinavianvillage.net\/wp-content\/uploads\/2023\/07\/Scandinavian-Village-628-1030x685.jpg 1030w, https:\/\/scandinavianvillage.net\/wp-content\/uploads\/2023\/07\/Scandinavian-Village-628-300x200.jpg 300w, https:\/\/scandinavianvillage.net\/wp-content\/uploads\/2023\/07\/Scandinavian-Village-628-768x511.jpg 768w, https:\/\/scandinavianvillage.net\/wp-content\/uploads\/2023\/07\/Scandinavian-Village-628-1536x1022.jpg 1536w, https:\/\/scandinavianvillage.net\/wp-content\/uploads\/2023\/07\/Scandinavian-Village-628-2048x1363.jpg 2048w, https:\/\/scandinavianvillage.net\/wp-content\/uploads\/2023\/07\/Scandinavian-Village-628-1920x1278.jpg 1920w, https:\/\/scandinavianvillage.net\/wp-content\/uploads\/2023\/07\/Scandinavian-Village-628-705x469.jpg 705w\" sizes=\"(max-width: 1030px) 100vw, 1030px\" \/><\/div><\/li><li  class=' slide-2 ' ><div data-rel='slideshow-2' class='avia-slide-wrap '   ><img decoding=\"async\" class=\"wp-image-6469 avia-img-lazy-loading-not-6469\"  src=\"https:\/\/scandinavianvillage.net\/wp-content\/uploads\/2023\/07\/Scandinavian-Village-608-1030x685.jpg\" width=\"1030\" height=\"685\" title='Scandinavian Village -608' alt=''  itemprop=\"thumbnailUrl\"  style='min-height:300px; min-width:452px; ' srcset=\"https:\/\/scandinavianvillage.net\/wp-content\/uploads\/2023\/07\/Scandinavian-Village-608-1030x685.jpg 1030w, https:\/\/scandinavianvillage.net\/wp-content\/uploads\/2023\/07\/Scandinavian-Village-608-300x200.jpg 300w, https:\/\/scandinavianvillage.net\/wp-content\/uploads\/2023\/07\/Scandinavian-Village-608-768x511.jpg 768w, https:\/\/scandinavianvillage.net\/wp-content\/uploads\/2023\/07\/Scandinavian-Village-608-1536x1022.jpg 1536w, https:\/\/scandinavianvillage.net\/wp-content\/uploads\/2023\/07\/Scandinavian-Village-608-2048x1363.jpg 2048w, https:\/\/scandinavianvillage.net\/wp-content\/uploads\/2023\/07\/Scandinavian-Village-608-1920x1278.jpg 1920w, https:\/\/scandinavianvillage.net\/wp-content\/uploads\/2023\/07\/Scandinavian-Village-608-705x469.jpg 705w\" sizes=\"(max-width: 1030px) 100vw, 1030px\" \/><\/div><\/li><li  class=' slide-3 ' ><div data-rel='slideshow-2' class='avia-slide-wrap '   ><img decoding=\"async\" class=\"wp-image-6467 avia-img-lazy-loading-not-6467\"  src=\"https:\/\/scandinavianvillage.net\/wp-content\/uploads\/2023\/07\/Scandinavian-Village-606-1-1030x685.jpg\" width=\"1030\" height=\"685\" title='Scandinavian Village -606 (1)' alt=''  itemprop=\"thumbnailUrl\"  style='min-height:300px; min-width:452px; ' srcset=\"https:\/\/scandinavianvillage.net\/wp-content\/uploads\/2023\/07\/Scandinavian-Village-606-1-1030x685.jpg 1030w, https:\/\/scandinavianvillage.net\/wp-content\/uploads\/2023\/07\/Scandinavian-Village-606-1-300x200.jpg 300w, https:\/\/scandinavianvillage.net\/wp-content\/uploads\/2023\/07\/Scandinavian-Village-606-1-768x511.jpg 768w, https:\/\/scandinavianvillage.net\/wp-content\/uploads\/2023\/07\/Scandinavian-Village-606-1-1536x1022.jpg 1536w, https:\/\/scandinavianvillage.net\/wp-content\/uploads\/2023\/07\/Scandinavian-Village-606-1-2048x1363.jpg 2048w, https:\/\/scandinavianvillage.net\/wp-content\/uploads\/2023\/07\/Scandinavian-Village-606-1-1920x1278.jpg 1920w, https:\/\/scandinavianvillage.net\/wp-content\/uploads\/2023\/07\/Scandinavian-Village-606-1-705x469.jpg 705w\" sizes=\"(max-width: 1030px) 100vw, 1030px\" \/><\/div><\/li><li  class=' slide-4 ' ><div data-rel='slideshow-2' class='avia-slide-wrap '   ><img decoding=\"async\" class=\"wp-image-6473 avia-img-lazy-loading-not-6473\"  src=\"https:\/\/scandinavianvillage.net\/wp-content\/uploads\/2023\/07\/Scandinavian-Village-604-1-1030x685.jpg\" width=\"1030\" height=\"685\" title='Scandinavian Village -604 (1)' alt=''  itemprop=\"thumbnailUrl\"  style='min-height:300px; min-width:452px; ' srcset=\"https:\/\/scandinavianvillage.net\/wp-content\/uploads\/2023\/07\/Scandinavian-Village-604-1-1030x685.jpg 1030w, https:\/\/scandinavianvillage.net\/wp-content\/uploads\/2023\/07\/Scandinavian-Village-604-1-300x200.jpg 300w, https:\/\/scandinavianvillage.net\/wp-content\/uploads\/2023\/07\/Scandinavian-Village-604-1-768x511.jpg 768w, https:\/\/scandinavianvillage.net\/wp-content\/uploads\/2023\/07\/Scandinavian-Village-604-1-1536x1022.jpg 1536w, https:\/\/scandinavianvillage.net\/wp-content\/uploads\/2023\/07\/Scandinavian-Village-604-1-2048x1363.jpg 2048w, https:\/\/scandinavianvillage.net\/wp-content\/uploads\/2023\/07\/Scandinavian-Village-604-1-1920x1278.jpg 1920w, https:\/\/scandinavianvillage.net\/wp-content\/uploads\/2023\/07\/Scandinavian-Village-604-1-705x469.jpg 705w\" sizes=\"(max-width: 1030px) 100vw, 1030px\" \/><\/div><\/li><\/ul><div class='avia-slideshow-arrows avia-slideshow-controls'><a href='#prev' class='prev-slide' aria-hidden='true' data-av_icon='\ue87c' data-av_iconfont='entypo-fontello'>Forrige<\/a><a href='#next' class='next-slide' aria-hidden='true' data-av_icon='\ue87d' data-av_iconfont='entypo-fontello'>N&#230;ste<\/a><\/div><div class='avia-slideshow-dots avia-slideshow-controls'><a href='#1' class='goto-slide active' >1<\/a><a href='#2' class='goto-slide ' >2<\/a><a href='#3' class='goto-slide ' >3<\/a><a href='#4' class='goto-slide ' >4<\/a><\/div><\/div><\/div>\n<div id='av_section_1'  class='avia-section main_color avia-section-default avia-no-border-styling  avia-bg-style-scroll  avia-builder-el-2  el_after_av_slideshow_full  el_before_av_section   container_wrap fullsize' style=' '  ><div class='container' ><div class='template-page content  av-content-full alpha units'><div class='post-entry post-entry-type-page post-entry-7004'><div class='entry-content-wrapper clearfix'>\n<div  style='padding-bottom:10px; margin:0px 0px 0px 0px; ' class='av-special-heading av-special-heading-h1  blockquote modern-quote modern-centered  avia-builder-el-3  el_before_av_one_full  avia-builder-el-first  '><h1 class='av-special-heading-tag '  itemprop=\"headline\"  >Renoveret lejlighed<\/h1><div class='special-heading-border'><div class='special-heading-inner-border' ><\/div><\/div><\/div>\n<div class=\"flex_column av_one_full  flex_column_div av-zero-column-padding first  avia-builder-el-4  el_after_av_heading  el_before_av_one_full  \" style='border-radius:0px; '><section class=\"av_textblock_section \"  itemscope=\"itemscope\" itemtype=\"https:\/\/schema.org\/CreativeWork\" ><div class='avia_textblock  '   itemprop=\"text\" ><p>Hos<strong> Scandinavian Village<\/strong> har vi intern renoveringshj\u00e6lp! Khun Tong og hans team laver alt fra sm\u00e5 opgaver til komplette renoveringer.<\/p>\n<p>Hvis du g\u00e5r i st\u00e5 med en lejlighed, du godt kan lide beliggenheden af, men som tr\u00e6nger til opdatering, st\u00e5r teamet klar til at hj\u00e6lpe. Receptionen har en prisliste over, hvad forskellige v\u00e6rker koster. Du f\u00e5r meget for pengene, og opgaverne udf\u00f8res i l\u00f8bet af for\u00e5ret og sommeren, hvor vi skandinaver normalt ikke er der.<\/p>\n<\/div><\/section><\/div><div class=\"flex_column av_one_full  flex_column_div av-zero-column-padding first  avia-builder-el-6  el_after_av_one_full  avia-builder-el-last  column-top-margin\" style='border-radius:0px; '><div  class='avia-video avia-video-16-9 avia-video-html5  '   itemprop=\"video\" itemtype=\"https:\/\/schema.org\/VideoObject\"  data-original_url='https:\/\/scandinavianvillage.net\/wp-content\/uploads\/2025\/05\/C405-video-v1-2.mp4' ><video class='avia_video'    preload=\"auto\"  controls id='player_7004_1627347160_1835502319'><source src=\"https:\/\/scandinavianvillage.net\/wp-content\/uploads\/2025\/05\/C405-video-v1-2.mp4\" type=\"video\/mp4\" \/><\/video><\/div><\/div><\/div><\/div><\/div><!-- close content main div --><\/div><\/div><div id='av_section_2'  class='avia-section main_color avia-section-default avia-no-border-styling  avia-bg-style-scroll  avia-builder-el-8  el_after_av_section  avia-builder-el-last   container_wrap fullsize' style='background-color: #f7f7f7;  '  ><div class='container' ><div class='template-page content  av-content-full alpha units'><div class='post-entry post-entry-type-page post-entry-7004'><div class='entry-content-wrapper clearfix'>\n<div class=\"flex_column av_one_full  flex_column_div av-zero-column-padding first  avia-builder-el-9  avia-builder-el-no-sibling  \" style='border-radius:0px; '><p><section class=\"av_textblock_section \"  itemscope=\"itemscope\" itemtype=\"https:\/\/schema.org\/CreativeWork\" ><div class='avia_textblock  '   itemprop=\"text\" ><p>I denne lejlighed er alle gulve, k\u00f8kken og badev\u00e6relse skiftet, v\u00e6gge og snedker er malet i samme farve, der er bygget sofa p\u00e5 terrassen, fjernbetjent markise er skiftet og loftsventilatorer monteret p\u00e5. terrassen.<\/p>\n<\/div><\/section><br \/>\n<div id='av-masonry-1' class='av-masonry  noHover av-fixed-size av-large-gap av-hover-overlay- av-masonry-animation-active av-masonry-col-5 av-caption-always av-caption-style- av-masonry-gallery   av-orientation-portrait  '  ><div class='av-masonry-container isotope av-js-disabled ' ><div class='av-masonry-entry isotope-item av-masonry-item-no-image '><\/div><a href=\"https:\/\/scandinavianvillage.net\/wp-content\/uploads\/2023\/07\/IMG_1961-786x1030.jpg\"  aria-label=\"image IMG_1961\"  id='av-masonry-1-item-6441' data-av-masonry-item='6441' class='av-masonry-entry isotope-item post-6441 attachment type-attachment status-inherit hentry  av-masonry-item-with-image' title=\"IMG_1961\" alt=\"\"   itemprop=\"thumbnailUrl\" ><div class='av-inner-masonry-sizer'><\/div><figure class='av-inner-masonry main_color'><div class=\"av-masonry-outerimage-container\"><div class=\"av-masonry-image-container\" style=\"background-image: url(https:\/\/scandinavianvillage.net\/wp-content\/uploads\/2023\/07\/IMG_1961-538x705.jpg);\" title=\"IMG_1961\" ><\/div><\/div><\/figure><\/a><!--end av-masonry entry--><a href=\"https:\/\/scandinavianvillage.net\/wp-content\/uploads\/2023\/07\/IMG_1962-738x1030.jpg\"  aria-label=\"image IMG_1962\"  id='av-masonry-1-item-6443' data-av-masonry-item='6443' class='av-masonry-entry isotope-item post-6443 attachment type-attachment status-inherit hentry  av-masonry-item-with-image' title=\"IMG_1962\" alt=\"\"   itemprop=\"thumbnailUrl\" ><div class='av-inner-masonry-sizer'><\/div><figure class='av-inner-masonry main_color'><div class=\"av-masonry-outerimage-container\"><div class=\"av-masonry-image-container\" style=\"background-image: url(https:\/\/scandinavianvillage.net\/wp-content\/uploads\/2023\/07\/IMG_1962-505x705.jpg);\" title=\"IMG_1962\" ><\/div><\/div><\/figure><\/a><!--end av-masonry entry--><a href=\"https:\/\/scandinavianvillage.net\/wp-content\/uploads\/2023\/07\/IMG_1964-736x1030.jpg\"  aria-label=\"image IMG_1964\"  id='av-masonry-1-item-6445' data-av-masonry-item='6445' class='av-masonry-entry isotope-item post-6445 attachment type-attachment status-inherit hentry  av-masonry-item-with-image' title=\"IMG_1964\" alt=\"\"   itemprop=\"thumbnailUrl\" ><div class='av-inner-masonry-sizer'><\/div><figure class='av-inner-masonry main_color'><div class=\"av-masonry-outerimage-container\"><div class=\"av-masonry-image-container\" style=\"background-image: url(https:\/\/scandinavianvillage.net\/wp-content\/uploads\/2023\/07\/IMG_1964-504x705.jpg);\" title=\"IMG_1964\" ><\/div><\/div><\/figure><\/a><!--end av-masonry entry--><a href=\"https:\/\/scandinavianvillage.net\/wp-content\/uploads\/2023\/07\/IMG_1965-742x1030.jpg\"  aria-label=\"image IMG_1965\"  id='av-masonry-1-item-6447' data-av-masonry-item='6447' class='av-masonry-entry isotope-item post-6447 attachment type-attachment status-inherit hentry  av-masonry-item-with-image' title=\"IMG_1965\" alt=\"\"   itemprop=\"thumbnailUrl\" ><div class='av-inner-masonry-sizer'><\/div><figure class='av-inner-masonry main_color'><div class=\"av-masonry-outerimage-container\"><div class=\"av-masonry-image-container\" style=\"background-image: url(https:\/\/scandinavianvillage.net\/wp-content\/uploads\/2023\/07\/IMG_1965-508x705.jpg);\" title=\"IMG_1965\" ><\/div><\/div><\/figure><\/a><!--end av-masonry entry--><a href=\"https:\/\/scandinavianvillage.net\/wp-content\/uploads\/2023\/07\/IMG_1966-748x1030.jpg\"  aria-label=\"image IMG_1966\"  id='av-masonry-1-item-6449' data-av-masonry-item='6449' class='av-masonry-entry isotope-item post-6449 attachment type-attachment status-inherit hentry  av-masonry-item-with-image' title=\"IMG_1966\" alt=\"\"   itemprop=\"thumbnailUrl\" ><div class='av-inner-masonry-sizer'><\/div><figure class='av-inner-masonry main_color'><div class=\"av-masonry-outerimage-container\"><div class=\"av-masonry-image-container\" style=\"background-image: url(https:\/\/scandinavianvillage.net\/wp-content\/uploads\/2023\/07\/IMG_1966-512x705.jpg);\" title=\"IMG_1966\" ><\/div><\/div><\/figure><\/a><!--end av-masonry entry--><a href=\"https:\/\/scandinavianvillage.net\/wp-content\/uploads\/2023\/07\/IMG_1967-770x1030.jpg\"  aria-label=\"image IMG_1967\"  id='av-masonry-1-item-6451' data-av-masonry-item='6451' class='av-masonry-entry isotope-item post-6451 attachment type-attachment status-inherit hentry  av-masonry-item-with-image' title=\"IMG_1967\" alt=\"\"   itemprop=\"thumbnailUrl\" ><div class='av-inner-masonry-sizer'><\/div><figure class='av-inner-masonry main_color'><div class=\"av-masonry-outerimage-container\"><div class=\"av-masonry-image-container\" style=\"background-image: url(https:\/\/scandinavianvillage.net\/wp-content\/uploads\/2023\/07\/IMG_1967-527x705.jpg);\" title=\"IMG_1967\" ><\/div><\/div><\/figure><\/a><!--end av-masonry entry--><a href=\"https:\/\/scandinavianvillage.net\/wp-content\/uploads\/2023\/07\/IMG_1968-774x1030.jpg\"  aria-label=\"image IMG_1968\"  id='av-masonry-1-item-6453' data-av-masonry-item='6453' class='av-masonry-entry isotope-item post-6453 attachment type-attachment status-inherit hentry  av-masonry-item-with-image' title=\"IMG_1968\" alt=\"\"   itemprop=\"thumbnailUrl\" ><div class='av-inner-masonry-sizer'><\/div><figure class='av-inner-masonry main_color'><div class=\"av-masonry-outerimage-container\"><div class=\"av-masonry-image-container\" style=\"background-image: url(https:\/\/scandinavianvillage.net\/wp-content\/uploads\/2023\/07\/IMG_1968-530x705.jpg);\" title=\"IMG_1968\" ><\/div><\/div><\/figure><\/a><!--end av-masonry entry--><a href=\"https:\/\/scandinavianvillage.net\/wp-content\/uploads\/2023\/07\/IMG_1969-824x1030.jpg\"  aria-label=\"image IMG_1969\"  id='av-masonry-1-item-6455' data-av-masonry-item='6455' class='av-masonry-entry isotope-item post-6455 attachment type-attachment status-inherit hentry  av-masonry-item-with-image' title=\"IMG_1969\" alt=\"\"   itemprop=\"thumbnailUrl\" ><div class='av-inner-masonry-sizer'><\/div><figure class='av-inner-masonry main_color'><div class=\"av-masonry-outerimage-container\"><div class=\"av-masonry-image-container\" style=\"background-image: url(https:\/\/scandinavianvillage.net\/wp-content\/uploads\/2023\/07\/IMG_1969-564x705.jpg);\" title=\"IMG_1969\" ><\/div><\/div><\/figure><\/a><!--end av-masonry entry--><a href=\"https:\/\/scandinavianvillage.net\/wp-content\/uploads\/2023\/07\/IMG_1970-836x1030.jpg\"  aria-label=\"image IMG_1970\"  id='av-masonry-1-item-6457' data-av-masonry-item='6457' class='av-masonry-entry isotope-item post-6457 attachment type-attachment status-inherit hentry  av-masonry-item-with-image' title=\"IMG_1970\" alt=\"\"   itemprop=\"thumbnailUrl\" ><div class='av-inner-masonry-sizer'><\/div><figure class='av-inner-masonry main_color'><div class=\"av-masonry-outerimage-container\"><div class=\"av-masonry-image-container\" style=\"background-image: url(https:\/\/scandinavianvillage.net\/wp-content\/uploads\/2023\/07\/IMG_1970-572x705.jpg);\" title=\"IMG_1970\" ><\/div><\/div><\/figure><\/a><!--end av-masonry entry--><a href=\"https:\/\/scandinavianvillage.net\/wp-content\/uploads\/2023\/07\/IMG_1971-744x1030.jpg\"  aria-label=\"image IMG_1971\"  id='av-masonry-1-item-6459' data-av-masonry-item='6459' class='av-masonry-entry isotope-item post-6459 attachment type-attachment status-inherit hentry  av-masonry-item-with-image' title=\"IMG_1971\" alt=\"\"   itemprop=\"thumbnailUrl\" ><div class='av-inner-masonry-sizer'><\/div><figure class='av-inner-masonry main_color'><div class=\"av-masonry-outerimage-container\"><div class=\"av-masonry-image-container\" style=\"background-image: url(https:\/\/scandinavianvillage.net\/wp-content\/uploads\/2023\/07\/IMG_1971-509x705.jpg);\" title=\"IMG_1971\" ><\/div><\/div><\/figure><\/a><!--end av-masonry entry--><a href=\"https:\/\/scandinavianvillage.net\/wp-content\/uploads\/2023\/07\/IMG_1973-809x1030.jpg\"  aria-label=\"image IMG_1973\"  id='av-masonry-1-item-6461' data-av-masonry-item='6461' class='av-masonry-entry isotope-item post-6461 attachment type-attachment status-inherit hentry  av-masonry-item-with-image' title=\"IMG_1973\" alt=\"\"   itemprop=\"thumbnailUrl\" ><div class='av-inner-masonry-sizer'><\/div><figure class='av-inner-masonry main_color'><div class=\"av-masonry-outerimage-container\"><div class=\"av-masonry-image-container\" style=\"background-image: url(https:\/\/scandinavianvillage.net\/wp-content\/uploads\/2023\/07\/IMG_1973-554x705.jpg);\" title=\"IMG_1973\" ><\/div><\/div><\/figure><\/a><!--end av-masonry entry--><a href=\"https:\/\/scandinavianvillage.net\/wp-content\/uploads\/2023\/07\/IMG_1974-784x1030.jpg\"  aria-label=\"image IMG_1974\"  id='av-masonry-1-item-6463' data-av-masonry-item='6463' class='av-masonry-entry isotope-item post-6463 attachment type-attachment status-inherit hentry  av-masonry-item-with-image' title=\"IMG_1974\" alt=\"\"   itemprop=\"thumbnailUrl\" ><div class='av-inner-masonry-sizer'><\/div><figure class='av-inner-masonry main_color'><div class=\"av-masonry-outerimage-container\"><div class=\"av-masonry-image-container\" style=\"background-image: url(https:\/\/scandinavianvillage.net\/wp-content\/uploads\/2023\/07\/IMG_1974-537x705.jpg);\" title=\"IMG_1974\" ><\/div><\/div><\/figure><\/a><!--end av-masonry entry--><a href=\"https:\/\/scandinavianvillage.net\/wp-content\/uploads\/2023\/07\/IMG_1975-791x1030.jpg\"  aria-label=\"image IMG_1975\"  id='av-masonry-1-item-6465' data-av-masonry-item='6465' class='av-masonry-entry isotope-item post-6465 attachment type-attachment status-inherit hentry  av-masonry-item-with-image' title=\"IMG_1975\" alt=\"\"   itemprop=\"thumbnailUrl\" ><div class='av-inner-masonry-sizer'><\/div><figure class='av-inner-masonry main_color'><div class=\"av-masonry-outerimage-container\"><div class=\"av-masonry-image-container\" style=\"background-image: url(https:\/\/scandinavianvillage.net\/wp-content\/uploads\/2023\/07\/IMG_1975-541x705.jpg);\" title=\"IMG_1975\" ><\/div><\/div><\/figure><\/a><!--end av-masonry entry--><\/div><\/div><\/p><\/div>\n<\/p>\n","protected":false},"excerpt":{"rendered":"","protected":false},"author":2,"featured_media":6469,"parent":0,"menu_order":0,"comment_status":"closed","ping_status":"closed","template":"","meta":{"_acf_changed":false,"footnotes":""},"class_list":["post-7004","page","type-page","status-publish","has-post-thumbnail","hentry"],"acf":[],"_links":{"self":[{"href":"https:\/\/scandinavianvillage.net\/da\/wp-json\/wp\/v2\/pages\/7004","targetHints":{"allow":["GET"]}}],"collection":[{"href":"https:\/\/scandinavianvillage.net\/da\/wp-json\/wp\/v2\/pages"}],"about":[{"href":"https:\/\/scandinavianvillage.net\/da\/wp-json\/wp\/v2\/types\/page"}],"author":[{"embeddable":true,"href":"https:\/\/scandinavianvillage.net\/da\/wp-json\/wp\/v2\/users\/2"}],"replies":[{"embeddable":true,"href":"https:\/\/scandinavianvillage.net\/da\/wp-json\/wp\/v2\/comments?post=7004"}],"version-history":[{"count":5,"href":"https:\/\/scandinavianvillage.net\/da\/wp-json\/wp\/v2\/pages\/7004\/revisions"}],"predecessor-version":[{"id":12781,"href":"https:\/\/scandinavianvillage.net\/da\/wp-json\/wp\/v2\/pages\/7004\/revisions\/12781"}],"wp:featuredmedia":[{"embeddable":true,"href":"https:\/\/scandinavianvillage.net\/da\/wp-json\/wp\/v2\/media\/6469"}],"wp:attachment":[{"href":"https:\/\/scandinavianvillage.net\/da\/wp-json\/wp\/v2\/media?parent=7004"}],"curies":[{"name":"wp","href":"https:\/\/api.w.org\/{rel}","templated":true}]}}