{"id":7016,"date":"2023-06-06T13:38:24","date_gmt":"2023-06-06T11:38:24","guid":{"rendered":"https:\/\/scandinavianvillage.net\/lagenheter-till-salu\/"},"modified":"2026-03-03T07:42:50","modified_gmt":"2026-03-03T06:42:50","slug":"lejligheder-til-salg","status":"publish","type":"page","link":"https:\/\/scandinavianvillage.net\/da\/lejligheder-til-salg\/","title":{"rendered":"LEJLIGHEDER TIL SALG"},"content":{"rendered":"<div id='full_slider_1'  class='avia-fullwidth-slider main_color avia-shadow  av-small-hide av-mini-hide  avia-builder-el-0  el_before_av_slideshow_full  avia-builder-el-first   container_wrap fullsize' style=' '  ><div   data-size='featured_large'  data-lightbox_size='large'  data-animation='slide'  data-conditional_play=''  data-ids='1650'  data-video_counter='0'  data-autoplay='false'  data-bg_slider='false'  data-slide_height=''  data-handle='av_slideshow_full'  data-interval='5'  data-class=' '  data-el_id=''  data-css_id=''  data-scroll_down=''  data-control_layout='av-control-default'  data-custom_markup=''  data-perma_caption=''  data-autoplay_stopper=''  data-image_attachment=''  data-min_height='600px'  data-lazy_loading='disabled'  data-src=''  data-position='top left'  data-repeat='no-repeat'  data-attach='scroll'  data-stretch=''  data-default-height='32.8125'  class='avia-slideshow avia-slideshow-1  av-control-default av-default-height-applied avia-slideshow-featured_large av_slideshow_full   avia-slide-slider '  itemprop=\"image\" itemscope=\"itemscope\" itemtype=\"https:\/\/schema.org\/ImageObject\" ><ul class='avia-slideshow-inner ' style='padding-bottom: 32.8125%;' ><li  class=' av-single-slide slide-1 ' ><div data-rel='slideshow-1' class='avia-slide-wrap '   ><img decoding=\"async\" class=\"wp-image-5306 avia-img-lazy-loading-not-5306\"  src=\"https:\/\/scandinavianvillage.net\/wp-content\/uploads\/2023\/06\/Scandinavian-Village-574-1920x630.jpg\" width=\"1920\" height=\"630\" title='Scandinavian Village -574' alt=''  itemprop=\"thumbnailUrl\"  style='min-height:600px; min-width:1829px; ' \/><\/div><\/li><\/ul><\/div><\/div>\n<div id='full_slider_2'  class='avia-fullwidth-slider main_color avia-shadow  av-desktop-hide av-medium-hide  avia-builder-el-1  el_after_av_slideshow_full  el_before_av_section   slider-not-first container_wrap fullsize' style=' '  ><div   data-size='large'  data-lightbox_size='large'  data-animation='slide'  data-conditional_play=''  data-ids='1650'  data-video_counter='0'  data-autoplay='false'  data-bg_slider='false'  data-slide_height=''  data-handle='av_slideshow_full'  data-interval='5'  data-class=' '  data-el_id=''  data-css_id=''  data-scroll_down=''  data-control_layout='av-control-default'  data-custom_markup=''  data-perma_caption=''  data-autoplay_stopper=''  data-image_attachment=''  data-min_height='300px'  data-lazy_loading='disabled'  data-src=''  data-position='top left'  data-repeat='no-repeat'  data-attach='scroll'  data-stretch=''  class='avia-slideshow avia-slideshow-2  av-control-default av-default-height-applied avia-slideshow-large av_slideshow_full   avia-slide-slider '  itemprop=\"image\" itemscope=\"itemscope\" itemtype=\"https:\/\/schema.org\/ImageObject\" ><ul class='avia-slideshow-inner ' style='padding-bottom: 66.504854368932%;' ><li  class=' av-single-slide slide-1 ' ><div data-rel='slideshow-2' class='avia-slide-wrap '   ><img decoding=\"async\" class=\"wp-image-5306 avia-img-lazy-loading-not-5306\"  src=\"https:\/\/scandinavianvillage.net\/wp-content\/uploads\/2023\/06\/Scandinavian-Village-574-1030x685.jpg\" width=\"1030\" height=\"685\" title='Scandinavian Village -574' alt=''  itemprop=\"thumbnailUrl\"  style='min-height:300px; min-width:452px; ' srcset=\"https:\/\/scandinavianvillage.net\/wp-content\/uploads\/2023\/06\/Scandinavian-Village-574-1030x685.jpg 1030w, https:\/\/scandinavianvillage.net\/wp-content\/uploads\/2023\/06\/Scandinavian-Village-574-300x200.jpg 300w, https:\/\/scandinavianvillage.net\/wp-content\/uploads\/2023\/06\/Scandinavian-Village-574-768x511.jpg 768w, https:\/\/scandinavianvillage.net\/wp-content\/uploads\/2023\/06\/Scandinavian-Village-574-1536x1022.jpg 1536w, https:\/\/scandinavianvillage.net\/wp-content\/uploads\/2023\/06\/Scandinavian-Village-574-2048x1363.jpg 2048w, https:\/\/scandinavianvillage.net\/wp-content\/uploads\/2023\/06\/Scandinavian-Village-574-1920x1278.jpg 1920w, https:\/\/scandinavianvillage.net\/wp-content\/uploads\/2023\/06\/Scandinavian-Village-574-705x469.jpg 705w\" sizes=\"(max-width: 1030px) 100vw, 1030px\" \/><\/div><\/li><\/ul><\/div><\/div>\n<div id='av_section_1'  class='avia-section main_color avia-section-no-padding avia-no-border-styling  avia-bg-style-scroll  avia-builder-el-2  el_after_av_slideshow_full  avia-builder-el-last  listing_pg  container_wrap fullsize' style=' margin-top:0px; margin-bottom:0px; '  ><div class='container' ><div class='template-page content  av-content-full alpha units'><div class='post-entry post-entry-type-page post-entry-7016'><div class='entry-content-wrapper clearfix'>\n<div  style='height:50px' class='hr hr-invisible   avia-builder-el-3  el_before_av_heading  avia-builder-el-first '><span class='hr-inner ' ><span class='hr-inner-style'><\/span><\/span><\/div>\n<div  style='padding-bottom:15px; margin:0px 0px 0px 0px; ' class='av-special-heading av-special-heading-h1  blockquote modern-quote modern-centered  avia-builder-el-4  el_after_av_hr  el_before_av_codeblock  '><h1 class='av-special-heading-tag '  itemprop=\"headline\"  >LEJLIGHEDER TIL SALG<\/h1><div class ='av-subheading av-subheading_below  ' style='font-size:15px;'><p>Her pr\u00e6senteres de lejligheder, der lige nu er til salg i A, B og C bygningerne. Priserne varierer og afh\u00e6nger af <b>st\u00f8rrelse, beliggenhed og standard.<\/b> Priserne ligger mellem SEK 900.000 og SEK 1.100.000. Der er st\u00f8rre lejligheder, der er h\u00f8jere prissat. For mere detaljeret information om hver enkelt vare kontakt os venligst p\u00e5 <a href=\"mailto:sales@scandinavianvillage.net\">sales@scandinavianvillage.net<\/a>.<\/p>\n<\/div><div class='special-heading-border'><div class='special-heading-inner-border' ><\/div><\/div><\/div>\n\n\n","protected":false},"excerpt":{"rendered":"","protected":false},"author":2,"featured_media":5306,"parent":0,"menu_order":0,"comment_status":"closed","ping_status":"closed","template":"","meta":{"_acf_changed":false,"footnotes":""},"class_list":["post-7016","page","type-page","status-publish","has-post-thumbnail","hentry"],"acf":[],"_links":{"self":[{"href":"https:\/\/scandinavianvillage.net\/da\/wp-json\/wp\/v2\/pages\/7016","targetHints":{"allow":["GET"]}}],"collection":[{"href":"https:\/\/scandinavianvillage.net\/da\/wp-json\/wp\/v2\/pages"}],"about":[{"href":"https:\/\/scandinavianvillage.net\/da\/wp-json\/wp\/v2\/types\/page"}],"author":[{"embeddable":true,"href":"https:\/\/scandinavianvillage.net\/da\/wp-json\/wp\/v2\/users\/2"}],"replies":[{"embeddable":true,"href":"https:\/\/scandinavianvillage.net\/da\/wp-json\/wp\/v2\/comments?post=7016"}],"version-history":[{"count":6,"href":"https:\/\/scandinavianvillage.net\/da\/wp-json\/wp\/v2\/pages\/7016\/revisions"}],"predecessor-version":[{"id":15899,"href":"https:\/\/scandinavianvillage.net\/da\/wp-json\/wp\/v2\/pages\/7016\/revisions\/15899"}],"wp:featuredmedia":[{"embeddable":true,"href":"https:\/\/scandinavianvillage.net\/da\/wp-json\/wp\/v2\/media\/5306"}],"wp:attachment":[{"href":"https:\/\/scandinavianvillage.net\/da\/wp-json\/wp\/v2\/media?parent=7016"}],"curies":[{"name":"wp","href":"https:\/\/api.w.org\/{rel}","templated":true}]}}