{"id":7027,"date":"2023-06-06T13:38:37","date_gmt":"2023-06-06T11:38:37","guid":{"rendered":"https:\/\/scandinavianvillage.net\/hotellrum\/"},"modified":"2024-01-18T08:23:16","modified_gmt":"2024-01-18T07:23:16","slug":"gaestevaerelser","status":"publish","type":"page","link":"https:\/\/scandinavianvillage.net\/da\/gaestevaerelser\/","title":{"rendered":"G\u00c6STEV\u00c6RELSER"},"content":{"rendered":"<div id='full_slider_1'  class='avia-fullwidth-slider main_color avia-shadow  av-small-hide av-mini-hide  avia-builder-el-0  el_before_av_slideshow_full  avia-builder-el-first   container_wrap fullsize' style=' '  ><div   data-size='featured_large'  data-lightbox_size='large'  data-animation='slide'  data-conditional_play=''  data-ids='2219'  data-video_counter='0'  data-autoplay='false'  data-bg_slider='false'  data-slide_height=''  data-handle='av_slideshow_full'  data-interval='5'  data-class=' '  data-el_id=''  data-css_id=''  data-scroll_down=''  data-control_layout='av-control-default'  data-custom_markup=''  data-perma_caption=''  data-autoplay_stopper=''  data-image_attachment=''  data-min_height=''  data-lazy_loading='disabled'  data-src=''  data-position='top left'  data-repeat='no-repeat'  data-attach='scroll'  data-stretch=''  data-default-height='32.8125'  class='avia-slideshow avia-slideshow-1  av-control-default av-default-height-applied avia-slideshow-featured_large av_slideshow_full   avia-slide-slider '  itemprop=\"image\" itemscope=\"itemscope\" itemtype=\"https:\/\/schema.org\/ImageObject\" ><ul class='avia-slideshow-inner ' style='padding-bottom: 32.8125%;' ><li  class=' av-single-slide slide-1 ' ><div data-rel='slideshow-1' class='avia-slide-wrap '   ><img decoding=\"async\" class=\"wp-image-5412 avia-img-lazy-loading-not-5412\"  src=\"https:\/\/scandinavianvillage.net\/wp-content\/uploads\/2023\/06\/20211019_093201-1920x630.jpg\" width=\"1920\" height=\"630\" title='20211019_093201' alt=''  itemprop=\"thumbnailUrl\"   \/><\/div><\/li><\/ul><\/div><\/div>\n<div id='full_slider_2'  class='avia-fullwidth-slider main_color avia-shadow  av-desktop-hide av-medium-hide  avia-builder-el-1  el_after_av_slideshow_full  el_before_av_section   slider-not-first container_wrap fullsize' style=' '  ><div   data-size='large'  data-lightbox_size='large'  data-animation='slide'  data-conditional_play=''  data-ids='2219'  data-video_counter='0'  data-autoplay='false'  data-bg_slider='false'  data-slide_height=''  data-handle='av_slideshow_full'  data-interval='5'  data-class=' '  data-el_id=''  data-css_id=''  data-scroll_down=''  data-control_layout='av-control-default'  data-custom_markup=''  data-perma_caption=''  data-autoplay_stopper=''  data-image_attachment=''  data-min_height='300px'  data-lazy_loading='disabled'  data-src=''  data-position='top left'  data-repeat='no-repeat'  data-attach='scroll'  data-stretch=''  class='avia-slideshow avia-slideshow-2  av-control-default av-default-height-applied avia-slideshow-large av_slideshow_full   avia-slide-slider '  itemprop=\"image\" itemscope=\"itemscope\" itemtype=\"https:\/\/schema.org\/ImageObject\" ><ul class='avia-slideshow-inner ' style='padding-bottom: 75.04854368932%;' ><li  class=' av-single-slide slide-1 ' ><div data-rel='slideshow-2' class='avia-slide-wrap '   ><img decoding=\"async\" class=\"wp-image-5412 avia-img-lazy-loading-not-5412\"  src=\"https:\/\/scandinavianvillage.net\/wp-content\/uploads\/2023\/06\/20211019_093201-1030x773.jpg\" width=\"1030\" height=\"773\" title='20211019_093201' alt=''  itemprop=\"thumbnailUrl\"  style='min-height:300px; min-width:400px; ' srcset=\"https:\/\/scandinavianvillage.net\/wp-content\/uploads\/2023\/06\/20211019_093201-1030x773.jpg 1030w, https:\/\/scandinavianvillage.net\/wp-content\/uploads\/2023\/06\/20211019_093201-300x225.jpg 300w, https:\/\/scandinavianvillage.net\/wp-content\/uploads\/2023\/06\/20211019_093201-768x576.jpg 768w, https:\/\/scandinavianvillage.net\/wp-content\/uploads\/2023\/06\/20211019_093201-1536x1152.jpg 1536w, https:\/\/scandinavianvillage.net\/wp-content\/uploads\/2023\/06\/20211019_093201-2048x1536.jpg 2048w, https:\/\/scandinavianvillage.net\/wp-content\/uploads\/2023\/06\/20211019_093201-1920x1440.jpg 1920w, https:\/\/scandinavianvillage.net\/wp-content\/uploads\/2023\/06\/20211019_093201-705x529.jpg 705w\" sizes=\"(max-width: 1030px) 100vw, 1030px\" \/><\/div><\/li><\/ul><\/div><\/div>\n<div id='av_section_1'  class='avia-section main_color avia-section-default avia-no-border-styling  avia-bg-style-scroll  avia-builder-el-2  el_after_av_slideshow_full  el_before_av_section   container_wrap fullsize' style=' '  ><div class='container' ><div class='template-page content  av-content-full alpha units'><div class='post-entry post-entry-type-page post-entry-7027'><div class='entry-content-wrapper clearfix'>\n<div  style='padding-bottom:10px; margin:0px 0px 0px 0px; ' class='av-special-heading av-special-heading-h1  blockquote modern-quote modern-centered  avia-builder-el-3  el_before_av_one_half  avia-builder-el-first  '><h1 class='av-special-heading-tag '  itemprop=\"headline\"  >G\u00c6STEV\u00c6RELSER<\/h1><div class='special-heading-border'><div class='special-heading-inner-border' ><\/div><\/div><\/div>\n<div class=\"flex_column av_one_half  flex_column_div av-zero-column-padding first  avia-builder-el-4  el_after_av_heading  el_before_av_one_half  \" style='border-radius:0px; '><section class=\"av_textblock_section \"  itemscope=\"itemscope\" itemtype=\"https:\/\/schema.org\/CreativeWork\" ><div class='avia_textblock  '   itemprop=\"text\" ><p style=\"text-align: left;\">Vi har 16 rummelige og prisvenlige dobbeltv\u00e6relser til r\u00e5dighed for familier og venner. Nogle af dem har forbindelsesd\u00f8re mellem to v\u00e6relser, for at g\u00f8re det lettere for familier. V\u00e6relserne er placeret i de tre bygninger t\u00e6t p\u00e5 ejerlejlighederne. Alle v\u00e6relser har badev\u00e6relse og wifi forbindelse<\/p>\n<\/div><\/section><\/div><div class=\"flex_column av_one_half  flex_column_div av-zero-column-padding   avia-builder-el-6  el_after_av_one_half  avia-builder-el-last  \" style='border-radius:0px; '><div  class='avia-image-container  av-styling-    avia-builder-el-7  avia-builder-el-no-sibling  avia-align-center '  itemprop=\"image\" itemscope=\"itemscope\" itemtype=\"https:\/\/schema.org\/ImageObject\"  ><div class='avia-image-container-inner'><div class='avia-image-overlay-wrap'><img decoding=\"async\" class='wp-image-6186 avia-img-lazy-loading-not-6186 avia_image' src=\"https:\/\/scandinavianvillage.net\/wp-content\/uploads\/2023\/06\/3-1-1030x773.jpg\" alt='' title='' height=\"773\" width=\"1030\"  itemprop=\"thumbnailUrl\" srcset=\"https:\/\/scandinavianvillage.net\/wp-content\/uploads\/2023\/06\/3-1-1030x773.jpg 1030w, https:\/\/scandinavianvillage.net\/wp-content\/uploads\/2023\/06\/3-1-300x225.jpg 300w, https:\/\/scandinavianvillage.net\/wp-content\/uploads\/2023\/06\/3-1-768x576.jpg 768w, https:\/\/scandinavianvillage.net\/wp-content\/uploads\/2023\/06\/3-1-705x529.jpg 705w, https:\/\/scandinavianvillage.net\/wp-content\/uploads\/2023\/06\/3-1.jpg 1280w\" sizes=\"(max-width: 1030px) 100vw, 1030px\" \/><\/div><\/div><\/div><\/div><\/div><\/div><\/div><!-- close content main div --><\/div><\/div><div id='av_section_2'  class='avia-section main_color avia-section-default avia-no-border-styling  avia-bg-style-scroll  avia-builder-el-8  el_after_av_section  avia-builder-el-last   container_wrap fullsize' style='background-color: #f7f7f7;  '  ><div class='container' ><div class='template-page content  av-content-full alpha units'><div class='post-entry post-entry-type-page post-entry-7027'><div class='entry-content-wrapper clearfix'>\n<div class=\"flex_column av_one_full  flex_column_div av-zero-column-padding first  avia-builder-el-9  avia-builder-el-no-sibling  \" style='border-radius:0px; '><div id='av-masonry-1' class='av-masonry  noHover av-fixed-size av-large-gap av-hover-overlay- av-masonry-animation-active av-masonry-col-5 av-caption-always av-caption-style- av-masonry-gallery     '  ><div class='av-masonry-container isotope av-js-disabled ' ><div class='av-masonry-entry isotope-item av-masonry-item-no-image '><\/div><a href=\"https:\/\/scandinavianvillage.net\/wp-content\/uploads\/2023\/06\/20211019_092653-1030x773.jpg\"  aria-label=\"image 20211019_092653\"  id='av-masonry-1-item-5414' data-av-masonry-item='5414' class='av-masonry-entry isotope-item post-5414 attachment type-attachment status-inherit hentry  av-masonry-item-with-image' title=\"20211019_092653\" alt=\"\"   itemprop=\"thumbnailUrl\" ><div class='av-inner-masonry-sizer'><\/div><figure class='av-inner-masonry main_color'><div class=\"av-masonry-outerimage-container\"><div class=\"av-masonry-image-container\" style=\"background-image: url(https:\/\/scandinavianvillage.net\/wp-content\/uploads\/2023\/06\/20211019_092653-705x529.jpg);\" title=\"20211019_092653\" ><\/div><\/div><\/figure><\/a><!--end av-masonry entry--><a href=\"https:\/\/scandinavianvillage.net\/wp-content\/uploads\/2023\/06\/5-1-1030x773.jpg\"  aria-label=\"image image with no title\"  id='av-masonry-1-item-6190' data-av-masonry-item='6190' class='av-masonry-entry isotope-item post-6190 attachment type-attachment status-inherit hentry  av-masonry-item-with-image' title=\"\" alt=\"\"   itemprop=\"thumbnailUrl\" ><div class='av-inner-masonry-sizer'><\/div><figure class='av-inner-masonry main_color'><div class=\"av-masonry-outerimage-container\"><div class=\"av-masonry-image-container\" style=\"background-image: url(https:\/\/scandinavianvillage.net\/wp-content\/uploads\/2023\/06\/5-1-705x529.jpg);\"><\/div><\/div><\/figure><\/a><!--end av-masonry entry--><a href=\"https:\/\/scandinavianvillage.net\/wp-content\/uploads\/2023\/06\/6-1-1030x773.jpg\"  aria-label=\"image image with no title\"  id='av-masonry-1-item-6192' data-av-masonry-item='6192' class='av-masonry-entry isotope-item post-6192 attachment type-attachment status-inherit hentry  av-masonry-item-with-image' title=\"\" alt=\"\"   itemprop=\"thumbnailUrl\" ><div class='av-inner-masonry-sizer'><\/div><figure class='av-inner-masonry main_color'><div class=\"av-masonry-outerimage-container\"><div class=\"av-masonry-image-container\" style=\"background-image: url(https:\/\/scandinavianvillage.net\/wp-content\/uploads\/2023\/06\/6-1-705x529.jpg);\"><\/div><\/div><\/figure><\/a><!--end av-masonry entry--><a href=\"https:\/\/scandinavianvillage.net\/wp-content\/uploads\/2023\/06\/9.2-1030x773.jpg\"  aria-label=\"image image with no title\"  id='av-masonry-1-item-6200' data-av-masonry-item='6200' class='av-masonry-entry isotope-item post-6200 attachment type-attachment status-inherit hentry  av-masonry-item-with-image' title=\"\" alt=\"\"   itemprop=\"thumbnailUrl\" ><div class='av-inner-masonry-sizer'><\/div><figure class='av-inner-masonry main_color'><div class=\"av-masonry-outerimage-container\"><div class=\"av-masonry-image-container\" style=\"background-image: url(https:\/\/scandinavianvillage.net\/wp-content\/uploads\/2023\/06\/9.2-705x529.jpg);\"><\/div><\/div><\/figure><\/a><!--end av-masonry entry--><a href=\"https:\/\/scandinavianvillage.net\/wp-content\/uploads\/2023\/06\/1-2-1030x773.jpg\"  aria-label=\"image image with no title\"  id='av-masonry-1-item-6208' data-av-masonry-item='6208' class='av-masonry-entry isotope-item post-6208 attachment type-attachment status-inherit hentry  av-masonry-item-with-image' title=\"\" alt=\"\"   itemprop=\"thumbnailUrl\" ><div class='av-inner-masonry-sizer'><\/div><figure class='av-inner-masonry main_color'><div class=\"av-masonry-outerimage-container\"><div class=\"av-masonry-image-container\" style=\"background-image: url(https:\/\/scandinavianvillage.net\/wp-content\/uploads\/2023\/06\/1-2-705x529.jpg);\"><\/div><\/div><\/figure><\/a><!--end av-masonry entry--><\/div><\/div><\/div>\n<\/p>\n","protected":false},"excerpt":{"rendered":"","protected":false},"author":2,"featured_media":5412,"parent":0,"menu_order":0,"comment_status":"closed","ping_status":"closed","template":"","meta":{"_acf_changed":false,"footnotes":""},"class_list":["post-7027","page","type-page","status-publish","has-post-thumbnail","hentry"],"acf":[],"_links":{"self":[{"href":"https:\/\/scandinavianvillage.net\/da\/wp-json\/wp\/v2\/pages\/7027","targetHints":{"allow":["GET"]}}],"collection":[{"href":"https:\/\/scandinavianvillage.net\/da\/wp-json\/wp\/v2\/pages"}],"about":[{"href":"https:\/\/scandinavianvillage.net\/da\/wp-json\/wp\/v2\/types\/page"}],"author":[{"embeddable":true,"href":"https:\/\/scandinavianvillage.net\/da\/wp-json\/wp\/v2\/users\/2"}],"replies":[{"embeddable":true,"href":"https:\/\/scandinavianvillage.net\/da\/wp-json\/wp\/v2\/comments?post=7027"}],"version-history":[{"count":3,"href":"https:\/\/scandinavianvillage.net\/da\/wp-json\/wp\/v2\/pages\/7027\/revisions"}],"predecessor-version":[{"id":7922,"href":"https:\/\/scandinavianvillage.net\/da\/wp-json\/wp\/v2\/pages\/7027\/revisions\/7922"}],"wp:featuredmedia":[{"embeddable":true,"href":"https:\/\/scandinavianvillage.net\/da\/wp-json\/wp\/v2\/media\/5412"}],"wp:attachment":[{"href":"https:\/\/scandinavianvillage.net\/da\/wp-json\/wp\/v2\/media?parent=7027"}],"curies":[{"name":"wp","href":"https:\/\/api.w.org\/{rel}","templated":true}]}}