{"id":7038,"date":"2023-06-06T13:38:50","date_gmt":"2023-06-06T11:38:50","guid":{"rendered":"https:\/\/scandinavianvillage.net\/var-restaurang-shuttle\/"},"modified":"2024-01-18T08:21:55","modified_gmt":"2024-01-18T07:21:55","slug":"vores-restaurant-shuttle","status":"publish","type":"page","link":"https:\/\/scandinavianvillage.net\/da\/vores-restaurant-shuttle\/","title":{"rendered":"VORES RESTAURANT &#038; SHUTTLE"},"content":{"rendered":"<div id='full_slider_1'  class='avia-fullwidth-slider main_color avia-shadow  av-small-hide av-mini-hide  avia-builder-el-0  el_before_av_slideshow_full  avia-builder-el-first   container_wrap fullsize' style=' '  ><div   data-size='featured_large'  data-lightbox_size='large'  data-animation='slide'  data-conditional_play=''  data-ids='702'  data-video_counter='0'  data-autoplay='false'  data-bg_slider='false'  data-slide_height=''  data-handle='av_slideshow_full'  data-interval='5'  data-class=' '  data-el_id=''  data-css_id=''  data-scroll_down=''  data-control_layout='av-control-default'  data-custom_markup=''  data-perma_caption=''  data-autoplay_stopper=''  data-image_attachment=''  data-min_height=''  data-lazy_loading='disabled'  data-src=''  data-position='top left'  data-repeat='no-repeat'  data-attach='scroll'  data-stretch=''  data-default-height='32.8125'  class='avia-slideshow avia-slideshow-1  av-control-default av-default-height-applied avia-slideshow-featured_large av_slideshow_full   avia-slide-slider '  itemprop=\"image\" itemscope=\"itemscope\" itemtype=\"https:\/\/schema.org\/ImageObject\" ><ul class='avia-slideshow-inner ' style='padding-bottom: 32.8125%;' ><li  class=' av-single-slide slide-1 ' ><div data-rel='slideshow-1' class='avia-slide-wrap '   ><img decoding=\"async\" class=\"wp-image-5224 avia-img-lazy-loading-not-5224\"  src=\"https:\/\/scandinavianvillage.net\/wp-content\/uploads\/2023\/06\/banner2-1920x630.jpg\" width=\"1920\" height=\"630\" title='' alt=''  itemprop=\"thumbnailUrl\"   \/><\/div><\/li><\/ul><\/div><\/div>\n<div id='full_slider_2'  class='avia-fullwidth-slider main_color avia-shadow  av-desktop-hide av-medium-hide  avia-builder-el-1  el_after_av_slideshow_full  el_before_av_section   slider-not-first container_wrap fullsize' style=' '  ><div   data-size='large'  data-lightbox_size='large'  data-animation='slide'  data-conditional_play=''  data-ids='702'  data-video_counter='0'  data-autoplay='false'  data-bg_slider='false'  data-slide_height=''  data-handle='av_slideshow_full'  data-interval='5'  data-class=' '  data-el_id=''  data-css_id=''  data-scroll_down=''  data-control_layout='av-control-default'  data-custom_markup=''  data-perma_caption=''  data-autoplay_stopper=''  data-image_attachment=''  data-min_height='300px'  data-lazy_loading='disabled'  data-src=''  data-position='top left'  data-repeat='no-repeat'  data-attach='scroll'  data-stretch=''  class='avia-slideshow avia-slideshow-2  av-control-default av-default-height-applied avia-slideshow-large av_slideshow_full   avia-slide-slider '  itemprop=\"image\" itemscope=\"itemscope\" itemtype=\"https:\/\/schema.org\/ImageObject\" ><ul class='avia-slideshow-inner ' style='padding-bottom: 52.038834951456%;' ><li  class=' av-single-slide slide-1 ' ><div data-rel='slideshow-2' class='avia-slide-wrap '   ><img decoding=\"async\" class=\"wp-image-5224 avia-img-lazy-loading-not-5224\"  src=\"https:\/\/scandinavianvillage.net\/wp-content\/uploads\/2023\/06\/banner2-1030x536.jpg\" width=\"1030\" height=\"536\" title='' alt=''  itemprop=\"thumbnailUrl\"  style='min-height:300px; min-width:577px; ' srcset=\"https:\/\/scandinavianvillage.net\/wp-content\/uploads\/2023\/06\/banner2-1030x536.jpg 1030w, https:\/\/scandinavianvillage.net\/wp-content\/uploads\/2023\/06\/banner2-300x156.jpg 300w, https:\/\/scandinavianvillage.net\/wp-content\/uploads\/2023\/06\/banner2-768x400.jpg 768w, https:\/\/scandinavianvillage.net\/wp-content\/uploads\/2023\/06\/banner2-1536x800.jpg 1536w, https:\/\/scandinavianvillage.net\/wp-content\/uploads\/2023\/06\/banner2-705x367.jpg 705w, https:\/\/scandinavianvillage.net\/wp-content\/uploads\/2023\/06\/banner2.jpg 1920w\" sizes=\"(max-width: 1030px) 100vw, 1030px\" \/><\/div><\/li><\/ul><\/div><\/div>\n<div id='av_section_1'  class='avia-section main_color avia-section-default avia-no-border-styling  avia-bg-style-scroll  avia-builder-el-2  el_after_av_slideshow_full  avia-builder-el-last   container_wrap fullsize' style=' '  ><div class='container' ><div class='template-page content  av-content-full alpha units'><div class='post-entry post-entry-type-page post-entry-7038'><div class='entry-content-wrapper clearfix'>\n<div class=\"flex_column av_one_full  flex_column_div av-zero-column-padding first  avia-builder-el-3  avia-builder-el-no-sibling  \" style='border-radius:0px; '><p><div  style='padding-bottom:10px; margin:0px 0px 0px 0px; ' class='av-special-heading av-special-heading-h1  blockquote modern-quote modern-centered  avia-builder-el-4  el_before_av_textblock  avia-builder-el-first  '><h1 class='av-special-heading-tag '  itemprop=\"headline\"  >VORES RESTAURANT <span class='special_amp'>&amp;<\/span> SHUTTLE<\/h1><div class='special-heading-border'><div class='special-heading-inner-border' ><\/div><\/div><\/div><br \/>\n<section class=\"av_textblock_section \"  itemscope=\"itemscope\" itemtype=\"https:\/\/schema.org\/CreativeWork\" ><div class='avia_textblock  '   itemprop=\"text\" ><p style=\"text-align: center;\">I restauranten spiser vi gladeligt gode middage! Her serveres en r\u00e6kke thailandske og vestlige retter. Det fantastiske personale har altid et smil p\u00e5 l\u00e6ben! Vi har ogs\u00e5 en masse arrangementer og fester her.<\/p>\n<p style=\"text-align: center;\"><strong>Thailand, &#8220;The Land of Smiles&#8221;<\/strong><\/p>\n<p style=\"text-align: center;\"><em>Thailand kaldes ofte \u201c<strong>The Land of Smiles<\/strong>.\u201d K\u00e6lenavnet kommer af, at et smil i <strong>Thailand<\/strong> er s\u00e5 meget mere end blot et smil &#8211; det er en m\u00e5de at kommunikere p\u00e5. Der er mindst 13 forskellige smil &#8211; alle med forskellige betydninger.<\/em><\/p>\n<p style=\"text-align: center;\">Vores egen<strong> songthaew\/shuttle<\/strong>, der k\u00f8rer os til at shoppe, spise middag p\u00e5 en af alle de hyggelige restauranter eller m\u00e5ske g\u00e5 en tur p\u00e5 stranden. Songthaew betyder \u00a8to r\u00e6kker\u00a8 og er ombyggede pick-up-biler med to s\u00e6der\u00e6kker bagtil til passagerer.<\/p>\n<\/div><\/section><\/p><\/div>\n","protected":false},"excerpt":{"rendered":"","protected":false},"author":2,"featured_media":5224,"parent":0,"menu_order":0,"comment_status":"closed","ping_status":"closed","template":"","meta":{"_acf_changed":false,"footnotes":""},"class_list":["post-7038","page","type-page","status-publish","has-post-thumbnail","hentry"],"acf":[],"_links":{"self":[{"href":"https:\/\/scandinavianvillage.net\/da\/wp-json\/wp\/v2\/pages\/7038","targetHints":{"allow":["GET"]}}],"collection":[{"href":"https:\/\/scandinavianvillage.net\/da\/wp-json\/wp\/v2\/pages"}],"about":[{"href":"https:\/\/scandinavianvillage.net\/da\/wp-json\/wp\/v2\/types\/page"}],"author":[{"embeddable":true,"href":"https:\/\/scandinavianvillage.net\/da\/wp-json\/wp\/v2\/users\/2"}],"replies":[{"embeddable":true,"href":"https:\/\/scandinavianvillage.net\/da\/wp-json\/wp\/v2\/comments?post=7038"}],"version-history":[{"count":4,"href":"https:\/\/scandinavianvillage.net\/da\/wp-json\/wp\/v2\/pages\/7038\/revisions"}],"predecessor-version":[{"id":7919,"href":"https:\/\/scandinavianvillage.net\/da\/wp-json\/wp\/v2\/pages\/7038\/revisions\/7919"}],"wp:featuredmedia":[{"embeddable":true,"href":"https:\/\/scandinavianvillage.net\/da\/wp-json\/wp\/v2\/media\/5224"}],"wp:attachment":[{"href":"https:\/\/scandinavianvillage.net\/da\/wp-json\/wp\/v2\/media?parent=7038"}],"curies":[{"name":"wp","href":"https:\/\/api.w.org\/{rel}","templated":true}]}}