{"id":7047,"date":"2023-06-06T13:39:02","date_gmt":"2023-06-06T11:39:02","guid":{"rendered":"https:\/\/scandinavianvillage.net\/golf\/"},"modified":"2025-01-17T08:38:50","modified_gmt":"2025-01-17T07:38:50","slug":"golf","status":"publish","type":"page","link":"https:\/\/scandinavianvillage.net\/da\/golf\/","title":{"rendered":"Golf"},"content":{"rendered":"<div id='full_slider_1'  class='avia-fullwidth-slider main_color avia-shadow  av-small-hide av-mini-hide  avia-builder-el-0  el_before_av_slideshow_full  avia-builder-el-first   container_wrap fullsize' style=' '  ><div   data-size='featured_large'  data-lightbox_size='large'  data-animation='slide'  data-conditional_play=''  data-ids='1531'  data-video_counter='0'  data-autoplay='false'  data-bg_slider='false'  data-slide_height=''  data-handle='av_slideshow_full'  data-interval='5'  data-class=' '  data-el_id=''  data-css_id=''  data-scroll_down=''  data-control_layout='av-control-default'  data-custom_markup=''  data-perma_caption=''  data-autoplay_stopper=''  data-image_attachment=''  data-min_height=''  data-lazy_loading='disabled'  data-src=''  data-position='top left'  data-repeat='no-repeat'  data-attach='scroll'  data-stretch=''  data-default-height='32.8125'  class='avia-slideshow avia-slideshow-1  av-control-default av-default-height-applied avia-slideshow-featured_large av_slideshow_full   avia-slide-slider '  itemprop=\"image\" itemscope=\"itemscope\" itemtype=\"https:\/\/schema.org\/ImageObject\" ><ul class='avia-slideshow-inner ' style='padding-bottom: 32.8125%;' ><li  class=' av-single-slide slide-1 ' ><div data-rel='slideshow-1' class='avia-slide-wrap '   ><img decoding=\"async\" class=\"wp-image-5280 avia-img-lazy-loading-not-5280\"  src=\"https:\/\/scandinavianvillage.net\/wp-content\/uploads\/2023\/06\/3989736-golf-course-in-thailand-1920x630.jpg\" width=\"1920\" height=\"630\" title='' alt=''  itemprop=\"thumbnailUrl\"   \/><\/div><\/li><\/ul><\/div><\/div>\n<div id='full_slider_2'  class='avia-fullwidth-slider main_color avia-shadow  av-desktop-hide av-medium-hide  avia-builder-el-1  el_after_av_slideshow_full  el_before_av_section   slider-not-first container_wrap fullsize' style=' '  ><div   data-size='large'  data-lightbox_size='large'  data-animation='slide'  data-conditional_play=''  data-ids='1531'  data-video_counter='0'  data-autoplay='false'  data-bg_slider='false'  data-slide_height=''  data-handle='av_slideshow_full'  data-interval='5'  data-class=' '  data-el_id=''  data-css_id=''  data-scroll_down=''  data-control_layout='av-control-default'  data-custom_markup=''  data-perma_caption=''  data-autoplay_stopper=''  data-image_attachment=''  data-min_height='300px'  data-lazy_loading='disabled'  data-src=''  data-position='top left'  data-repeat='no-repeat'  data-attach='scroll'  data-stretch=''  class='avia-slideshow avia-slideshow-2  av-control-default av-default-height-applied avia-slideshow-large av_slideshow_full   avia-slide-slider '  itemprop=\"image\" itemscope=\"itemscope\" itemtype=\"https:\/\/schema.org\/ImageObject\" ><ul class='avia-slideshow-inner ' style='padding-bottom: 66.990291262136%;' ><li  class=' av-single-slide slide-1 ' ><div data-rel='slideshow-2' class='avia-slide-wrap '   ><img decoding=\"async\" class=\"wp-image-5280 avia-img-lazy-loading-not-5280\"  src=\"https:\/\/scandinavianvillage.net\/wp-content\/uploads\/2023\/06\/3989736-golf-course-in-thailand-1030x690.jpg\" width=\"1030\" height=\"690\" title='' alt=''  itemprop=\"thumbnailUrl\"  style='min-height:300px; min-width:448px; ' srcset=\"https:\/\/scandinavianvillage.net\/wp-content\/uploads\/2023\/06\/3989736-golf-course-in-thailand-1030x690.jpg 1030w, https:\/\/scandinavianvillage.net\/wp-content\/uploads\/2023\/06\/3989736-golf-course-in-thailand-300x201.jpg 300w, https:\/\/scandinavianvillage.net\/wp-content\/uploads\/2023\/06\/3989736-golf-course-in-thailand-768x514.jpg 768w, https:\/\/scandinavianvillage.net\/wp-content\/uploads\/2023\/06\/3989736-golf-course-in-thailand-1536x1028.jpg 1536w, https:\/\/scandinavianvillage.net\/wp-content\/uploads\/2023\/06\/3989736-golf-course-in-thailand-2048x1371.jpg 2048w, https:\/\/scandinavianvillage.net\/wp-content\/uploads\/2023\/06\/3989736-golf-course-in-thailand-1920x1285.jpg 1920w, https:\/\/scandinavianvillage.net\/wp-content\/uploads\/2023\/06\/3989736-golf-course-in-thailand-705x472.jpg 705w\" sizes=\"(max-width: 1030px) 100vw, 1030px\" \/><\/div><\/li><\/ul><\/div><\/div>\n<div id='av_section_1'  class='avia-section main_color avia-section-default avia-no-border-styling  avia-bg-style-scroll  avia-builder-el-2  el_after_av_slideshow_full  avia-builder-el-last   container_wrap fullsize' style=' '  ><div class='container' ><div class='template-page content  av-content-full alpha units'><div class='post-entry post-entry-type-page post-entry-7047'><div class='entry-content-wrapper clearfix'>\n<div class=\"flex_column av_one_full  flex_column_div av-zero-column-padding first  avia-builder-el-3  avia-builder-el-no-sibling  \" style='border-radius:0px; '><p><div  style='padding-bottom:10px; margin:0px 0px 0px 0px; ' class='av-special-heading av-special-heading-h1  blockquote modern-quote modern-centered  avia-builder-el-4  el_before_av_textblock  avia-builder-el-first  '><h1 class='av-special-heading-tag '  itemprop=\"headline\"  >GOLF<\/h1><div class='special-heading-border'><div class='special-heading-inner-border' ><\/div><\/div><\/div><br \/>\n<section class=\"av_textblock_section \"  itemscope=\"itemscope\" itemtype=\"https:\/\/schema.org\/CreativeWork\" ><div class='avia_textblock word_br_div '   itemprop=\"text\" ><p style=\"text-align: center;\">I vores n\u00e6rhed er der mange gode baner for enhver smag. Golf er stort i Thailand og i <strong>Scandinavian Village<\/strong>. For dem, der har lyst, har vi turneringer, der l\u00f8ber hele s\u00e6sonen for b\u00e5de damer og herrer, og der er ture til klubber hver dag.<\/p>\n<p style=\"text-align: center;\">Nogle af de gode kurser er:<br \/>\n<strong>Laem Chabang<\/strong>, Laf\u00f8rsteklasses bane designet af Jack Nicklaus. Flere fra <strong>Scandinavian Village<\/strong> er medlemmer her<br \/>\n\u2013<a href=\"http:\/\/www.laemchabanggolf.com\/\" target=\"_blank\" rel=\"noopener\"> www.laemchabanggolf.com<\/a><\/p>\n<p style=\"text-align: center;\"><strong>Khao Kheow<\/strong> \u2013 Rigtig fin bane med tre 9-hullers sl\u00f8jfer.<br \/>\n\u2013<\/p>\n<p style=\"text-align: center;\"><strong>Royal Lakeside<\/strong> \u2013 Meget velholdt bane ud til havet.<br \/>\n\u2013 <a href=\"https:\/\/www.royallakeside.com\/\" target=\"_blank\" rel=\"noopener\">https:\/\/www.royallakeside.com\/ <\/a><\/p>\n<p style=\"text-align: center;\"><strong>Black Mountain, Hua Hin<\/strong>, 27 huller \u2013 flere gange k\u00e5ret som Thailands bedste bane. Dejligt at tage en tur til.<br \/>\n&#8211; <a href=\"https:\/\/www.blackmountainhuahin.com\/\" target=\"_blank\" rel=\"noopener\">https:\/\/www.blackmountainhuahin.com\/<\/a><\/p>\n<\/div><\/section><br \/>\n<div  class='avia-video avia-video-16-9 avia-video-html5  ' style='background-image:url(\"https:\/\/scandinavianvillage.net\/wp-content\/uploads\/2025\/01\/2025-01-17_083511-1030x519.png\");'  itemprop=\"video\" itemtype=\"https:\/\/schema.org\/VideoObject\"  data-original_url='https:\/\/scandinavianvillage.net\/wp-content\/uploads\/2025\/01\/Sequence-01_Golf_SWE_Final1.mp4' ><video class='avia_video' poster=\"https:\/\/scandinavianvillage.net\/wp-content\/uploads\/2025\/01\/2025-01-17_083511-1030x519.png\"   preload=\"auto\"  controls id='player_7047_1619565068_2043522013'><source src=\"https:\/\/scandinavianvillage.net\/wp-content\/uploads\/2025\/01\/Sequence-01_Golf_SWE_Final1.mp4\" type=\"video\/mp4\" \/><\/video><\/div><\/p><\/div>\n","protected":false},"excerpt":{"rendered":"","protected":false},"author":2,"featured_media":5280,"parent":0,"menu_order":0,"comment_status":"closed","ping_status":"closed","template":"","meta":{"_acf_changed":false,"footnotes":""},"class_list":["post-7047","page","type-page","status-publish","has-post-thumbnail","hentry"],"acf":[],"_links":{"self":[{"href":"https:\/\/scandinavianvillage.net\/da\/wp-json\/wp\/v2\/pages\/7047","targetHints":{"allow":["GET"]}}],"collection":[{"href":"https:\/\/scandinavianvillage.net\/da\/wp-json\/wp\/v2\/pages"}],"about":[{"href":"https:\/\/scandinavianvillage.net\/da\/wp-json\/wp\/v2\/types\/page"}],"author":[{"embeddable":true,"href":"https:\/\/scandinavianvillage.net\/da\/wp-json\/wp\/v2\/users\/2"}],"replies":[{"embeddable":true,"href":"https:\/\/scandinavianvillage.net\/da\/wp-json\/wp\/v2\/comments?post=7047"}],"version-history":[{"count":3,"href":"https:\/\/scandinavianvillage.net\/da\/wp-json\/wp\/v2\/pages\/7047\/revisions"}],"predecessor-version":[{"id":12141,"href":"https:\/\/scandinavianvillage.net\/da\/wp-json\/wp\/v2\/pages\/7047\/revisions\/12141"}],"wp:featuredmedia":[{"embeddable":true,"href":"https:\/\/scandinavianvillage.net\/da\/wp-json\/wp\/v2\/media\/5280"}],"wp:attachment":[{"href":"https:\/\/scandinavianvillage.net\/da\/wp-json\/wp\/v2\/media?parent=7047"}],"curies":[{"name":"wp","href":"https:\/\/api.w.org\/{rel}","templated":true}]}}