{"id":7767,"date":"2022-04-25T11:39:04","date_gmt":"2022-04-25T09:39:04","guid":{"rendered":"https:\/\/scandinavianvillage.net\/integritetspolicy\/"},"modified":"2024-01-18T08:53:16","modified_gmt":"2024-01-18T07:53:16","slug":"fortrolighedspolitik","status":"publish","type":"page","link":"https:\/\/scandinavianvillage.net\/da\/fortrolighedspolitik\/","title":{"rendered":"Fortrolighedspolitik"},"content":{"rendered":"<div id='full_slider_1'  class='avia-fullwidth-slider main_color avia-shadow  av-small-hide av-mini-hide  avia-builder-el-0  el_before_av_slideshow_full  avia-builder-el-first   container_wrap fullsize' style=' '  ><div   data-size='featured_large'  data-lightbox_size='large'  data-animation='slide'  data-conditional_play=''  data-ids='714'  data-video_counter='0'  data-autoplay='false'  data-bg_slider='false'  data-slide_height=''  data-handle='av_slideshow_full'  data-interval='5'  data-class=' '  data-el_id=''  data-css_id=''  data-scroll_down=''  data-control_layout='av-control-default'  data-custom_markup=''  data-perma_caption=''  data-autoplay_stopper=''  data-image_attachment=''  data-min_height=''  data-lazy_loading='disabled'  data-src=''  data-position='top left'  data-repeat='no-repeat'  data-attach='scroll'  data-stretch=''  data-default-height='32.8125'  class='avia-slideshow avia-slideshow-1  av-control-default av-default-height-applied avia-slideshow-featured_large av_slideshow_full   avia-slide-slider '  itemprop=\"image\" itemscope=\"itemscope\" itemtype=\"https:\/\/schema.org\/ImageObject\" ><ul class='avia-slideshow-inner ' style='padding-bottom: 32.8125%;' ><li  class=' av-single-slide slide-1 ' ><div data-rel='slideshow-1' class='avia-slide-wrap '   ><img decoding=\"async\" class=\"wp-image-5228 avia-img-lazy-loading-not-5228\"  src=\"https:\/\/scandinavianvillage.net\/wp-content\/uploads\/2023\/06\/banner-4-1920x630.jpg\" width=\"1920\" height=\"630\" title='' alt=''  itemprop=\"thumbnailUrl\"   \/><\/div><\/li><\/ul><\/div><\/div>\n<div id='full_slider_2'  class='avia-fullwidth-slider main_color avia-shadow  av-desktop-hide av-medium-hide  avia-builder-el-1  el_after_av_slideshow_full  el_before_av_section   slider-not-first container_wrap fullsize' style=' '  ><div   data-size='large'  data-lightbox_size='large'  data-animation='slide'  data-conditional_play=''  data-ids='714'  data-video_counter='0'  data-autoplay='false'  data-bg_slider='false'  data-slide_height=''  data-handle='av_slideshow_full'  data-interval='5'  data-class=' '  data-el_id=''  data-css_id=''  data-scroll_down=''  data-control_layout='av-control-default'  data-custom_markup=''  data-perma_caption=''  data-autoplay_stopper=''  data-image_attachment=''  data-min_height='300px'  data-lazy_loading='disabled'  data-src=''  data-position='top left'  data-repeat='no-repeat'  data-attach='scroll'  data-stretch=''  class='avia-slideshow avia-slideshow-2  av-control-default av-default-height-applied avia-slideshow-large av_slideshow_full   avia-slide-slider '  itemprop=\"image\" itemscope=\"itemscope\" itemtype=\"https:\/\/schema.org\/ImageObject\" ><ul class='avia-slideshow-inner ' style='padding-bottom: 80%;' ><li  class=' av-single-slide slide-1 ' ><div data-rel='slideshow-2' class='avia-slide-wrap '   ><img decoding=\"async\" class=\"wp-image-5228 avia-img-lazy-loading-not-5228\"  src=\"https:\/\/scandinavianvillage.net\/wp-content\/uploads\/2023\/06\/banner-4-1030x824.jpg\" width=\"1030\" height=\"824\" title='' alt=''  itemprop=\"thumbnailUrl\"  style='min-height:300px; min-width:375px; ' srcset=\"https:\/\/scandinavianvillage.net\/wp-content\/uploads\/2023\/06\/banner-4-1030x824.jpg 1030w, https:\/\/scandinavianvillage.net\/wp-content\/uploads\/2023\/06\/banner-4-300x240.jpg 300w, https:\/\/scandinavianvillage.net\/wp-content\/uploads\/2023\/06\/banner-4-768x614.jpg 768w, https:\/\/scandinavianvillage.net\/wp-content\/uploads\/2023\/06\/banner-4-1536x1229.jpg 1536w, https:\/\/scandinavianvillage.net\/wp-content\/uploads\/2023\/06\/banner-4-1920x1536.jpg 1920w, https:\/\/scandinavianvillage.net\/wp-content\/uploads\/2023\/06\/banner-4-705x564.jpg 705w, https:\/\/scandinavianvillage.net\/wp-content\/uploads\/2023\/06\/banner-4.jpg 2000w\" sizes=\"(max-width: 1030px) 100vw, 1030px\" \/><\/div><\/li><\/ul><\/div><\/div>\n<div id='av_section_1'  class='avia-section main_color avia-section-default avia-no-border-styling  avia-bg-style-scroll  avia-builder-el-2  el_after_av_slideshow_full  avia-builder-el-last   container_wrap fullsize' style=' '  ><div class='container' ><div class='template-page content  av-content-full alpha units'><div class='post-entry post-entry-type-page post-entry-7767'><div class='entry-content-wrapper clearfix'>\n<div class=\"flex_column av_one_full  flex_column_div av-zero-column-padding first  avia-builder-el-3  avia-builder-el-no-sibling  \" style='border-radius:0px; '><p><div  style='padding-bottom:10px; ' class='av-special-heading av-special-heading-h1    avia-builder-el-4  el_before_av_textblock  avia-builder-el-first  '><h1 class='av-special-heading-tag '  itemprop=\"headline\"  >INTEGRITETSPOLITIK FOR SCANDINAVIAN VILLAGE CO LTD (SVCL)<\/h1><div class='special-heading-border'><div class='special-heading-inner-border' ><\/div><\/div><\/div><br \/>\n<section class=\"av_textblock_section \"  itemscope=\"itemscope\" itemtype=\"https:\/\/schema.org\/CreativeWork\" ><div class='avia_textblock  '   itemprop=\"text\" ><h3>BAGGRUND<\/h3>\n<p>SVCL indsamler og opbevarer oplysninger, som du afgiver inden for rammerne af en m\u00e6gleropgave af bolig hos Scandinavian Village. Du kan v\u00e6re registreret med persondata baseret p\u00e5 forskellige form\u00e5l, for eksempel som s\u00e6lger, k\u00f8ber, potentiel s\u00e6lger eller spekulant. Denne informationstekst specificerer, hvilke kategorier af personoplysninger SVCL behandler, og til hvilke form\u00e5l de behandles.<\/p>\n<p>Gennemg\u00e5ende bruges udtrykket &#8220;behandling&#8221;, som omfatter alle handlinger, der involverer persondata, herunder uden begr\u00e6nsning, indsamling, h\u00e5ndtering, opbevaring, deling, adgang, brug, overf\u00f8rsel og sletning af data.<\/p>\n<h3>PERSONLIG DATA<\/h3>\n<p>&#8220;Personlige data&#8221; henviser til enhver information, der direkte eller indirekte kan knyttes til en identificeret eller identificerbar fysisk person. SVCL indsamler de personoplysninger, du selv har givet til virksomheden, samt i s\u00e6rlige tilf\u00e6lde adresseoplysninger offentliggjort p\u00e5 internettet. Hvis du vil kende aktuelle kilder for dig, b\u00f8r du kontakte SVCL.<\/p>\n<h4>Form\u00e5let med behandlingen af \u200b\u200bdine personoplysninger<\/h4>\n<p>K\u00f8ber<\/p>\n<p>Hvis du k\u00f8ber en bolig i Scandinavian Village, gennem aktier i SVCL og SV Holding S.A. knyttet til boligen. (SVH) SVCL behandler dine personoplysninger til f\u00f8lgende form\u00e5l. SVCL behandler dine data for at udarbejde overf\u00f8rselsdokumenter med korrekte person- og ejendomsdata. De data SVCL behandler inden for rammerne af dette form\u00e5l er:<\/p>\n<ul>\n<li>Email adresse<\/li>\n<li>Telefonnummer<\/li>\n<li>Adresse \u2022 \u200b\u200bNavn<\/li>\n<li>Kopi af pas og pasnummer<\/li>\n<li>Lejlighedsnummer og andele knyttet til lejligheden<\/li>\n<li>Overdragelsesdokumenter vedr\u00f8rende erhvervet bolig og besl\u00e6gtede andele<\/li>\n<\/ul>\n<p>Behandlingen foreg\u00e5r s\u00e5ledes, at SVCL kan sende relevante oplysninger til dig som k\u00f8ber og senere ejer af en bolig i Scandinavian Village, med anparter knyttet til boligen. Dine personoplysninger vil blive behandlet til dette form\u00e5l, s\u00e5 l\u00e6nge du er aktion\u00e6r i SVCL og SVH.<\/p>\n<p>SVCL viderebehandler dine f\u00f8rn\u00e6vnte data for at kunne tr\u00e6ffe foranstaltninger til at forhindre hvidvask af penge og finansiering af terrorisme. Behandlingen sker for at SVCL kan opfylde sine juridiske forpligtelser vedr\u00f8rende kundekendskab i henhold til lov om foranstaltninger mod hvidvask og finansiering af terrorisme. Til dette form\u00e5l vil dine personoplysninger blive behandlet i fem \u00e5r fra det tidspunkt, hvor foranstaltningerne til at opn\u00e5 kundekendskab er truffet.<\/p>\n<p>SVCL viderebehandler dine f\u00f8rn\u00e6vnte oplysninger for at kunne administrere k\u00f8bet af den nuv\u00e6rende bolig, sammen med andele knyttet til boligen, hvilket omfatter registrering hos de relevante myndigheder i Thailand og Panama af andele knyttet til boligen i b\u00e5de (SVCL) og ( SVH).<\/p>\n<p>Behandlingen sker s\u00e5ledes, at SVCL kan gennemf\u00f8re og administrere boligk\u00f8bet, herunder de ovenn\u00e6vnte tinglysningsforanstaltninger. Til dette form\u00e5l vil dine personoplysninger blive behandlet under k\u00f8bsprocessen og derefter gemt, s\u00e5 l\u00e6nge du er aktion\u00e6r i SVCL og SVH. Behandlingen sker ogs\u00e5, s\u00e5 SVCL kan f\u00f8lge op og sikre dine rettigheder som aktion\u00e6r i SVCL og SVH.<\/p>\n<p><strong>S\u00e6lger<\/strong><\/p>\n<p>I forbindelse med, at du s\u00e6lger en bolig i Scandinavian Village, gennem aktier knyttet til boligen, behandler SVCL dine personoplysninger til f\u00f8lgende form\u00e5l.<\/p>\n<p>SVCL behandler dine data for at kunne udarbejde de n\u00f8dvendige overdragelsesdokumenter og afmelde dig som ejer af aktier i SVCL og SVH hos de relevante myndigheder. De data SVCL behandler til disse form\u00e5l er:<\/p>\n<ul>\n<li>Email adresse<\/li>\n<li>Telefonnummer<\/li>\n<li>Adresse<\/li>\n<li>Navn<\/li>\n<li>Kopi af pas og pasnummer<\/li>\n<li>Kontonummer<\/li>\n<li>Overdragelsesdokument vedr\u00f8rende overdraget bolig og besl\u00e6gtede aktier<\/li>\n<\/ul>\n<p>Behandlingen sker s\u00e5ledes, at SVCL kan tr\u00e6ffe de n\u00f8dvendige foranstaltninger p\u00e5 grund af overdragelsen. Til dette form\u00e5l vil dine personoplysninger blive behandlet i fem \u00e5r fra afslutningen af \u200b\u200bformidlingsopgaven.<\/p>\n<p>Scandinavian Village viderebehandler dine f\u00f8rn\u00e6vnte data for at kunne tr\u00e6ffe foranstaltninger til at forhindre hvidvask af penge og finansiering af terrorisme. Behandlingen sker for at SVCL kan opfylde sine juridiske forpligtelser vedr\u00f8rende kundekendskab i henhold til lov om foranstaltninger mod hvidvask og finansiering af terrorisme. Til dette form\u00e5l vil dine personoplysninger blive behandlet i fem \u00e5r fra det tidspunkt, hvor foranstaltningerne til at opn\u00e5 kundekendskab er truffet.<\/p>\n<p>SVCL behandler dine oplysninger videre, udover kontonummeroplysningerne, for at tr\u00e6ffe foranstaltninger til at opfylde m\u00e6gleropgaven, s\u00e5som offentligg\u00f8relse af billeder og beskrivelser af boligen, der skal formidles.<\/p>\n<p>Behandlingen sker, s\u00e5 SVCL kan opfylde overdragelsesaftalen med dig som s\u00e6lger. Til dette form\u00e5l vil dine personoplysninger blive behandlet i et \u00e5r fra afslutningen af \u200b\u200bformidlingsopgaven.<\/p>\n<p>SVCL behandler dine data yderligere for at opfylde de arkiveringsforpligtelser, der p\u00e5hviler SVCL ved lov. De oplysninger, SVCL behandler inden for rammerne af dette form\u00e5l, er: Alle oplysninger, der er n\u00f8dvendige for at kunne afmelde dig som ejer af aktier i SVCL og SVH hos de relevante myndigheder. Behandlingen sker for at opfylde den arkiveringspligt, der f\u00f8lger af g\u00e6ldende lovgivning. Dine personoplysninger vil blive behandlet til dette form\u00e5l i ti \u00e5r fra adgang.<\/p>\n<p><strong>Potentielle s\u00e6lgere<\/strong><\/p>\n<p>Hvis du har kontakt til SVCL vedr\u00f8rende en opgave for SVCL om at s\u00e6lge din bolig i Scandinavian Village, gennem aktier knyttet til boligen, behandler SVCL dine personoplysninger til f\u00f8lgende form\u00e5l. Scandinavian Village behandler dine data for at kunne administrere og udf\u00f8re formidlingen. De data SVCL behandler til disse form\u00e5l er:<\/p>\n<ul>\n<li>Navn<\/li>\n<li>Adresse<\/li>\n<li>Telefonnummer<\/li>\n<li>Email adresse<\/li>\n<li>Oplysninger vedr\u00f8rende boligen og aktier knyttet til det<\/li>\n<\/ul>\n<p>Behandlingen foreg\u00e5r, s\u00e5 Scandinavian Village kan varetage formidlingsopgaven. Dine f\u00f8rn\u00e6vnte personoplysninger vil blive behandlet til dette form\u00e5l, indtil din bolig er solgt, eller du tilbagekalder formidlingsopgaven. Scandinavian Village behandler dine data yderligere til direkte markedsf\u00f8ringstiltag.<\/p>\n<p>Forarbejdningen foreg\u00e5r, s\u00e5 SVCL kan markedsf\u00f8re salget af din bolig. Dine personoplysninger vil blive behandlet til dette form\u00e5l, indtil din bolig er solgt, eller du tilbagekalder formidlingsopgaven.<\/p>\n<p><strong>Spekulanter<\/strong><\/p>\n<p>Hvis du viser interesse for en bolig formidlet af Scandinavian Village, behandler Scandinavian Village dine personoplysninger til f\u00f8lgende form\u00e5l. Scandinavian Village behandler dine data til direkte markedsf\u00f8ringstiltag. De data Scandinavian Village behandler inden for rammerne af dette form\u00e5l er:<\/p>\n<ul>\n<li>Email adresse<\/li>\n<li>Telefonnummer<\/li>\n<li>Navn<\/li>\n<\/ul>\n<p>Behandlingen foreg\u00e5r s\u00e5ledes, at SVCL kan sende relevant markedsf\u00f8ringsinformation til dig i din egenskab af boligspekulant hos Scandinavian Village, formidlet gennem SVCL. Dine personoplysninger vil blive behandlet til dette form\u00e5l i tre \u00e5r fra den dato, dataene blev indsamlet.<\/p>\n<p>SVCL viderebehandler dine f\u00f8rn\u00e6vnte oplysninger for at kunne f\u00f8re et spekulantregister og for at kunne formidle andre genstande p\u00e5 Scandinavian Village, som du m\u00e5tte v\u00e6re interesseret i. Behandlingen foreg\u00e5r, s\u00e5 SVCL kan kontakte dig, n\u00e5r og hvis yderligere boliger ved Scandinavian Village bliver ledige til overdragelse. Dine personoplysninger vil blive behandlet til dette form\u00e5l i tre \u00e5r fra salget af den bolig, hvor dataene er indsamlet.<\/p>\n<p>Du tr\u00e6kker dit samtykke tilbage ved at kontakte SVCL og oplyse, til hvilke af ovenst\u00e5ende form\u00e5l du v\u00e6lger at tr\u00e6kke dit samtykke tilbage. Du er klar over, at du har ret til at anmode om sletning af Persondata i forbindelse med tilbagetr\u00e6kning af samtykke.<\/p>\n<h3>Dine rettigheder<\/h3>\n<p><strong>Ret til berigtigelse og registerudtr\u00e6k<\/strong><\/p>\n<p>SVCL vil tage skridt i overensstemmelse med g\u00e6ldende lovgivning for at holde dine personlige data n\u00f8jagtige, fuldst\u00e6ndige og ajourf\u00f8rte. Du har ret til at rette ufuldst\u00e6ndige eller forkerte personoplysninger.<\/p>\n<p>Desuden har du ret til at anmode om et registerudtr\u00e6k vedr\u00f8rende dine Personoplysninger, som SVCL behandler.<\/p>\n<p><strong>Rettigheder fra 2018-05-25<\/strong><\/p>\n<p>1) Ret til at g\u00f8re indsigelse mod behandling Hvis behandlingen af \u200b\u200bdine personoplysninger sker p\u00e5 baggrund af en interesseafvejning, og du vurderer, at din privatlivsinteresse vejer tungere end SVCLs legitime interesse i at behandle dine personoplysninger, har du ret i lyset af \u00e5rsager, der kan henf\u00f8res til din specifikke situation, g\u00f8re indsigelse mod behandlingen ved at kontakte SVCL. Hvis du g\u00f8r indsigelse mod behandlingen, skal SVCL vise en tvingende legitim grund for at kunne forts\u00e6tte behandlingen af \u200b\u200bPersonoplysningerne.<\/p>\n<p>Du har ogs\u00e5 altid ret til at n\u00e6gte behandling af dine personoplysninger til direkte markedsf\u00f8ringsform\u00e5l.<\/p>\n<p>2) Ret til sletning Under visse betingelser, s\u00e5som n\u00e5r du har trukket et tidligere givet samtykke tilbage, og der ikke er andet juridisk grundlag for fortsat behandling af dine Personoplysninger, har du ret til at anmode om sletning af dine Personoplysninger.<\/p>\n<p>3) Ret til begr\u00e6nsning af behandling Du har under visse betingelser ret til at begr\u00e6nse behandlingen af \u200b\u200bdine Personoplysninger til kun at omfatte opbevaring af Personoplysningerne, f.eks. i den tid, SVCL unders\u00f8ger, om du har ret til sletning.<\/p>\n<p>4) Ret til indsigt Du har ret til at modtage en bekr\u00e6ftelse fra SVCL p\u00e5, at dine personoplysninger behandles af os, og hvis dette er tilf\u00e6ldet, til at f\u00e5 adgang til personoplysningerne og f\u00f8lgende oplysninger vedr\u00f8rende form\u00e5let med behandlingen;<\/p>\n<ul>\n<li>kategorierne af personoplysninger, der behandles;<\/li>\n<li>modtagere af personoplysninger (is\u00e6r hvis s\u00e5danne er placeret uden for EU\/E\u00d8S);<\/li>\n<li>det tidsrum, hvor personoplysningerne behandles;<\/li>\n<li>oplysninger om rettighederne anf\u00f8rt heri;<\/li>\n<li>oplysninger om kilden, hvorfra personoplysningerne er blevet indsamlet; og om der er automatiseret beslutningstagning, herunder profilering.<\/li>\n<li>Udover dette har du ogs\u00e5 ret til efter anmodning at modtage en kopi af dine personoplysninger i et almindeligt anvendt elektronisk format.<\/li>\n<\/ul>\n<p>5) Ret til dataportabilitet N\u00e5r behandlingen af \u200b\u200bdine personoplysninger sker p\u00e5 baggrund af dit samtykke, eller fordi behandlingen er n\u00f8dvendig for at opfylde eller indg\u00e5 aftale med dig, og p\u00e5 betingelse af, at personoplysningerne er indsamlet direkte fra du, har du ret til at modtage en kopi af dine personlige data i et almindeligt anvendt maskinl\u00e6sbart format.<\/p>\n<p>6) Rettigheder i forhold til automatiseret beslutningstagning, herunder profilering Du har ret til ikke at blive underlagt fuldautomatisk beslutningstagning, herunder profilering, hvis en s\u00e5dan beslutningstagning har juridiske konsekvenser eller p\u00e5 lignende m\u00e5de p\u00e5virker dig v\u00e6sentligt. Denne ret g\u00e6lder dog ikke, hvis den automatiserede beslutningstagning er n\u00f8dvendig for at opfylde en kontrakt med dig, hvis beslutningstagningen udtrykkeligt er tilladt ved lov, eller hvis du har givet dit udtrykkelige samtykke hertil.<\/p>\n<p><strong>Kontakt <\/strong><\/p>\n<p>Hvis du har sp\u00f8rgsm\u00e5l eller bekymringer vedr\u00f8rende behandlingen af \u200b\u200bdine personoplysninger, skal du kontakte SVCL, hvor du er registreret.<\/p>\n<\/div><\/section><\/p><\/div>\n","protected":false},"excerpt":{"rendered":"","protected":false},"author":1,"featured_media":5228,"parent":0,"menu_order":0,"comment_status":"closed","ping_status":"open","template":"","meta":{"_acf_changed":false,"footnotes":""},"class_list":["post-7767","page","type-page","status-publish","has-post-thumbnail","hentry"],"acf":[],"_links":{"self":[{"href":"https:\/\/scandinavianvillage.net\/da\/wp-json\/wp\/v2\/pages\/7767","targetHints":{"allow":["GET"]}}],"collection":[{"href":"https:\/\/scandinavianvillage.net\/da\/wp-json\/wp\/v2\/pages"}],"about":[{"href":"https:\/\/scandinavianvillage.net\/da\/wp-json\/wp\/v2\/types\/page"}],"author":[{"embeddable":true,"href":"https:\/\/scandinavianvillage.net\/da\/wp-json\/wp\/v2\/users\/1"}],"replies":[{"embeddable":true,"href":"https:\/\/scandinavianvillage.net\/da\/wp-json\/wp\/v2\/comments?post=7767"}],"version-history":[{"count":5,"href":"https:\/\/scandinavianvillage.net\/da\/wp-json\/wp\/v2\/pages\/7767\/revisions"}],"predecessor-version":[{"id":7942,"href":"https:\/\/scandinavianvillage.net\/da\/wp-json\/wp\/v2\/pages\/7767\/revisions\/7942"}],"wp:featuredmedia":[{"embeddable":true,"href":"https:\/\/scandinavianvillage.net\/da\/wp-json\/wp\/v2\/media\/5228"}],"wp:attachment":[{"href":"https:\/\/scandinavianvillage.net\/da\/wp-json\/wp\/v2\/media?parent=7767"}],"curies":[{"name":"wp","href":"https:\/\/api.w.org\/{rel}","templated":true}]}}