{"id":6973,"date":"2023-06-06T13:37:37","date_gmt":"2023-06-06T11:37:37","guid":{"rendered":"https:\/\/scandinavianvillage.net\/scandinavian-village\/"},"modified":"2025-10-01T10:48:27","modified_gmt":"2025-10-01T08:48:27","slug":"scandinavian-village","status":"publish","type":"page","link":"https:\/\/scandinavianvillage.net\/no\/scandinavian-village\/","title":{"rendered":"Scandinavian village"},"content":{"rendered":"<div id='full_slider_1'  class='avia-fullwidth-slider main_color avia-shadow  av-small-hide av-mini-hide  avia-builder-el-0  el_before_av_slideshow_full  avia-builder-el-first   container_wrap fullsize' style=' '  ><div   data-size='featured_large'  data-lightbox_size='large'  data-animation='slide'  data-conditional_play=''  data-ids='1624'  data-video_counter='0'  data-autoplay='false'  data-bg_slider='false'  data-slide_height=''  data-handle='av_slideshow_full'  data-interval='5'  data-class=' '  data-el_id=''  data-css_id=''  data-scroll_down=''  data-control_layout='av-control-default'  data-custom_markup=''  data-perma_caption=''  data-autoplay_stopper=''  data-image_attachment=''  data-min_height=''  data-lazy_loading='disabled'  data-src=''  data-position='top left'  data-repeat='no-repeat'  data-attach='scroll'  data-stretch=''  data-default-height='32.8125'  class='avia-slideshow avia-slideshow-1  av-control-default av-default-height-applied avia-slideshow-featured_large av_slideshow_full   avia-slide-slider '  itemprop=\"image\" itemscope=\"itemscope\" itemtype=\"https:\/\/schema.org\/ImageObject\" ><ul class='avia-slideshow-inner ' style='padding-bottom: 32.8125%;' ><li  class=' av-single-slide slide-1 ' ><div data-rel='slideshow-1' class='avia-slide-wrap '   ><img decoding=\"async\" class=\"wp-image-5297 avia-img-lazy-loading-not-5297\"  src=\"https:\/\/scandinavianvillage.net\/wp-content\/uploads\/2023\/06\/image-15-1920x630.jpg\" width=\"1920\" height=\"630\" title='image (15)' alt=''  itemprop=\"thumbnailUrl\"   \/><\/div><\/li><\/ul><\/div><\/div>\n<div id='full_slider_2'  class='avia-fullwidth-slider main_color avia-shadow  av-desktop-hide av-medium-hide  avia-builder-el-1  el_after_av_slideshow_full  el_before_av_section   slider-not-first container_wrap fullsize' style=' '  ><div   data-size='large'  data-lightbox_size='large'  data-animation='slide'  data-conditional_play=''  data-ids='1624'  data-video_counter='0'  data-autoplay='false'  data-bg_slider='false'  data-slide_height=''  data-handle='av_slideshow_full'  data-interval='5'  data-class=' '  data-el_id=''  data-css_id=''  data-scroll_down=''  data-control_layout='av-control-default'  data-custom_markup=''  data-perma_caption=''  data-autoplay_stopper=''  data-image_attachment=''  data-min_height='300px'  data-lazy_loading='disabled'  data-src=''  data-position='top left'  data-repeat='no-repeat'  data-attach='scroll'  data-stretch=''  class='avia-slideshow avia-slideshow-2  av-control-default av-default-height-applied avia-slideshow-large av_slideshow_full   avia-slide-slider '  itemprop=\"image\" itemscope=\"itemscope\" itemtype=\"https:\/\/schema.org\/ImageObject\" ><ul class='avia-slideshow-inner ' style='padding-bottom: 75.04854368932%;' ><li  class=' av-single-slide slide-1 ' ><div data-rel='slideshow-2' class='avia-slide-wrap '   ><img decoding=\"async\" class=\"wp-image-5297 avia-img-lazy-loading-not-5297\"  src=\"https:\/\/scandinavianvillage.net\/wp-content\/uploads\/2023\/06\/image-15-1030x773.jpg\" width=\"1030\" height=\"773\" title='image (15)' alt=''  itemprop=\"thumbnailUrl\"  style='min-height:300px; min-width:400px; ' srcset=\"https:\/\/scandinavianvillage.net\/wp-content\/uploads\/2023\/06\/image-15-1030x773.jpg 1030w, https:\/\/scandinavianvillage.net\/wp-content\/uploads\/2023\/06\/image-15-300x225.jpg 300w, https:\/\/scandinavianvillage.net\/wp-content\/uploads\/2023\/06\/image-15-768x576.jpg 768w, https:\/\/scandinavianvillage.net\/wp-content\/uploads\/2023\/06\/image-15-1536x1152.jpg 1536w, https:\/\/scandinavianvillage.net\/wp-content\/uploads\/2023\/06\/image-15-2048x1536.jpg 2048w, https:\/\/scandinavianvillage.net\/wp-content\/uploads\/2023\/06\/image-15-1920x1440.jpg 1920w, https:\/\/scandinavianvillage.net\/wp-content\/uploads\/2023\/06\/image-15-705x529.jpg 705w\" sizes=\"(max-width: 1030px) 100vw, 1030px\" \/><\/div><\/li><\/ul><\/div><\/div>\n<div id='av_section_1'  class='avia-section main_color avia-section-default avia-no-border-styling  avia-bg-style-scroll  avia-builder-el-2  el_after_av_slideshow_full  el_before_av_slideshow   container_wrap fullsize' style=' '  ><div class='container' ><div class='template-page content  av-content-full alpha units'><div class='post-entry post-entry-type-page post-entry-6973'><div class='entry-content-wrapper clearfix'>\n<div class=\"flex_column av_one_full  flex_column_div av-zero-column-padding first  avia-builder-el-3  el_before_av_textblock  avia-builder-el-first  \" style='border-radius:0px; '><p><div  style='padding-bottom:10px; margin:0px 0px 0px 0px; ' class='av-special-heading av-special-heading-h1  blockquote modern-quote modern-centered  avia-builder-el-4  el_before_av_textblock  avia-builder-el-first  '><h1 class='av-special-heading-tag '  itemprop=\"headline\"  >SCANDINAVIAN VILLAGE<\/h1><div class='special-heading-border'><div class='special-heading-inner-border' ><\/div><\/div><\/div><br \/>\n<section class=\"av_textblock_section \"  itemscope=\"itemscope\" itemtype=\"https:\/\/schema.org\/CreativeWork\" ><div class='avia_textblock  '   itemprop=\"text\" ><p style=\"text-align: center;\"><strong>Scandinavian Village<\/strong>, et fantastisk anlegg i Bangsaen, 1,5 time med bil fra Bangkok. Bangsaen er en by der befolkningen vokser i helgene n\u00e5r bes\u00f8kende fra Bangkok og n\u00e6rliggende provinser str\u00f8mmer til den palmekantede stranden for \u00e5 bade, sole seg og spise sj\u00f8mat p\u00e5 restaurantene ved vannkanten. Det er b\u00e5de universitet og universitetssykehus her. Blant loppemarkedene er det Bangsaen Walking Street i helgene, hvor du kan finne nesten alt.<\/p>\n<p style=\"text-align: center;\">P\u00e5 kanten av Bangsaen ligger <strong>Scandinavian Village<\/strong>, v\u00e5rt fantastiske anlegg! <strong>Scandinavian Village<\/strong> ble bygget av en svensk gr\u00fcnder og sto ferdig i 20 Eiendommen best\u00e5r av 96 leiligheter fordelt p\u00e5 tre bygninger. <strong>De 96 leilighetene har alle skandinaviske eiere<\/strong> og mange har bodd her siden anlegget sto ferdig.<\/p>\n<p style=\"text-align: center;\">De tre byggene har 6 etasjer og leilighetene varierer i st\u00f8rrelse. Leiligheter p\u00e5 bakkeplan og 3. etasje har generelt 2 soverom, mens 2., 4. og 5. etasje ofte har 1 soverom. Noen leiligheter er utvidet til \u00e5 ha flere soverom. P\u00e5 toppen av husene ligger seks toppleiligheter, med et areal p\u00e5 cirka 300 m2. Uavhengig av st\u00f8rrelse har leilighetene sjener\u00f8se terrasser og balkonger.<\/p>\n<\/div><\/section><br \/>\n<div  class='avia-button-wrap avia-button-center  avia-builder-el-6  el_after_av_textblock  el_before_av_hr ' ><a href='http:\/\/scandinavianvillage.net\/no\/kontakt\/'  class='avia-button  avia-color-theme-color   avia-icon_select-yes-left-icon avia-size-small avia-position-center '   ><span class='avia_button_icon avia_button_icon_left ' aria-hidden='true' data-av_icon='\ue805' data-av_iconfont='entypo-fontello'><\/span><span class='avia_iconbox_title' >Kontakt oss<\/span><\/a><\/div><br \/>\n<div   class='hr hr-default   avia-builder-el-7  el_after_av_button  el_before_av_video '><span class='hr-inner ' ><span class='hr-inner-style'><\/span><\/span><\/div><br \/>\n<div  class='avia-video avia-video-16-9 avia-video-html5  ' style='background-image:url(\"https:\/\/scandinavianvillage.net\/wp-content\/uploads\/2025\/01\/2025-01-17_085106-1030x519.png\");'  itemprop=\"video\" itemtype=\"https:\/\/schema.org\/VideoObject\"  data-original_url='https:\/\/scandinavianvillage.net\/wp-content\/uploads\/2025\/01\/Sequence-01_SE1.mp4' ><video class='avia_video' poster=\"https:\/\/scandinavianvillage.net\/wp-content\/uploads\/2025\/01\/2025-01-17_085106-1030x519.png\"   preload=\"auto\"  controls id='player_6973_147750753_326609557'><source src=\"https:\/\/scandinavianvillage.net\/wp-content\/uploads\/2025\/01\/Sequence-01_SE1.mp4\" type=\"video\/mp4\" \/><\/video><\/div><\/p><\/div><section class=\"av_textblock_section \"  itemscope=\"itemscope\" itemtype=\"https:\/\/schema.org\/CreativeWork\" ><div class='avia_textblock  '   itemprop=\"text\" ><p style=\"text-align: center;\" data-start=\"81\" data-end=\"140\">Ditt andre hjem i v\u00e5rt unike konsept med full service<\/p>\n<p style=\"text-align: center;\" data-start=\"142\" data-end=\"209\">Stort utvalg av aktiviteter: tennis, boccia, bridge og fellesskap<\/p>\n<p style=\"text-align: center;\" data-start=\"211\" data-end=\"265\">10 golfbaner innen 30 minutter til attraktive priser<\/p>\n<p style=\"text-align: center;\" data-start=\"267\" data-end=\"310\">Flere arrangerte golfturneringer hver uke<\/p>\n<p style=\"text-align: center;\" data-start=\"312\" data-end=\"369\">Eget spa- og treningssenter, putting- og innspillomr\u00e5de<\/p>\n<p style=\"text-align: center;\" data-start=\"371\" data-end=\"414\">N\u00e6r Bangkoks flyplass, under en time unna<\/p>\n<\/div><\/section>\n<\/div><\/div><\/div><!-- close content main div --><\/div><\/div><div id='after_section_1'  class='main_color av_default_container_wrap container_wrap fullsize' style=' '  ><div class='container' ><div class='template-page content  av-content-full alpha units'><div class='post-entry post-entry-type-page post-entry-6973'><div class='entry-content-wrapper clearfix'>\n<div   data-size='featured'  data-lightbox_size='large'  data-animation='slide'  data-conditional_play=''  data-ids='13352,13356,13360'  data-video_counter='0'  data-autoplay='false'  data-bg_slider='false'  data-slide_height=''  data-handle='av_slideshow'  data-interval='5'  data-class=' avia-builder-el-10  el_after_av_section  el_before_av_section  avia-builder-el-no-sibling  '  data-el_id=''  data-css_id=''  data-scroll_down=''  data-control_layout='av-control-default'  data-custom_markup=''  data-perma_caption=''  data-autoplay_stopper=''  data-image_attachment=''  data-min_height='0px'  data-lazy_loading='disabled'  data-default-height='22.395833333333'  class='avia-slideshow avia-slideshow-3  av-control-default av-default-height-applied avia-slideshow-featured av_slideshow  avia-builder-el-10  el_after_av_section  el_before_av_section  avia-builder-el-no-sibling   avia-slide-slider '  itemprop=\"image\" itemscope=\"itemscope\" itemtype=\"https:\/\/schema.org\/ImageObject\" ><ul class='avia-slideshow-inner ' style='padding-bottom: 41.9921875%;' ><li  class=' slide-1 ' ><div data-rel='slideshow-3' class='avia-slide-wrap '   ><img decoding=\"async\" class=\"wp-image-13352 avia-img-lazy-loading-not-13352\"  src=\"https:\/\/scandinavianvillage.net\/wp-content\/uploads\/2025\/10\/5523864_42-328-16_photo_web-1024x430.jpg\" width=\"1024\" height=\"430\" title='5523864_42-328-16_photo_web' alt=''  itemprop=\"thumbnailUrl\"   \/><\/div><\/li><li  class=' slide-2 ' ><div data-rel='slideshow-3' class='avia-slide-wrap '   ><img decoding=\"async\" class=\"wp-image-13356 avia-img-lazy-loading-not-13356\"  src=\"https:\/\/scandinavianvillage.net\/wp-content\/uploads\/2025\/10\/5523864_51-328-16_photo_web-1024x430.jpg\" width=\"1024\" height=\"430\" title='5523864_51-328-16_photo_web' alt=''  itemprop=\"thumbnailUrl\"   \/><\/div><\/li><li  class=' slide-3 ' ><div data-rel='slideshow-3' class='avia-slide-wrap '   ><img decoding=\"async\" class=\"wp-image-13360 avia-img-lazy-loading-not-13360\"  src=\"https:\/\/scandinavianvillage.net\/wp-content\/uploads\/2025\/10\/SG-Putting-1-1920x430.jpeg\" width=\"1920\" height=\"430\" title='SG Putting (1)' alt=''  itemprop=\"thumbnailUrl\"   \/><\/div><\/li><\/ul><div class='avia-slideshow-arrows avia-slideshow-controls'><a href='#prev' class='prev-slide' aria-hidden='true' data-av_icon='\ue87c' data-av_iconfont='entypo-fontello'>Previous<\/a><a href='#next' class='next-slide' aria-hidden='true' data-av_icon='\ue87d' data-av_iconfont='entypo-fontello'>Next<\/a><\/div><div class='avia-slideshow-dots avia-slideshow-controls'><a href='#1' class='goto-slide active' >1<\/a><a href='#2' class='goto-slide ' >2<\/a><a href='#3' class='goto-slide ' >3<\/a><\/div><\/div>\n<\/div><\/div><\/div><!-- close content main div --><\/div><\/div><div id='av_section_2'  class='avia-section main_color avia-section-default avia-no-border-styling  avia-bg-style-scroll  avia-builder-el-11  el_after_av_slideshow  el_before_av_button  kontakt_form_sec  container_wrap fullsize' style='background-color: #f7f7f7;  '  ><div class='container' ><div class='template-page content  av-content-full alpha units'><div class='post-entry post-entry-type-page post-entry-6973'><div class='entry-content-wrapper clearfix'>\n<div class=\"flex_column av_one_full  flex_column_div av-zero-column-padding first  avia-builder-el-12  el_before_av_codeblock  avia-builder-el-first  \" style='border-radius:0px; '><div  style='padding-bottom:10px; ' class='av-special-heading av-special-heading-h3  blockquote modern-quote modern-centered  avia-builder-el-13  avia-builder-el-no-sibling  '><h3 class='av-special-heading-tag '  itemprop=\"headline\"  >KONTAKT OSS<\/h3><div class='special-heading-border'><div class='special-heading-inner-border' ><\/div><\/div><\/div><\/div>\n<\/div><\/div><\/div><!-- close content main div --><\/div><\/div><div id='after_section_2'  class='main_color av_default_container_wrap container_wrap fullsize' style=' '  ><div class='container' ><div class='template-page content  av-content-full alpha units'><div class='post-entry post-entry-type-page post-entry-6973'><div class='entry-content-wrapper clearfix'>\n<div  class='avia-button-wrap avia-button-center  avia-builder-el-15  el_after_av_section  avia-builder-el-no-sibling ' ><a href=''  class='avia-button  avia-color-theme-color   avia-icon_select-yes-left-icon avia-size-small avia-position-center '   ><span class='avia_button_icon avia_button_icon_left ' aria-hidden='true' data-av_icon='' data-av_iconfont='entypo-fontello'><\/span><span class='avia_iconbox_title' >Click me<\/span><\/a><\/div>\n","protected":false},"excerpt":{"rendered":"","protected":false},"author":2,"featured_media":5297,"parent":0,"menu_order":0,"comment_status":"closed","ping_status":"closed","template":"","meta":{"_acf_changed":false,"footnotes":""},"class_list":["post-6973","page","type-page","status-publish","has-post-thumbnail","hentry"],"acf":[],"_links":{"self":[{"href":"https:\/\/scandinavianvillage.net\/no\/wp-json\/wp\/v2\/pages\/6973","targetHints":{"allow":["GET"]}}],"collection":[{"href":"https:\/\/scandinavianvillage.net\/no\/wp-json\/wp\/v2\/pages"}],"about":[{"href":"https:\/\/scandinavianvillage.net\/no\/wp-json\/wp\/v2\/types\/page"}],"author":[{"embeddable":true,"href":"https:\/\/scandinavianvillage.net\/no\/wp-json\/wp\/v2\/users\/2"}],"replies":[{"embeddable":true,"href":"https:\/\/scandinavianvillage.net\/no\/wp-json\/wp\/v2\/comments?post=6973"}],"version-history":[{"count":6,"href":"https:\/\/scandinavianvillage.net\/no\/wp-json\/wp\/v2\/pages\/6973\/revisions"}],"predecessor-version":[{"id":13368,"href":"https:\/\/scandinavianvillage.net\/no\/wp-json\/wp\/v2\/pages\/6973\/revisions\/13368"}],"wp:featuredmedia":[{"embeddable":true,"href":"https:\/\/scandinavianvillage.net\/no\/wp-json\/wp\/v2\/media\/5297"}],"wp:attachment":[{"href":"https:\/\/scandinavianvillage.net\/no\/wp-json\/wp\/v2\/media?parent=6973"}],"curies":[{"name":"wp","href":"https:\/\/api.w.org\/{rel}","templated":true}]}}