{"id":6988,"date":"2023-06-06T13:37:52","date_gmt":"2023-06-06T11:37:52","guid":{"rendered":"https:\/\/scandinavianvillage.net\/nagot-for-alla\/"},"modified":"2026-01-28T15:16:24","modified_gmt":"2026-01-28T14:16:24","slug":"noe-for-alle","status":"publish","type":"page","link":"https:\/\/scandinavianvillage.net\/no\/noe-for-alle\/","title":{"rendered":"Aktiviteter"},"content":{"rendered":"<div id='full_slider_1'  class='avia-fullwidth-slider main_color avia-shadow  av-small-hide av-mini-hide  avia-builder-el-0  el_before_av_slideshow_full  avia-builder-el-first   container_wrap fullsize' style=' '  ><div   data-size='featured_large'  data-lightbox_size='large'  data-animation='slide'  data-conditional_play=''  data-ids='1954'  data-video_counter='0'  data-autoplay='false'  data-bg_slider='false'  data-slide_height=''  data-handle='av_slideshow_full'  data-interval='5'  data-class=' '  data-el_id=''  data-css_id=''  data-scroll_down=''  data-control_layout='av-control-default'  data-custom_markup=''  data-perma_caption=''  data-autoplay_stopper=''  data-image_attachment=''  data-min_height=''  data-lazy_loading='disabled'  data-src=''  data-position='top left'  data-repeat='no-repeat'  data-attach='scroll'  data-stretch=''  data-default-height='32.8125'  class='avia-slideshow avia-slideshow-1  av-control-default av-default-height-applied avia-slideshow-featured_large av_slideshow_full   avia-slide-slider '  itemprop=\"image\" itemscope=\"itemscope\" itemtype=\"https:\/\/schema.org\/ImageObject\" ><ul class='avia-slideshow-inner ' style='padding-bottom: 32.8125%;' ><li  class=' av-single-slide slide-1 ' ><div data-rel='slideshow-1' class='avia-slide-wrap '   ><img decoding=\"async\" class=\"wp-image-5375 avia-img-lazy-loading-not-5375\"  src=\"https:\/\/scandinavianvillage.net\/wp-content\/uploads\/2023\/06\/image-17-1920x630.jpg\" width=\"1920\" height=\"630\" title='image (17)' alt=''  itemprop=\"thumbnailUrl\"   \/><\/div><\/li><\/ul><\/div><\/div>\n<div id='full_slider_2'  class='avia-fullwidth-slider main_color avia-shadow  av-desktop-hide av-medium-hide  avia-builder-el-1  el_after_av_slideshow_full  el_before_av_section   slider-not-first container_wrap fullsize' style=' '  ><div   data-size='large'  data-lightbox_size='large'  data-animation='slide'  data-conditional_play=''  data-ids='1954'  data-video_counter='0'  data-autoplay='false'  data-bg_slider='false'  data-slide_height=''  data-handle='av_slideshow_full'  data-interval='5'  data-class=' '  data-el_id=''  data-css_id=''  data-scroll_down=''  data-control_layout='av-control-default'  data-custom_markup=''  data-perma_caption=''  data-autoplay_stopper=''  data-image_attachment=''  data-min_height='300px'  data-lazy_loading='disabled'  data-src=''  data-position='top left'  data-repeat='no-repeat'  data-attach='scroll'  data-stretch=''  class='avia-slideshow avia-slideshow-2  av-control-default av-default-height-applied avia-slideshow-large av_slideshow_full   avia-slide-slider '  itemprop=\"image\" itemscope=\"itemscope\" itemtype=\"https:\/\/schema.org\/ImageObject\" ><ul class='avia-slideshow-inner ' style='padding-bottom: 75.04854368932%;' ><li  class=' av-single-slide slide-1 ' ><div data-rel='slideshow-2' class='avia-slide-wrap '   ><img decoding=\"async\" class=\"wp-image-5375 avia-img-lazy-loading-not-5375\"  src=\"https:\/\/scandinavianvillage.net\/wp-content\/uploads\/2023\/06\/image-17-1030x773.jpg\" width=\"1030\" height=\"773\" title='image (17)' alt=''  itemprop=\"thumbnailUrl\"  style='min-height:300px; min-width:400px; ' srcset=\"https:\/\/scandinavianvillage.net\/wp-content\/uploads\/2023\/06\/image-17-1030x773.jpg 1030w, https:\/\/scandinavianvillage.net\/wp-content\/uploads\/2023\/06\/image-17-300x225.jpg 300w, https:\/\/scandinavianvillage.net\/wp-content\/uploads\/2023\/06\/image-17-768x576.jpg 768w, https:\/\/scandinavianvillage.net\/wp-content\/uploads\/2023\/06\/image-17-1536x1152.jpg 1536w, https:\/\/scandinavianvillage.net\/wp-content\/uploads\/2023\/06\/image-17-2048x1536.jpg 2048w, https:\/\/scandinavianvillage.net\/wp-content\/uploads\/2023\/06\/image-17-1920x1440.jpg 1920w, https:\/\/scandinavianvillage.net\/wp-content\/uploads\/2023\/06\/image-17-705x529.jpg 705w\" sizes=\"(max-width: 1030px) 100vw, 1030px\" \/><\/div><\/li><\/ul><\/div><\/div>\n<div id='av_section_1'  class='avia-section main_color avia-section-default avia-no-border-styling  avia-bg-style-scroll  avia-builder-el-2  el_after_av_slideshow_full  el_before_av_section   container_wrap fullsize' style=' '  ><div class='container' ><div class='template-page content  av-content-full alpha units'><div class='post-entry post-entry-type-page post-entry-6988'><div class='entry-content-wrapper clearfix'>\n<div class=\"flex_column av_one_full  flex_column_div av-zero-column-padding first  avia-builder-el-3  el_before_av_one_half  avia-builder-el-first  \" style='border-radius:0px; '><div  style='padding-bottom:10px; margin:0px 0px 0px 0px; ' class='av-special-heading av-special-heading-h1  blockquote modern-quote modern-centered  avia-builder-el-4  avia-builder-el-no-sibling  '><h1 class='av-special-heading-tag '  itemprop=\"headline\"  >AKTIVITETER P\u00c5 SCANDINAVIAN VILLAGE<\/h1><div class='special-heading-border'><div class='special-heading-inner-border' ><\/div><\/div><\/div><\/div><div class=\"flex_column av_one_half  flex_column_div av-zero-column-padding first  avia-builder-el-5  el_after_av_one_full  el_before_av_one_half  column-top-margin\" style='border-radius:0px; '><section class=\"av_textblock_section \"  itemscope=\"itemscope\" itemtype=\"https:\/\/schema.org\/CreativeWork\" ><div class='avia_textblock  '   itemprop=\"text\" ><p style=\"text-align: left;\"><strong>Scandinavian Village<\/strong> er blant annet kjent for sitt fantastiske, 125 meter lange basseng som slynger seg gjennom hele omr\u00e5det og er vakkert opplyst om kvelden. Rundt bassenget er det solsenger og parasoller og for de som \u00f8nsker skygge finnes det m\u00f8blerte lysthus \u00e5 slappe av i. Ved siden av bassenget ligger bassengbaren hvor det serveres lunsj. Palmene svaier og bougainvilleaen blomstrer i hvitt, rosa og cerise.<\/p>\n<p style=\"text-align: left;\">Hver m\u00e5ned byr p\u00e5 en rekke utflukter, alt fra bes\u00f8k til matbutikker, markeder og golf.<\/p>\n<\/div><\/section><\/div><div class=\"flex_column av_one_half  flex_column_div av-zero-column-padding   avia-builder-el-7  el_after_av_one_half  avia-builder-el-last  column-top-margin\" style='border-radius:0px; '><div  class='avia-video avia-video-16-9 avia-video-html5  ' style='background-image:url(\"https:\/\/scandinavianvillage.net\/wp-content\/uploads\/2023\/06\/73c4ccf5-9fd7-4eb6-ac92-f652613a7bcc.jpeg\");'  itemprop=\"video\" itemtype=\"https:\/\/schema.org\/VideoObject\"  data-original_url='https:\/\/scandinavianvillage.net\/wp-content\/uploads\/2025\/01\/Sequence-01_Aktiviteter.mp4' ><video class='avia_video' poster=\"https:\/\/scandinavianvillage.net\/wp-content\/uploads\/2023\/06\/73c4ccf5-9fd7-4eb6-ac92-f652613a7bcc.jpeg\"   preload=\"auto\"  controls id='player_6988_274424797_331489592'><source src=\"https:\/\/scandinavianvillage.net\/wp-content\/uploads\/2025\/01\/Sequence-01_Aktiviteter.mp4\" type=\"video\/mp4\" \/><\/video><\/div><\/div>\n\n<\/div><\/div><\/div><!-- close content main div --><\/div><\/div><div id='av_section_2'  class='avia-section main_color avia-section-default avia-no-border-styling  avia-bg-style-scroll  avia-builder-el-9  el_after_av_section  el_before_av_one_half   container_wrap fullsize' style='background-color: #f7f7f7;  '  ><div class='container' ><div class='template-page content  av-content-full alpha units'><div class='post-entry post-entry-type-page post-entry-6988'><div class='entry-content-wrapper clearfix'>\n<div class=\"flex_column av_one_half  flex_column_div av-zero-column-padding first  avia-builder-el-10  el_before_av_one_half  avia-builder-el-first  \" style='border-radius:0px; '><div   data-size='no scaling'  data-lightbox_size='large'  data-animation='slide'  data-conditional_play=''  data-ids='0'  data-video_counter='1'  data-autoplay='false'  data-bg_slider='false'  data-slide_height=''  data-handle='av_slideshow'  data-interval='5'  data-class=' avia-builder-el-11  avia-builder-el-no-sibling  nagot-for-alla-video '  data-el_id=''  data-css_id=''  data-scroll_down=''  data-control_layout='av-control-default'  data-custom_markup=''  data-perma_caption=''  data-autoplay_stopper=''  data-image_attachment=''  data-min_height='0px'  data-lazy_loading='disabled'  class='avia-slideshow avia-slideshow-3  av-control-default avia-slideshow-no scaling av_slideshow  avia-builder-el-11  avia-builder-el-no-sibling  nagot-for-alla-video  avia-slide-slider '  itemprop=\"image\" itemscope=\"itemscope\" itemtype=\"https:\/\/schema.org\/ImageObject\" ><ul class='avia-slideshow-inner '  ><li  data-controls='aviaTBaviaTBvideo_controls' data-mute='' data-loop='aviaTBaviaTBvideo_loop' data-disable-autoplay='aviaTBaviaTBvideo_autoplay'  data-video-ratio='1.7777777777778' class=' av-video-slide  av-video-service-html5  av-hide-video-controls av-loop-video av-mobile-fallback-image av-single-slide slide-1 ' ><div data-rel='slideshow-3' class='avia-slide-wrap '   ><div class=\"avia-caption av-slideshow-caption\"><div class=\"avia-inner-caption\"><div class='avia-caption-content  '  itemprop=\"description\"  ><p><video id=\"vid\" autoplay=\"autoplay\" loop=\"loop\" muted=\"\" width=\"300\" height=\"150\"><source src=\"https:\/\/scandinavianvillage.net\/wp-content\/uploads\/2023\/06\/Sequence_ljus.mp4\" \/><\/video><\/p>\n<\/div><\/div><\/div><div class='av-click-overlay'><\/div><video class='avia_video'   loop preload=\"metadata\"   id='player_6988_1840500879_1455424591'><source src=\"https:\/\/scandinavianvillage.net\/wp-content\/uploads\/2023\/06\/Sequence_ljus.mp4\" type=\"video\/mp4\" \/><\/video><div class='av-click-to-play-overlay'><div class=\"avia_playpause_icon\"><\/div><\/div><\/div><\/li><\/ul><\/div><\/div><div class=\"flex_column av_one_half  flex_column_div av-zero-column-padding   avia-builder-el-12  el_after_av_one_half  avia-builder-el-last  \" style='border-radius:0px; '><section class=\"av_textblock_section \"  itemscope=\"itemscope\" itemtype=\"https:\/\/schema.org\/CreativeWork\" ><div class='avia_textblock  '   itemprop=\"text\" ><p style=\"text-align: left;\">Fullt utstyrt treningsstudio er klart for deg \u00e5 trene i, det er ogs\u00e5 lederstyrte \u00f8kter som cardio.<\/p>\n<ul>\n<li>Vanngymnastikk<\/li>\n<li>To opplyste hardcourt tennisbaner<\/li>\n<li>Putting green for de som vil \u00f8ve litt ekstra<\/li>\n<li>Boule og dart<\/li>\n<li>Sykling<\/li>\n<li>Bro<\/li>\n<li>Spaet v\u00e5rt tilbyr massasjer<\/li>\n<li>En sykepleier er p\u00e5 stedet<\/li>\n<\/ul>\n<\/div><\/section><\/div>\n<\/div><\/div><\/div><!-- close content main div --><\/div><\/div><div id='after_section_2'  class='main_color av_default_container_wrap container_wrap fullsize' style=' '  ><div class='container' ><div class='template-page content  av-content-full alpha units'><div class='post-entry post-entry-type-page post-entry-6988'><div class='entry-content-wrapper clearfix'>\n<div class=\"flex_column av_one_half  flex_column_div av-zero-column-padding first  avia-builder-el-14  el_after_av_section  el_before_av_one_half  avia-builder-el-first  \" style='border-radius:0px; '><section class=\"av_textblock_section \"  itemscope=\"itemscope\" itemtype=\"https:\/\/schema.org\/CreativeWork\" ><div class='avia_textblock  '   itemprop=\"text\" ><h2 data-start=\"47\" data-end=\"79\"><strong data-start=\"47\" data-end=\"79\">Golf p\u00e5 Scandinavian Village<\/strong><\/h2>\n<p data-start=\"81\" data-end=\"197\" data-is-last-node=\"\" data-is-only-node=\"\">I n\u00e6rheten v\u00e5r finnes det mange fine baner for enhver smak.<br data-start=\"140\" data-end=\"143\" \/>Golf er stort i Thailand \u2013 og p\u00e5 <strong>Scandinavian Village.<\/strong><\/p>\n<\/div><\/section><\/div>\n<div class=\"flex_column av_one_half  flex_column_div av-zero-column-padding   avia-builder-el-16  el_after_av_one_half  el_before_av_hr  \" style='border-radius:0px; '><p><div   data-size='featured'  data-lightbox_size='large'  data-animation='slide'  data-conditional_play=''  data-ids='13360'  data-video_counter='0'  data-autoplay='false'  data-bg_slider='false'  data-slide_height=''  data-handle='av_slideshow'  data-interval='5'  data-class=' avia-builder-el-17  el_before_av_textblock  avia-builder-el-first  '  data-el_id=''  data-css_id=''  data-scroll_down=''  data-control_layout='av-control-default'  data-custom_markup=''  data-perma_caption=''  data-autoplay_stopper=''  data-image_attachment=''  data-min_height='0px'  data-lazy_loading='disabled'  data-default-height='22.395833333333'  class='avia-slideshow avia-slideshow-4  av-control-default av-default-height-applied avia-slideshow-featured av_slideshow  avia-builder-el-17  el_before_av_textblock  avia-builder-el-first   avia-slide-slider '  itemprop=\"image\" itemscope=\"itemscope\" itemtype=\"https:\/\/schema.org\/ImageObject\" ><ul class='avia-slideshow-inner ' style='padding-bottom: 22.395833333333%;' ><li  class=' av-single-slide slide-1 ' ><div data-rel='slideshow-4' class='avia-slide-wrap '   ><img decoding=\"async\" class=\"wp-image-13360 avia-img-lazy-loading-not-13360\"  src=\"https:\/\/scandinavianvillage.net\/wp-content\/uploads\/2025\/10\/SG-Putting-1-1920x430.jpeg\" width=\"1920\" height=\"430\" title='SG Putting (1)' alt=''  itemprop=\"thumbnailUrl\"   \/><\/div><\/li><\/ul><\/div><br \/>\n<section class=\"av_textblock_section \"  itemscope=\"itemscope\" itemtype=\"https:\/\/schema.org\/CreativeWork\" ><div class='avia_textblock  '   itemprop=\"text\" ><p>Les mer om golf her: <a href=\"https:\/\/scandinavianvillage.net\/no\/golf\/\">https:\/\/scandinavianvillage.net\/no\/golf\/<\/a><\/p>\n<\/div><\/section><\/p><\/div>\n<div   class='hr hr-default   avia-builder-el-19  el_after_av_one_half  el_before_av_textblock '><span class='hr-inner ' ><span class='hr-inner-style'><\/span><\/span><\/div>\n<section class=\"av_textblock_section \"  itemscope=\"itemscope\" itemtype=\"https:\/\/schema.org\/CreativeWork\" ><div class='avia_textblock  '   itemprop=\"text\" ><h2 style=\"text-align: center;\">Artikler<\/h2>\n<\/div><\/section>\n<div   data-autoplay=''  data-interval='5'  data-animation='fade'  data-show_slide_delay='90'  class='avia-content-slider avia-content-grid-active avia-content-slider1 avia-content-slider-odd  avia-builder-el-21  el_after_av_textblock  avia-builder-el-last  '  itemscope=\"itemscope\" itemtype=\"https:\/\/schema.org\/Blog\" ><div class='avia-content-slider-inner'><div class='slide-entry-wrap'><article class='slide-entry flex_column  post-entry post-entry-15430 slide-entry-overview slide-loop-1 slide-parity-odd  av_one_third first real-thumbnail post-format-standard'  itemscope=\"itemscope\" itemtype=\"https:\/\/schema.org\/CreativeWork\" ><a href='https:\/\/scandinavianvillage.net\/no\/kultur-og-tradisjoner-slik-feires-hoytider-i-thailand-og-hvordan-skandinaver-deltar\/' data-rel='slide-1' class='slide-image' title='Kultur og tradisjoner \u2013 slik feires h\u00f8ytider i Thailand og hvordan skandinaver deltar'><img decoding=\"async\" width=\"495\" height=\"400\" src=\"https:\/\/scandinavianvillage.net\/wp-content\/uploads\/2023\/07\/IMG_0164-1-495x400.jpg\" class=\"wp-image-6550 avia-img-lazy-loading-not-6550 attachment-portfolio size-portfolio wp-post-image\" alt=\"\" srcset=\"https:\/\/scandinavianvillage.net\/wp-content\/uploads\/2023\/07\/IMG_0164-1-495x400.jpg 495w, https:\/\/scandinavianvillage.net\/wp-content\/uploads\/2023\/07\/IMG_0164-1-845x684.jpg 845w\" sizes=\"(max-width: 495px) 100vw, 495px\" \/><\/a><div class='slide-content'><header class=\"entry-content-header\"><h3 class='slide-entry-title entry-title '  itemprop=\"headline\" ><a href='https:\/\/scandinavianvillage.net\/no\/kultur-og-tradisjoner-slik-feires-hoytider-i-thailand-og-hvordan-skandinaver-deltar\/' title='Kultur og tradisjoner \u2013 slik feires h\u00f8ytider i Thailand og hvordan skandinaver deltar'>Kultur og tradisjoner \u2013 slik feires h\u00f8ytider i Thailand og hvordan skandinaver deltar<\/a><\/h3><span class=\"av-vertical-delimiter\"><\/span><\/header><div class='slide-meta'><div class='slide-meta-comments'><a href='https:\/\/scandinavianvillage.net\/no\/kultur-og-tradisjoner-slik-feires-hoytider-i-thailand-og-hvordan-skandinaver-deltar\/#respond'>0 Kommentarer<\/a><\/div><div class='slide-meta-del'>\/<\/div><time class='slide-meta-time updated'  itemprop=\"datePublished\" datetime=\"2026-01-28T15:46:23+01:00\" >28. januar 2026<\/time><\/div><div class='slide-entry-excerpt entry-content'  itemprop=\"text\" >\r\n\r\n<\/div><\/div><footer class=\"entry-footer\"><\/footer><span class='hidden'>\n\t\t\t\t<span class='av-structured-data'  itemprop=\"image\" itemscope=\"itemscope\" itemtype=\"https:\/\/schema.org\/ImageObject\" >\n\t\t\t\t\t\t<span itemprop='url'>https:\/\/scandinavianvillage.net\/wp-content\/uploads\/2023\/07\/IMG_0164-1-scaled.jpg<\/span>\n\t\t\t\t\t\t<span itemprop='height'>1920<\/span>\n\t\t\t\t\t\t<span itemprop='width'>2560<\/span>\n\t\t\t\t<\/span>\n\t\t\t\t<span class='av-structured-data'  itemprop=\"publisher\" itemtype=\"https:\/\/schema.org\/Organization\" itemscope=\"itemscope\" >\n\t\t\t\t\t\t<span itemprop='name'>Christian<\/span>\n\t\t\t\t\t\t<span itemprop='logo' itemscope itemtype='https:\/\/schema.org\/ImageObject'>\n\t\t\t\t\t\t\t<span itemprop='url'>https:\/\/scandinavianvillage.net\/wp-content\/uploads\/2023\/06\/ska-logo.png<\/span>\n\t\t\t\t\t\t <\/span>\n\t\t\t\t<\/span><span class='av-structured-data'  itemprop=\"author\" itemscope=\"itemscope\" itemtype=\"https:\/\/schema.org\/Person\" ><span itemprop='name'>Christian<\/span><\/span><span class='av-structured-data'  itemprop=\"datePublished\" datetime=\"2023-06-06T13:37:52+02:00\" >2026-01-28 15:46:23<\/span><span class='av-structured-data'  itemprop=\"dateModified\" itemtype=\"https:\/\/schema.org\/dateModified\" >2026-01-28 15:46:48<\/span><span class='av-structured-data'  itemprop=\"mainEntityOfPage\" itemtype=\"https:\/\/schema.org\/mainEntityOfPage\" ><span itemprop='name'>Kultur og tradisjoner \u2013 slik feires h\u00f8ytider i Thailand og hvordan skandinaver deltar<\/span><\/span><\/span><\/article><article class='slide-entry flex_column  post-entry post-entry-15366 slide-entry-overview slide-loop-2 slide-parity-even  av_one_third  real-thumbnail post-format-standard'  itemscope=\"itemscope\" itemtype=\"https:\/\/schema.org\/CreativeWork\" ><a href='https:\/\/scandinavianvillage.net\/no\/de-beste-golfbanene-naer-bang-saen-komplett-guide-for-skandinaviske-pensjonister\/' data-rel='slide-1' class='slide-image' title='De beste golfbanene n\u00e6r Bang Saen \u2013 komplett guide for skandinaviske pensjonister'><img decoding=\"async\" width=\"495\" height=\"400\" src=\"https:\/\/scandinavianvillage.net\/wp-content\/uploads\/2026\/01\/golfpar-495x400.png\" class=\"wp-image-15356 avia-img-lazy-loading-not-15356 attachment-portfolio size-portfolio wp-post-image\" alt=\"\" srcset=\"https:\/\/scandinavianvillage.net\/wp-content\/uploads\/2026\/01\/golfpar-495x400.png 495w, https:\/\/scandinavianvillage.net\/wp-content\/uploads\/2026\/01\/golfpar-845x684.png 845w\" sizes=\"(max-width: 495px) 100vw, 495px\" \/><\/a><div class='slide-content'><header class=\"entry-content-header\"><h3 class='slide-entry-title entry-title '  itemprop=\"headline\" ><a href='https:\/\/scandinavianvillage.net\/no\/de-beste-golfbanene-naer-bang-saen-komplett-guide-for-skandinaviske-pensjonister\/' title='De beste golfbanene n\u00e6r Bang Saen \u2013 komplett guide for skandinaviske pensjonister'>De beste golfbanene n\u00e6r Bang Saen \u2013 komplett guide for skandinaviske pensjonister<\/a><\/h3><span class=\"av-vertical-delimiter\"><\/span><\/header><div class='slide-meta'><div class='slide-meta-comments'><a href='https:\/\/scandinavianvillage.net\/no\/de-beste-golfbanene-naer-bang-saen-komplett-guide-for-skandinaviske-pensjonister\/#respond'>0 Kommentarer<\/a><\/div><div class='slide-meta-del'>\/<\/div><time class='slide-meta-time updated'  itemprop=\"datePublished\" datetime=\"2026-01-28T15:02:35+01:00\" >28. januar 2026<\/time><\/div><div class='slide-entry-excerpt entry-content'  itemprop=\"text\" >\r\n\r\n<\/div><\/div><footer class=\"entry-footer\"><\/footer><span class='hidden'>\n\t\t\t\t<span class='av-structured-data'  itemprop=\"image\" itemscope=\"itemscope\" itemtype=\"https:\/\/schema.org\/ImageObject\" >\n\t\t\t\t\t\t<span itemprop='url'>https:\/\/scandinavianvillage.net\/wp-content\/uploads\/2026\/01\/golfpar.png<\/span>\n\t\t\t\t\t\t<span itemprop='height'>1024<\/span>\n\t\t\t\t\t\t<span itemprop='width'>1536<\/span>\n\t\t\t\t<\/span>\n\t\t\t\t<span class='av-structured-data'  itemprop=\"publisher\" itemtype=\"https:\/\/schema.org\/Organization\" itemscope=\"itemscope\" >\n\t\t\t\t\t\t<span itemprop='name'>Christian<\/span>\n\t\t\t\t\t\t<span itemprop='logo' itemscope itemtype='https:\/\/schema.org\/ImageObject'>\n\t\t\t\t\t\t\t<span itemprop='url'>https:\/\/scandinavianvillage.net\/wp-content\/uploads\/2023\/06\/ska-logo.png<\/span>\n\t\t\t\t\t\t <\/span>\n\t\t\t\t<\/span><span class='av-structured-data'  itemprop=\"author\" itemscope=\"itemscope\" itemtype=\"https:\/\/schema.org\/Person\" ><span itemprop='name'>Christian<\/span><\/span><span class='av-structured-data'  itemprop=\"datePublished\" datetime=\"2023-06-06T13:37:52+02:00\" >2026-01-28 15:02:35<\/span><span class='av-structured-data'  itemprop=\"dateModified\" itemtype=\"https:\/\/schema.org\/dateModified\" >2026-01-28 15:02:35<\/span><span class='av-structured-data'  itemprop=\"mainEntityOfPage\" itemtype=\"https:\/\/schema.org\/mainEntityOfPage\" ><span itemprop='name'>De beste golfbanene n\u00e6r Bang Saen \u2013 komplett guide for skandinaviske pensjonister<\/span><\/span><\/span><\/article><article class='slide-entry flex_column  post-entry post-entry-15332 slide-entry-overview slide-loop-3 slide-parity-odd  post-entry-last  av_one_third  real-thumbnail post-format-standard'  itemscope=\"itemscope\" itemtype=\"https:\/\/schema.org\/CreativeWork\" ><a href='https:\/\/scandinavianvillage.net\/no\/10-rimelige-og-spennende-reiser-nar-bang-saen-er-ditt-asiatiske-knutepunkt\/' data-rel='slide-1' class='slide-image' title='10 rimelige og spennende reiser n\u00e5r Bang Saen er ditt asiatiske knutepunkt'><img decoding=\"async\" width=\"495\" height=\"400\" src=\"https:\/\/scandinavianvillage.net\/wp-content\/uploads\/2026\/01\/resor-i-asien-495x400.png\" class=\"wp-image-15322 avia-img-lazy-loading-not-15322 attachment-portfolio size-portfolio wp-post-image\" alt=\"\" srcset=\"https:\/\/scandinavianvillage.net\/wp-content\/uploads\/2026\/01\/resor-i-asien-495x400.png 495w, https:\/\/scandinavianvillage.net\/wp-content\/uploads\/2026\/01\/resor-i-asien-845x684.png 845w\" sizes=\"(max-width: 495px) 100vw, 495px\" \/><\/a><div class='slide-content'><header class=\"entry-content-header\"><h3 class='slide-entry-title entry-title '  itemprop=\"headline\" ><a href='https:\/\/scandinavianvillage.net\/no\/10-rimelige-og-spennende-reiser-nar-bang-saen-er-ditt-asiatiske-knutepunkt\/' title='10 rimelige og spennende reiser n\u00e5r Bang Saen er ditt asiatiske knutepunkt'>10 rimelige og spennende reiser n\u00e5r Bang Saen er ditt asiatiske knutepunkt<\/a><\/h3><span class=\"av-vertical-delimiter\"><\/span><\/header><div class='slide-meta'><div class='slide-meta-comments'><a href='https:\/\/scandinavianvillage.net\/no\/10-rimelige-og-spennende-reiser-nar-bang-saen-er-ditt-asiatiske-knutepunkt\/#respond'>0 Kommentarer<\/a><\/div><div class='slide-meta-del'>\/<\/div><time class='slide-meta-time updated'  itemprop=\"datePublished\" datetime=\"2026-01-19T10:26:29+01:00\" >19. januar 2026<\/time><\/div><div class='slide-entry-excerpt entry-content'  itemprop=\"text\" >\r\n\r\n<\/div><\/div><footer class=\"entry-footer\"><\/footer><span class='hidden'>\n\t\t\t\t<span class='av-structured-data'  itemprop=\"image\" itemscope=\"itemscope\" itemtype=\"https:\/\/schema.org\/ImageObject\" >\n\t\t\t\t\t\t<span itemprop='url'>https:\/\/scandinavianvillage.net\/wp-content\/uploads\/2026\/01\/resor-i-asien.png<\/span>\n\t\t\t\t\t\t<span itemprop='height'>1024<\/span>\n\t\t\t\t\t\t<span itemprop='width'>1536<\/span>\n\t\t\t\t<\/span>\n\t\t\t\t<span class='av-structured-data'  itemprop=\"publisher\" itemtype=\"https:\/\/schema.org\/Organization\" itemscope=\"itemscope\" >\n\t\t\t\t\t\t<span itemprop='name'>Christian<\/span>\n\t\t\t\t\t\t<span itemprop='logo' itemscope itemtype='https:\/\/schema.org\/ImageObject'>\n\t\t\t\t\t\t\t<span itemprop='url'>https:\/\/scandinavianvillage.net\/wp-content\/uploads\/2023\/06\/ska-logo.png<\/span>\n\t\t\t\t\t\t <\/span>\n\t\t\t\t<\/span><span class='av-structured-data'  itemprop=\"author\" itemscope=\"itemscope\" itemtype=\"https:\/\/schema.org\/Person\" ><span itemprop='name'>Christian<\/span><\/span><span class='av-structured-data'  itemprop=\"datePublished\" datetime=\"2023-06-06T13:37:52+02:00\" >2026-01-19 10:26:29<\/span><span class='av-structured-data'  itemprop=\"dateModified\" itemtype=\"https:\/\/schema.org\/dateModified\" >2026-01-28 15:34:58<\/span><span class='av-structured-data'  itemprop=\"mainEntityOfPage\" itemtype=\"https:\/\/schema.org\/mainEntityOfPage\" ><span itemprop='name'>10 rimelige og spennende reiser n\u00e5r Bang Saen er ditt asiatiske knutepunkt<\/span><\/span><\/span><\/article><\/div><\/div><div class='pagination-wrap pagination-slider'><nav class='pagination'><span class='pagination-meta'>Side 1 av 3<\/span><span class='current'>1<\/span><a href='https:\/\/scandinavianvillage.net\/no\/wp-json\/wp\/v2\/pages\/6988\/page\/2\/' class='inactive next_page' >2<\/a><a href='https:\/\/scandinavianvillage.net\/no\/wp-json\/wp\/v2\/pages\/6988\/page\/3\/' class='inactive' >3<\/a><\/nav>\n<\/div><\/div>\n","protected":false},"excerpt":{"rendered":"","protected":false},"author":2,"featured_media":5375,"parent":0,"menu_order":0,"comment_status":"closed","ping_status":"closed","template":"","meta":{"_acf_changed":false,"footnotes":""},"class_list":["post-6988","page","type-page","status-publish","has-post-thumbnail","hentry"],"acf":[],"_links":{"self":[{"href":"https:\/\/scandinavianvillage.net\/no\/wp-json\/wp\/v2\/pages\/6988","targetHints":{"allow":["GET"]}}],"collection":[{"href":"https:\/\/scandinavianvillage.net\/no\/wp-json\/wp\/v2\/pages"}],"about":[{"href":"https:\/\/scandinavianvillage.net\/no\/wp-json\/wp\/v2\/types\/page"}],"author":[{"embeddable":true,"href":"https:\/\/scandinavianvillage.net\/no\/wp-json\/wp\/v2\/users\/2"}],"replies":[{"embeddable":true,"href":"https:\/\/scandinavianvillage.net\/no\/wp-json\/wp\/v2\/comments?post=6988"}],"version-history":[{"count":23,"href":"https:\/\/scandinavianvillage.net\/no\/wp-json\/wp\/v2\/pages\/6988\/revisions"}],"predecessor-version":[{"id":15415,"href":"https:\/\/scandinavianvillage.net\/no\/wp-json\/wp\/v2\/pages\/6988\/revisions\/15415"}],"wp:featuredmedia":[{"embeddable":true,"href":"https:\/\/scandinavianvillage.net\/no\/wp-json\/wp\/v2\/media\/5375"}],"wp:attachment":[{"href":"https:\/\/scandinavianvillage.net\/no\/wp-json\/wp\/v2\/media?parent=6988"}],"curies":[{"name":"wp","href":"https:\/\/api.w.org\/{rel}","templated":true}]}}