{"id":6999,"date":"2023-06-06T13:38:08","date_gmt":"2023-06-06T11:38:08","guid":{"rendered":"https:\/\/scandinavianvillage.net\/provboende-kop-agande\/"},"modified":"2024-01-18T09:27:19","modified_gmt":"2024-01-18T08:27:19","slug":"prov-oss-ut-kjop-og-eier","status":"publish","type":"page","link":"https:\/\/scandinavianvillage.net\/no\/prov-oss-ut-kjop-og-eier\/","title":{"rendered":"PR\u00d8V OSS UT, KJ\u00d8P OG EIER"},"content":{"rendered":"<div id='full_slider_1'  class='avia-fullwidth-slider main_color avia-shadow  av-small-hide av-mini-hide  avia-builder-el-0  el_before_av_slideshow_full  avia-builder-el-first   container_wrap fullsize' style=' '  ><div   data-size='featured_large'  data-lightbox_size='large'  data-animation='slide'  data-conditional_play=''  data-ids='4825'  data-video_counter='0'  data-autoplay='false'  data-bg_slider='false'  data-slide_height=''  data-handle='av_slideshow_full'  data-interval='5'  data-class=' '  data-el_id=''  data-css_id=''  data-scroll_down=''  data-control_layout='av-control-default'  data-custom_markup=''  data-perma_caption=''  data-autoplay_stopper=''  data-image_attachment=''  data-min_height=''  data-lazy_loading='disabled'  data-src=''  data-position='top left'  data-repeat='no-repeat'  data-attach='scroll'  data-stretch=''  data-default-height='32.8125'  class='avia-slideshow avia-slideshow-1  av-control-default av-default-height-applied avia-slideshow-featured_large av_slideshow_full   avia-slide-slider '  itemprop=\"image\" itemscope=\"itemscope\" itemtype=\"https:\/\/schema.org\/ImageObject\" ><ul class='avia-slideshow-inner ' style='padding-bottom: 32.8125%;' ><li  class=' av-single-slide slide-1 ' ><div data-rel='slideshow-1' class='avia-slide-wrap '   ><img decoding=\"async\" class=\"wp-image-6712 avia-img-lazy-loading-not-6712\"  src=\"https:\/\/scandinavianvillage.net\/wp-content\/uploads\/2023\/11\/IMG_1821-1920x630.jpeg\" width=\"1920\" height=\"630\" title='IMG_1821' alt=''  itemprop=\"thumbnailUrl\"   \/><\/div><\/li><\/ul><\/div><\/div>\n<div id='full_slider_2'  class='avia-fullwidth-slider main_color avia-shadow  av-desktop-hide av-medium-hide  avia-builder-el-1  el_after_av_slideshow_full  el_before_av_section   slider-not-first container_wrap fullsize' style=' '  ><div   data-size='large'  data-lightbox_size='large'  data-animation='slide'  data-conditional_play=''  data-ids='4825'  data-video_counter='0'  data-autoplay='false'  data-bg_slider='false'  data-slide_height=''  data-handle='av_slideshow_full'  data-interval='5'  data-class=' '  data-el_id=''  data-css_id=''  data-scroll_down=''  data-control_layout='av-control-default'  data-custom_markup=''  data-perma_caption=''  data-autoplay_stopper=''  data-image_attachment=''  data-min_height='300px'  data-lazy_loading='disabled'  data-src=''  data-position='top left'  data-repeat='no-repeat'  data-attach='scroll'  data-stretch=''  class='avia-slideshow avia-slideshow-2  av-control-default av-default-height-applied avia-slideshow-large av_slideshow_full   avia-slide-slider '  itemprop=\"image\" itemscope=\"itemscope\" itemtype=\"https:\/\/schema.org\/ImageObject\" ><ul class='avia-slideshow-inner ' style='padding-bottom: 75.04854368932%;' ><li  class=' av-single-slide slide-1 ' ><div data-rel='slideshow-2' class='avia-slide-wrap '   ><img decoding=\"async\" class=\"wp-image-6712 avia-img-lazy-loading-not-6712\"  src=\"https:\/\/scandinavianvillage.net\/wp-content\/uploads\/2023\/11\/IMG_1821-1030x773.jpeg\" width=\"1030\" height=\"773\" title='IMG_1821' alt=''  itemprop=\"thumbnailUrl\"  style='min-height:300px; min-width:400px; ' srcset=\"https:\/\/scandinavianvillage.net\/wp-content\/uploads\/2023\/11\/IMG_1821-1030x773.jpeg 1030w, https:\/\/scandinavianvillage.net\/wp-content\/uploads\/2023\/11\/IMG_1821-300x225.jpeg 300w, https:\/\/scandinavianvillage.net\/wp-content\/uploads\/2023\/11\/IMG_1821-768x576.jpeg 768w, https:\/\/scandinavianvillage.net\/wp-content\/uploads\/2023\/11\/IMG_1821-1536x1152.jpeg 1536w, https:\/\/scandinavianvillage.net\/wp-content\/uploads\/2023\/11\/IMG_1821-2048x1536.jpeg 2048w, https:\/\/scandinavianvillage.net\/wp-content\/uploads\/2023\/11\/IMG_1821-1920x1440.jpeg 1920w, https:\/\/scandinavianvillage.net\/wp-content\/uploads\/2023\/11\/IMG_1821-705x529.jpeg 705w\" sizes=\"(max-width: 1030px) 100vw, 1030px\" \/><\/div><\/li><\/ul><\/div><\/div>\n<div id='av_section_1'  class='avia-section main_color avia-section-default avia-no-border-styling  avia-bg-style-scroll  avia-builder-el-2  el_after_av_slideshow_full  el_before_av_section   container_wrap fullsize' style=' '  ><div class='container' ><div class='template-page content  av-content-full alpha units'><div class='post-entry post-entry-type-page post-entry-6999'><div class='entry-content-wrapper clearfix'>\n<div class=\"flex_column av_one_full  flex_column_div av-zero-column-padding first  avia-builder-el-3  avia-builder-el-no-sibling  \" style='border-radius:0px; '><p><div  style='padding-bottom:10px; margin:0px 0px 0px 0px; ' class='av-special-heading av-special-heading-h1  blockquote modern-quote modern-centered  avia-builder-el-4  el_before_av_heading  avia-builder-el-first  '><h1 class='av-special-heading-tag '  itemprop=\"headline\"  >PR\u00d8V OSS UT, KJ\u00d8P OG EIER<\/h1><div class='special-heading-border'><div class='special-heading-inner-border' ><\/div><\/div><\/div><br \/>\n<div  style='padding-bottom:0px; margin:0px 0px 0px 0px; ' class='av-special-heading av-special-heading-h3  blockquote modern-quote modern-centered  avia-builder-el-5  el_after_av_heading  el_before_av_textblock  '><h3 class='av-special-heading-tag '  itemprop=\"headline\"  >PR\u00d8VEOVERNATTING<\/h3><div class='special-heading-border'><div class='special-heading-inner-border' ><\/div><\/div><\/div><br \/>\n<section class=\"av_textblock_section \"  itemscope=\"itemscope\" itemtype=\"https:\/\/schema.org\/CreativeWork\" ><div class='avia_textblock  '   itemprop=\"text\" ><p style=\"text-align: center;\">En god m\u00e5te \u00e5 oppleve <strong>Scandinavian Village<\/strong> p\u00e5 er \u00e5 pr\u00f8ve ut en leilighet hos oss. Ved \u00e5 tilbringe noen uker her og ta del i alle aktivitetene som tilbys, vil du f\u00e5 muligheten til \u00e5 f\u00f8le om du trives med oss. Send oss gjerne en e-post p\u00e5 <a href=\"mailto:sales@scandinavianvillage.net\">sales@scandinavianvillage.net<\/a>, s\u00e5 forteller vi deg mer.<\/p>\n<\/div><\/section><br \/>\n<div  style='padding-bottom:0px; margin:0px 0px 0px 0px; ' class='av-special-heading av-special-heading-h3  blockquote modern-quote modern-centered  avia-builder-el-7  el_after_av_textblock  el_before_av_textblock  '><h3 class='av-special-heading-tag '  itemprop=\"headline\"  >FINN RETTE LEILIGHETEN P\u00c5 SCANDINAVIAN VILLAGE<\/h3><div class='special-heading-border'><div class='special-heading-inner-border' ><\/div><\/div><\/div><br \/>\n<section class=\"av_textblock_section \"  itemscope=\"itemscope\" itemtype=\"https:\/\/schema.org\/CreativeWork\" ><div class='avia_textblock  '   itemprop=\"text\" ><p style=\"text-align: center;\">Vi hjelper deg med \u00e5 finne den rette! Uansett om du er p\u00e5 jakt etter en mindre eller st\u00f8rre leilighet, vil vi gi deg forslag basert p\u00e5 dine s\u00f8kekriterier. Det enkleste er \u00e5 fylle ut skjemaet her p\u00e5 nettsiden, da vet vi hva du ser etter og kan hjelpe deg raskt.<\/p>\n<\/div><\/section><br \/>\n<div  style='padding-bottom:0px; margin:0px 0px 0px 0px; ' class='av-special-heading av-special-heading-h3  blockquote modern-quote modern-centered  avia-builder-el-9  el_after_av_textblock  el_before_av_textblock  '><h3 class='av-special-heading-tag '  itemprop=\"headline\"  >BUD<\/h3><div class='special-heading-border'><div class='special-heading-inner-border' ><\/div><\/div><\/div><br \/>\n<section class=\"av_textblock_section \"  itemscope=\"itemscope\" itemtype=\"https:\/\/schema.org\/CreativeWork\" ><div class='avia_textblock  '   itemprop=\"text\" ><p style=\"text-align: center;\">Prisene p\u00e5 v\u00e5re leiligheter er, som i de nordiske landene, satt etter <strong>st\u00f8rrelse, tilstand og beliggenhet.<\/strong> N\u00e5r du har funnet leiligheten du \u00f8nsker \u00e5 kj\u00f8pe, presenterer du et tilbud til selger. Vi jobber med faste priser, men som alltid er det mulighet for forhandling.<\/p>\n<\/div><\/section><br \/>\n<div  style='padding-bottom:0px; margin:0px 0px 0px 0px; ' class='av-special-heading av-special-heading-h3  blockquote modern-quote modern-centered  avia-builder-el-11  el_after_av_textblock  el_before_av_textblock  '><h3 class='av-special-heading-tag '  itemprop=\"headline\"  >RENOVERING<\/h3><div class='special-heading-border'><div class='special-heading-inner-border' ><\/div><\/div><\/div><br \/>\n<section class=\"av_textblock_section \"  itemscope=\"itemscope\" itemtype=\"https:\/\/schema.org\/CreativeWork\" ><div class='avia_textblock  '   itemprop=\"text\" ><p style=\"text-align: center;\">Hos <strong>Scandinavian Village<\/strong> har vi intern oppussingshjelp! Khun Tong og teamet hans gj\u00f8r alt fra sm\u00e5jobber til komplette renoveringer. Hvis du st\u00e5r fast med en leilighet du liker beliggenheten til, men som trenger oppdatering, st\u00e5r teamet klare til \u00e5 hjelpe. Resepsjonen har en prisliste over hva ulike arbeider koster. Du f\u00e5r mye for pengene og jobbene gj\u00f8res i l\u00f8pet av v\u00e5ren og sommeren n\u00e5r vi skandinaver vanligvis ikke er der.<\/p>\n<\/div><\/section><br \/>\n<div  style='padding-bottom:0px; margin:0px 0px 0px 0px; ' class='av-special-heading av-special-heading-h3  blockquote modern-quote modern-centered  avia-builder-el-13  el_after_av_textblock  el_before_av_textblock  '><h3 class='av-special-heading-tag '  itemprop=\"headline\"  >FINANSIERING<\/h3><div class='special-heading-border'><div class='special-heading-inner-border' ><\/div><\/div><\/div><br \/>\n<section class=\"av_textblock_section \"  itemscope=\"itemscope\" itemtype=\"https:\/\/schema.org\/CreativeWork\" ><div class='avia_textblock  '   itemprop=\"text\" ><p style=\"text-align: center;\">V\u00e5rt r\u00e5d er \u00e5 ha finansieringen klar f\u00f8r du drar til <strong>Scandinavian Village<\/strong> p\u00e5 visningstur. Skulle den rette f\u00f8lelsen oppst\u00e5, har du da mulighet til \u00e5 handle umiddelbart. Det er ikke mulig \u00e5 pantsette den thailandske boligen, det vanligste alternativet er \u00e5 pantsette din faste bolig hjemme.<\/p>\n<\/div><\/section><br \/>\n<div  style='padding-bottom:0px; margin:0px 0px 0px 0px; ' class='av-special-heading av-special-heading-h3  blockquote modern-quote modern-centered  avia-builder-el-15  el_after_av_textblock  el_before_av_textblock  '><h3 class='av-special-heading-tag '  itemprop=\"headline\"  >SELGER FRASIERER<\/h3><div class='special-heading-border'><div class='special-heading-inner-border' ><\/div><\/div><\/div><br \/>\n<section class=\"av_textblock_section \"  itemscope=\"itemscope\" itemtype=\"https:\/\/schema.org\/CreativeWork\" ><div class='avia_textblock  '   itemprop=\"text\" ><p style=\"text-align: center;\">Utgangspunktet er at leiligheten selges i eksisterende stand, hensyntatt alder og pris.<\/p>\n<p style=\"text-align: center;\">I Sverige jobber eiendomsmeglere med en s\u00e5kalt \u00a8sp\u00f8rreliste\u00a8 \u2013 et verdifullt dokument for b\u00e5de selgere og kj\u00f8pere. Her fyller selger ut relevant informasjon om boligen for \u00e5 avsl\u00f8re eventuelle mangler, oppussing etc. Vi i <strong>Scandinavian Village<\/strong> har valgt \u00e5 bruke sp\u00f8rreskjema i forbindelse med salg. Skal du kj\u00f8pe leiligheten din uten \u00e5 f\u00f8rst se p\u00e5 den, er sp\u00f8rsm\u00e5lslisten ekstra verdifull \u00e5 ha.<\/p>\n<\/div><\/section><br \/>\n<div  style='padding-bottom:0px; margin:0px 0px 0px 0px; ' class='av-special-heading av-special-heading-h3  blockquote modern-quote modern-centered  avia-builder-el-17  el_after_av_textblock  el_before_av_textblock  '><h3 class='av-special-heading-tag '  itemprop=\"headline\"  >EIE<\/h3><div class='special-heading-border'><div class='special-heading-inner-border' ><\/div><\/div><\/div><br \/>\n<section class=\"av_textblock_section \"  itemscope=\"itemscope\" itemtype=\"https:\/\/schema.org\/CreativeWork\" ><div class='avia_textblock  '   itemprop=\"text\" ><p style=\"text-align: center;\">I Thailand har du ikke lov til \u00e5 eie land p\u00e5 samme m\u00e5te som vi er vant til i Sverige. Bare personer med thailandsk statsborgerskap kan gj\u00f8re det. Utlendinger henvises derfor normalt til \u00e5 leie tomt p\u00e5 kort eller lang sikt for bygging av sin bolig.<\/p>\n<p style=\"text-align: center;\">V\u00e5rt firma registrert i Thailand, <strong>Scandinavian Village<\/strong> Co Ltd, eier eiendommen v\u00e5r uten element av thailandsk eierskap gjennom en spesiell tillatelse fra thailandske myndigheter. Gjennom v\u00e5rt eierskap til aksjer i selskapet har vi tidsbegrenset tilgang til v\u00e5re leiligheter.<\/p>\n<\/div><\/section><\/p><\/div><\/div><\/div><\/div><!-- close content main div --><\/div><\/div><div id='av_section_2'  class='avia-section main_color avia-section-default avia-no-border-styling  avia-bg-style-scroll  avia-builder-el-19  el_after_av_section  avia-builder-el-last   container_wrap fullsize' style='background-color: #f7f7f7;  '  ><div class='container' ><div class='template-page content  av-content-full alpha units'><div class='post-entry post-entry-type-page post-entry-6999'><div class='entry-content-wrapper clearfix'>\n<div  style='height:20px' class='hr hr-invisible   avia-builder-el-20  el_before_av_heading  avia-builder-el-first '><span class='hr-inner ' ><span class='hr-inner-style'><\/span><\/span><\/div>\n<div  style='padding-bottom:10px; margin:0px 0px 0px 0px; ' class='av-special-heading av-special-heading-h2  blockquote modern-quote modern-centered  avia-builder-el-21  el_after_av_hr  el_before_av_one_half  '><h2 class='av-special-heading-tag '  itemprop=\"headline\"  >HER KAN VI F\u00c5 HJELP TIL DET F\u00d8RSTE<\/h2><div class='special-heading-border'><div class='special-heading-inner-border' ><\/div><\/div><\/div>\n<div class=\"flex_column av_one_half  flex_column_div av-zero-column-padding first  avia-builder-el-22  el_after_av_heading  el_before_av_one_half  \" style='border-radius:0px; '><section class=\"av_textblock_section \"  itemscope=\"itemscope\" itemtype=\"https:\/\/schema.org\/CreativeWork\" ><div class='avia_textblock  '   itemprop=\"text\" ><p><strong>Det er ingenting v\u00e5rt utrolig hjelpsomme personale ikke kan ordne! Listen kan gj\u00f8res lang, noen eksempler er:<\/strong><\/p>\n<ul>\n<li>Transport til alle form\u00e5l<\/li>\n<li>Visums\u00f8knader<\/li>\n<li>Thai f\u00f8rerkort<\/li>\n<li>Hotell- og restaurantreservasjoner<\/li>\n<li>Golfbestillinger<\/li>\n<li>Rengj\u00f8ring<\/li>\n<li>Hagetjenester<\/li>\n<li>Vedlikeholdsarbeid i leilighetene<\/li>\n<li>Renovering<\/li>\n<li>Vaskeri<\/li>\n<li>Forsikringer<\/li>\n<li>Reise<\/li>\n<\/ul>\n<\/div><\/section><\/div><div class=\"flex_column av_one_half  flex_column_div av-zero-column-padding   avia-builder-el-24  el_after_av_one_half  el_before_av_hr  \" style='border-radius:0px; '><div  class='avia-image-container  av-styling-    avia-builder-el-25  avia-builder-el-no-sibling  avia-align-center '  itemprop=\"image\" itemscope=\"itemscope\" itemtype=\"https:\/\/schema.org\/ImageObject\"  ><div class='avia-image-container-inner'><div class='avia-image-overlay-wrap'><img decoding=\"async\" class='wp-image-5273 avia-img-lazy-loading-not-5273 avia_image' src=\"https:\/\/scandinavianvillage.net\/wp-content\/uploads\/2023\/06\/feed_9-1030x1030.jpg\" alt='' title='' height=\"1030\" width=\"1030\"  itemprop=\"thumbnailUrl\" srcset=\"https:\/\/scandinavianvillage.net\/wp-content\/uploads\/2023\/06\/feed_9-1030x1030.jpg 1030w, https:\/\/scandinavianvillage.net\/wp-content\/uploads\/2023\/06\/feed_9-300x300.jpg 300w, https:\/\/scandinavianvillage.net\/wp-content\/uploads\/2023\/06\/feed_9-80x80.jpg 80w, https:\/\/scandinavianvillage.net\/wp-content\/uploads\/2023\/06\/feed_9-768x768.jpg 768w, https:\/\/scandinavianvillage.net\/wp-content\/uploads\/2023\/06\/feed_9-36x36.jpg 36w, https:\/\/scandinavianvillage.net\/wp-content\/uploads\/2023\/06\/feed_9-180x180.jpg 180w, https:\/\/scandinavianvillage.net\/wp-content\/uploads\/2023\/06\/feed_9-705x705.jpg 705w, https:\/\/scandinavianvillage.net\/wp-content\/uploads\/2023\/06\/feed_9.jpg 1350w\" sizes=\"(max-width: 1030px) 100vw, 1030px\" \/><\/div><\/div><\/div><\/div><div  style='height:20px' class='hr hr-invisible   avia-builder-el-26  el_after_av_one_half  avia-builder-el-last '><span class='hr-inner ' ><span class='hr-inner-style'><\/span><\/span><\/div>\n<\/p>\n","protected":false},"excerpt":{"rendered":"","protected":false},"author":2,"featured_media":6712,"parent":0,"menu_order":0,"comment_status":"closed","ping_status":"closed","template":"","meta":{"_acf_changed":false,"footnotes":""},"class_list":["post-6999","page","type-page","status-publish","has-post-thumbnail","hentry"],"acf":[],"_links":{"self":[{"href":"https:\/\/scandinavianvillage.net\/no\/wp-json\/wp\/v2\/pages\/6999","targetHints":{"allow":["GET"]}}],"collection":[{"href":"https:\/\/scandinavianvillage.net\/no\/wp-json\/wp\/v2\/pages"}],"about":[{"href":"https:\/\/scandinavianvillage.net\/no\/wp-json\/wp\/v2\/types\/page"}],"author":[{"embeddable":true,"href":"https:\/\/scandinavianvillage.net\/no\/wp-json\/wp\/v2\/users\/2"}],"replies":[{"embeddable":true,"href":"https:\/\/scandinavianvillage.net\/no\/wp-json\/wp\/v2\/comments?post=6999"}],"version-history":[{"count":4,"href":"https:\/\/scandinavianvillage.net\/no\/wp-json\/wp\/v2\/pages\/6999\/revisions"}],"predecessor-version":[{"id":7974,"href":"https:\/\/scandinavianvillage.net\/no\/wp-json\/wp\/v2\/pages\/6999\/revisions\/7974"}],"wp:featuredmedia":[{"embeddable":true,"href":"https:\/\/scandinavianvillage.net\/no\/wp-json\/wp\/v2\/media\/6712"}],"wp:attachment":[{"href":"https:\/\/scandinavianvillage.net\/no\/wp-json\/wp\/v2\/media?parent=6999"}],"curies":[{"name":"wp","href":"https:\/\/api.w.org\/{rel}","templated":true}]}}