{"id":7064,"date":"2023-06-06T13:39:15","date_gmt":"2023-06-06T11:39:15","guid":{"rendered":"https:\/\/scandinavianvillage.net\/bangkok\/"},"modified":"2024-01-18T09:08:57","modified_gmt":"2024-01-18T08:08:57","slug":"bangkok","status":"publish","type":"page","link":"https:\/\/scandinavianvillage.net\/no\/bangkok\/","title":{"rendered":"Bangkok"},"content":{"rendered":"<div id='full_slider_1'  class='avia-fullwidth-slider main_color avia-shadow  av-small-hide av-mini-hide  avia-builder-el-0  el_before_av_slideshow_full  avia-builder-el-first   container_wrap fullsize' style=' '  ><div   data-size='featured_large'  data-lightbox_size='large'  data-animation='slide'  data-conditional_play=''  data-ids='4081'  data-video_counter='0'  data-autoplay='false'  data-bg_slider='false'  data-slide_height=''  data-handle='av_slideshow_full'  data-interval='5'  data-class=' '  data-el_id=''  data-css_id=''  data-scroll_down=''  data-control_layout='av-control-default'  data-custom_markup=''  data-perma_caption=''  data-autoplay_stopper=''  data-image_attachment=''  data-min_height=''  data-lazy_loading='disabled'  data-src=''  data-position='top left'  data-repeat='no-repeat'  data-attach='scroll'  data-stretch=''  data-default-height='32.8125'  class='avia-slideshow avia-slideshow-1  av-control-default av-default-height-applied avia-slideshow-featured_large av_slideshow_full   avia-slide-slider '  itemprop=\"image\" itemscope=\"itemscope\" itemtype=\"https:\/\/schema.org\/ImageObject\" ><ul class='avia-slideshow-inner ' style='padding-bottom: 32.8125%;' ><li  class=' av-single-slide slide-1 ' ><div data-rel='slideshow-1' class='avia-slide-wrap '   ><img decoding=\"async\" class=\"wp-image-6414 avia-img-lazy-loading-not-6414\"  src=\"https:\/\/scandinavianvillage.net\/wp-content\/uploads\/2023\/07\/skandinavianvillage_img_1-1920x630.jpg\" width=\"1920\" height=\"630\" title='' alt=''  itemprop=\"thumbnailUrl\"   \/><\/div><\/li><\/ul><\/div><\/div>\n<div id='full_slider_2'  class='avia-fullwidth-slider main_color avia-shadow  av-desktop-hide av-medium-hide  avia-builder-el-1  el_after_av_slideshow_full  el_before_av_section   slider-not-first container_wrap fullsize' style=' '  ><div   data-size='large'  data-lightbox_size='large'  data-animation='slide'  data-conditional_play=''  data-ids='4081'  data-video_counter='0'  data-autoplay='false'  data-bg_slider='false'  data-slide_height=''  data-handle='av_slideshow_full'  data-interval='5'  data-class=' '  data-el_id=''  data-css_id=''  data-scroll_down=''  data-control_layout='av-control-default'  data-custom_markup=''  data-perma_caption=''  data-autoplay_stopper=''  data-image_attachment=''  data-min_height='300px'  data-lazy_loading='disabled'  data-src=''  data-position='top left'  data-repeat='no-repeat'  data-attach='scroll'  data-stretch=''  class='avia-slideshow avia-slideshow-2  av-control-default av-default-height-applied avia-slideshow-large av_slideshow_full   avia-slide-slider '  itemprop=\"image\" itemscope=\"itemscope\" itemtype=\"https:\/\/schema.org\/ImageObject\" ><ul class='avia-slideshow-inner ' style='padding-bottom: 66.601941747573%;' ><li  class=' av-single-slide slide-1 ' ><div data-rel='slideshow-2' class='avia-slide-wrap '   ><img decoding=\"async\" class=\"wp-image-6414 avia-img-lazy-loading-not-6414\"  src=\"https:\/\/scandinavianvillage.net\/wp-content\/uploads\/2023\/07\/skandinavianvillage_img_1-1030x686.jpg\" width=\"1030\" height=\"686\" title='' alt=''  itemprop=\"thumbnailUrl\"  style='min-height:300px; min-width:451px; ' srcset=\"https:\/\/scandinavianvillage.net\/wp-content\/uploads\/2023\/07\/skandinavianvillage_img_1-1030x686.jpg 1030w, https:\/\/scandinavianvillage.net\/wp-content\/uploads\/2023\/07\/skandinavianvillage_img_1-300x200.jpg 300w, https:\/\/scandinavianvillage.net\/wp-content\/uploads\/2023\/07\/skandinavianvillage_img_1-768x512.jpg 768w, https:\/\/scandinavianvillage.net\/wp-content\/uploads\/2023\/07\/skandinavianvillage_img_1-1536x1024.jpg 1536w, https:\/\/scandinavianvillage.net\/wp-content\/uploads\/2023\/07\/skandinavianvillage_img_1-1920x1280.jpg 1920w, https:\/\/scandinavianvillage.net\/wp-content\/uploads\/2023\/07\/skandinavianvillage_img_1-705x470.jpg 705w, https:\/\/scandinavianvillage.net\/wp-content\/uploads\/2023\/07\/skandinavianvillage_img_1.jpg 2000w\" sizes=\"(max-width: 1030px) 100vw, 1030px\" \/><\/div><\/li><\/ul><\/div><\/div>\n<div id='av_section_1'  class='avia-section main_color avia-section-default avia-no-border-styling  avia-bg-style-scroll  avia-builder-el-2  el_after_av_slideshow_full  avia-builder-el-last   container_wrap fullsize' style=' '  ><div class='container' ><div class='template-page content  av-content-full alpha units'><div class='post-entry post-entry-type-page post-entry-7064'><div class='entry-content-wrapper clearfix'>\n<div class=\"flex_column av_one_full  flex_column_div av-zero-column-padding first  avia-builder-el-3  avia-builder-el-no-sibling  \" style='border-radius:0px; '><p><div  style='padding-bottom:10px; margin:0px 0px 0px 0px; ' class='av-special-heading av-special-heading-h1  blockquote modern-quote modern-centered  avia-builder-el-4  el_before_av_textblock  avia-builder-el-first  '><h1 class='av-special-heading-tag '  itemprop=\"headline\"  >Bangkok<\/h1><div class='special-heading-border'><div class='special-heading-inner-border' ><\/div><\/div><\/div><br \/>\n<section class=\"av_textblock_section \"  itemscope=\"itemscope\" itemtype=\"https:\/\/schema.org\/CreativeWork\" ><div class='avia_textblock  '   itemprop=\"text\" ><p style=\"text-align: center;\">Opplev denne mystiske og spennende byen! Enten du er interessert i kunst, historie, markeder, mat, templer, en tur p\u00e5 Chao Phraya-elven eller shopping, er Bangkok noe helt spesielt. Med bil n\u00e5r vi Bangkok p\u00e5 ca <strong>1,5 time<\/strong>. G\u00e5 for dagen eller tilbring en natt eller to p\u00e5 et av Bangkoks flotte hoteller.<\/p>\n<p style=\"text-align: center;\">Bangkok ligger <strong>godt til!<\/strong> Herfra kan du n\u00e5 for eksempel <strong>Singapore<\/strong> med fly p\u00e5 et par timer, <strong>Bali<\/strong> og <strong>Maldivene<\/strong> p\u00e5 4 timer og Nord-Thailand som <strong>Chiang Mai<\/strong> p\u00e5 litt over en time. Det er s\u00e5 mye \u00e5 oppleve!<\/p>\n<\/div><\/section><\/p><\/div>\n","protected":false},"excerpt":{"rendered":"","protected":false},"author":2,"featured_media":6404,"parent":0,"menu_order":0,"comment_status":"closed","ping_status":"closed","template":"","meta":{"_acf_changed":false,"footnotes":""},"class_list":["post-7064","page","type-page","status-publish","has-post-thumbnail","hentry"],"acf":[],"_links":{"self":[{"href":"https:\/\/scandinavianvillage.net\/no\/wp-json\/wp\/v2\/pages\/7064","targetHints":{"allow":["GET"]}}],"collection":[{"href":"https:\/\/scandinavianvillage.net\/no\/wp-json\/wp\/v2\/pages"}],"about":[{"href":"https:\/\/scandinavianvillage.net\/no\/wp-json\/wp\/v2\/types\/page"}],"author":[{"embeddable":true,"href":"https:\/\/scandinavianvillage.net\/no\/wp-json\/wp\/v2\/users\/2"}],"replies":[{"embeddable":true,"href":"https:\/\/scandinavianvillage.net\/no\/wp-json\/wp\/v2\/comments?post=7064"}],"version-history":[{"count":3,"href":"https:\/\/scandinavianvillage.net\/no\/wp-json\/wp\/v2\/pages\/7064\/revisions"}],"predecessor-version":[{"id":7961,"href":"https:\/\/scandinavianvillage.net\/no\/wp-json\/wp\/v2\/pages\/7064\/revisions\/7961"}],"wp:featuredmedia":[{"embeddable":true,"href":"https:\/\/scandinavianvillage.net\/no\/wp-json\/wp\/v2\/media\/6404"}],"wp:attachment":[{"href":"https:\/\/scandinavianvillage.net\/no\/wp-json\/wp\/v2\/media?parent=7064"}],"curies":[{"name":"wp","href":"https:\/\/api.w.org\/{rel}","templated":true}]}}