{"id":7076,"date":"2023-06-06T13:39:29","date_gmt":"2023-06-06T11:39:29","guid":{"rendered":"https:\/\/scandinavianvillage.net\/oar-resor\/"},"modified":"2024-01-18T09:07:09","modified_gmt":"2024-01-18T08:07:09","slug":"oyer","status":"publish","type":"page","link":"https:\/\/scandinavianvillage.net\/no\/oyer\/","title":{"rendered":"\u00d8yer"},"content":{"rendered":"<div id='full_slider_1'  class='avia-fullwidth-slider main_color avia-shadow  av-small-hide av-mini-hide  avia-builder-el-0  el_before_av_slideshow_full  avia-builder-el-first   container_wrap fullsize' style=' '  ><div   data-size='featured_large'  data-lightbox_size='large'  data-animation='slide'  data-conditional_play=''  data-ids='1645'  data-video_counter='0'  data-autoplay='false'  data-bg_slider='false'  data-slide_height=''  data-handle='av_slideshow_full'  data-interval='5'  data-class=' '  data-el_id=''  data-css_id=''  data-scroll_down=''  data-control_layout='av-control-default'  data-custom_markup=''  data-perma_caption=''  data-autoplay_stopper=''  data-image_attachment=''  data-min_height=''  data-lazy_loading='disabled'  data-src=''  data-position='top left'  data-repeat='no-repeat'  data-attach='scroll'  data-stretch=''  data-default-height='32.8125'  class='avia-slideshow avia-slideshow-1  av-control-default av-default-height-applied avia-slideshow-featured_large av_slideshow_full   avia-slide-slider '  itemprop=\"image\" itemscope=\"itemscope\" itemtype=\"https:\/\/schema.org\/ImageObject\" ><ul class='avia-slideshow-inner ' style='padding-bottom: 32.8125%;' ><li  class=' av-single-slide slide-1 ' ><div data-rel='slideshow-1' class='avia-slide-wrap '   ><img decoding=\"async\" class=\"wp-image-5305 avia-img-lazy-loading-not-5305\"  src=\"https:\/\/scandinavianvillage.net\/wp-content\/uploads\/2023\/06\/57471852-the-landscape-of-maya-bay-thailand-1920x630.jpg\" width=\"1920\" height=\"630\" title='The Landscape of Maya Bay, Thailand' alt=''  itemprop=\"thumbnailUrl\"   \/><\/div><\/li><\/ul><\/div><\/div>\n<div id='full_slider_2'  class='avia-fullwidth-slider main_color avia-shadow  av-desktop-hide av-medium-hide  avia-builder-el-1  el_after_av_slideshow_full  el_before_av_section   slider-not-first container_wrap fullsize' style=' '  ><div   data-size='large'  data-lightbox_size='large'  data-animation='slide'  data-conditional_play=''  data-ids='1645'  data-video_counter='0'  data-autoplay='false'  data-bg_slider='false'  data-slide_height=''  data-handle='av_slideshow_full'  data-interval='5'  data-class=' '  data-el_id=''  data-css_id=''  data-scroll_down=''  data-control_layout='av-control-default'  data-custom_markup=''  data-perma_caption=''  data-autoplay_stopper=''  data-image_attachment=''  data-min_height='300px'  data-lazy_loading='disabled'  data-src=''  data-position='top left'  data-repeat='no-repeat'  data-attach='scroll'  data-stretch=''  class='avia-slideshow avia-slideshow-2  av-control-default av-default-height-applied avia-slideshow-large av_slideshow_full   avia-slide-slider '  itemprop=\"image\" itemscope=\"itemscope\" itemtype=\"https:\/\/schema.org\/ImageObject\" ><ul class='avia-slideshow-inner ' style='padding-bottom: 59.126213592233%;' ><li  class=' av-single-slide slide-1 ' ><div data-rel='slideshow-2' class='avia-slide-wrap '   ><img decoding=\"async\" class=\"wp-image-5305 avia-img-lazy-loading-not-5305\"  src=\"https:\/\/scandinavianvillage.net\/wp-content\/uploads\/2023\/06\/57471852-the-landscape-of-maya-bay-thailand-1030x609.jpg\" width=\"1030\" height=\"609\" title='The Landscape of Maya Bay, Thailand' alt=''  itemprop=\"thumbnailUrl\"  style='min-height:300px; min-width:508px; ' srcset=\"https:\/\/scandinavianvillage.net\/wp-content\/uploads\/2023\/06\/57471852-the-landscape-of-maya-bay-thailand-1030x609.jpg 1030w, https:\/\/scandinavianvillage.net\/wp-content\/uploads\/2023\/06\/57471852-the-landscape-of-maya-bay-thailand-300x178.jpg 300w, https:\/\/scandinavianvillage.net\/wp-content\/uploads\/2023\/06\/57471852-the-landscape-of-maya-bay-thailand-768x454.jpg 768w, https:\/\/scandinavianvillage.net\/wp-content\/uploads\/2023\/06\/57471852-the-landscape-of-maya-bay-thailand-1536x909.jpg 1536w, https:\/\/scandinavianvillage.net\/wp-content\/uploads\/2023\/06\/57471852-the-landscape-of-maya-bay-thailand-2048x1212.jpg 2048w, https:\/\/scandinavianvillage.net\/wp-content\/uploads\/2023\/06\/57471852-the-landscape-of-maya-bay-thailand-1920x1136.jpg 1920w, https:\/\/scandinavianvillage.net\/wp-content\/uploads\/2023\/06\/57471852-the-landscape-of-maya-bay-thailand-705x417.jpg 705w\" sizes=\"(max-width: 1030px) 100vw, 1030px\" \/><\/div><\/li><\/ul><\/div><\/div>\n<div id='av_section_1'  class='avia-section main_color avia-section-default avia-no-border-styling  avia-bg-style-scroll  avia-builder-el-2  el_after_av_slideshow_full  avia-builder-el-last   container_wrap fullsize' style=' '  ><div class='container' ><div class='template-page content  av-content-full alpha units'><div class='post-entry post-entry-type-page post-entry-7076'><div class='entry-content-wrapper clearfix'>\n<div class=\"flex_column av_one_full  flex_column_div av-zero-column-padding first  avia-builder-el-3  avia-builder-el-no-sibling  \" style='border-radius:0px; '><p><div  style='padding-bottom:10px; margin:0px 0px 0px 0px; ' class='av-special-heading av-special-heading-h1  blockquote modern-quote modern-centered  avia-builder-el-4  el_before_av_textblock  avia-builder-el-first  '><h1 class='av-special-heading-tag '  itemprop=\"headline\"  >\u00d8YER OG REISER<\/h1><div class='special-heading-border'><div class='special-heading-inner-border' ><\/div><\/div><\/div><br \/>\n<section class=\"av_textblock_section \"  itemscope=\"itemscope\" itemtype=\"https:\/\/schema.org\/CreativeWork\" ><div class='avia_textblock  '   itemprop=\"text\" ><p style=\"text-align: center;\">\u00d8yen p\u00e5 thai kalles <strong>&laquo;Koh&raquo;<\/strong>, og det finnes en rekke av dem, b\u00e5de n\u00e6r og lenger unna! <strong>Koh Samet<\/strong> ligger kun 20 kilometer fra Bangkok i Thailandbukten, her m\u00f8tes du av hvite strender og klart vann. <strong>Koh Chang<\/strong> er en av Thailands st\u00f8rste \u00f8yer og ligger n\u00e6r grensen til Kambodsja. Her er det b\u00e5de kritthvite strender og frodig jungel. <strong>Koh Samui<\/strong> kalles \u00a8kokosn\u00f8tt\u00f8ya\u00a8, siden det er mange store plantasjer her. Dyphavsdykking og flotte hoteller er ogs\u00e5 tilgjengelig. Turer til \u00f8yene er popul\u00e6rt og du kan f\u00e5 hjelp og r\u00e5d i resepsjonen.<\/p>\n<\/div><\/section><\/p><\/div>\n","protected":false},"excerpt":{"rendered":"","protected":false},"author":2,"featured_media":5305,"parent":0,"menu_order":0,"comment_status":"closed","ping_status":"closed","template":"","meta":{"_acf_changed":false,"footnotes":""},"class_list":["post-7076","page","type-page","status-publish","has-post-thumbnail","hentry"],"acf":[],"_links":{"self":[{"href":"https:\/\/scandinavianvillage.net\/no\/wp-json\/wp\/v2\/pages\/7076","targetHints":{"allow":["GET"]}}],"collection":[{"href":"https:\/\/scandinavianvillage.net\/no\/wp-json\/wp\/v2\/pages"}],"about":[{"href":"https:\/\/scandinavianvillage.net\/no\/wp-json\/wp\/v2\/types\/page"}],"author":[{"embeddable":true,"href":"https:\/\/scandinavianvillage.net\/no\/wp-json\/wp\/v2\/users\/2"}],"replies":[{"embeddable":true,"href":"https:\/\/scandinavianvillage.net\/no\/wp-json\/wp\/v2\/comments?post=7076"}],"version-history":[{"count":3,"href":"https:\/\/scandinavianvillage.net\/no\/wp-json\/wp\/v2\/pages\/7076\/revisions"}],"predecessor-version":[{"id":7958,"href":"https:\/\/scandinavianvillage.net\/no\/wp-json\/wp\/v2\/pages\/7076\/revisions\/7958"}],"wp:featuredmedia":[{"embeddable":true,"href":"https:\/\/scandinavianvillage.net\/no\/wp-json\/wp\/v2\/media\/5305"}],"wp:attachment":[{"href":"https:\/\/scandinavianvillage.net\/no\/wp-json\/wp\/v2\/media?parent=7076"}],"curies":[{"name":"wp","href":"https:\/\/api.w.org\/{rel}","templated":true}]}}