{"id":7087,"date":"2023-06-06T13:39:41","date_gmt":"2023-06-06T11:39:41","guid":{"rendered":"https:\/\/scandinavianvillage.net\/klimat\/"},"modified":"2024-01-18T09:05:22","modified_gmt":"2024-01-18T08:05:22","slug":"klima","status":"publish","type":"page","link":"https:\/\/scandinavianvillage.net\/no\/klima\/","title":{"rendered":"Klima"},"content":{"rendered":"<div id='full_slider_1'  class='avia-fullwidth-slider main_color avia-shadow  av-small-hide av-mini-hide  avia-builder-el-0  el_before_av_slideshow_full  avia-builder-el-first   container_wrap fullsize' style=' '  ><div   data-size='featured_large'  data-lightbox_size='large'  data-animation='slide'  data-conditional_play=''  data-ids='1551'  data-video_counter='0'  data-autoplay='false'  data-bg_slider='false'  data-slide_height=''  data-handle='av_slideshow_full'  data-interval='5'  data-class=' '  data-el_id=''  data-css_id=''  data-scroll_down=''  data-control_layout='av-control-default'  data-custom_markup=''  data-perma_caption=''  data-autoplay_stopper=''  data-image_attachment=''  data-min_height=''  data-lazy_loading='disabled'  data-src=''  data-position='top left'  data-repeat='no-repeat'  data-attach='scroll'  data-stretch=''  data-default-height='32.8125'  class='avia-slideshow avia-slideshow-1  av-control-default av-default-height-applied avia-slideshow-featured_large av_slideshow_full   avia-slide-slider '  itemprop=\"image\" itemscope=\"itemscope\" itemtype=\"https:\/\/schema.org\/ImageObject\" ><ul class='avia-slideshow-inner ' style='padding-bottom: 32.8125%;' ><li  class=' av-single-slide slide-1 ' ><div data-rel='slideshow-1' class='avia-slide-wrap '   ><img decoding=\"async\" class=\"wp-image-5285 avia-img-lazy-loading-not-5285\"  src=\"https:\/\/scandinavianvillage.net\/wp-content\/uploads\/2023\/06\/StockSnap_F9SDA89OFK-1920x630.jpg\" width=\"1920\" height=\"630\" title='' alt=''  itemprop=\"thumbnailUrl\"   \/><\/div><\/li><\/ul><\/div><\/div>\n<div id='full_slider_2'  class='avia-fullwidth-slider main_color avia-shadow  av-desktop-hide av-medium-hide  avia-builder-el-1  el_after_av_slideshow_full  el_before_av_section   slider-not-first container_wrap fullsize' style=' '  ><div   data-size='large'  data-lightbox_size='large'  data-animation='slide'  data-conditional_play=''  data-ids='1551'  data-video_counter='0'  data-autoplay='false'  data-bg_slider='false'  data-slide_height=''  data-handle='av_slideshow_full'  data-interval='5'  data-class=' '  data-el_id=''  data-css_id=''  data-scroll_down=''  data-control_layout='av-control-default'  data-custom_markup=''  data-perma_caption=''  data-autoplay_stopper=''  data-image_attachment=''  data-min_height='300px'  data-lazy_loading='disabled'  data-src=''  data-position='top left'  data-repeat='no-repeat'  data-attach='scroll'  data-stretch=''  class='avia-slideshow avia-slideshow-2  av-control-default av-default-height-applied avia-slideshow-large av_slideshow_full   avia-slide-slider '  itemprop=\"image\" itemscope=\"itemscope\" itemtype=\"https:\/\/schema.org\/ImageObject\" ><ul class='avia-slideshow-inner ' style='padding-bottom: 66.699029126214%;' ><li  class=' av-single-slide slide-1 ' ><div data-rel='slideshow-2' class='avia-slide-wrap '   ><img decoding=\"async\" class=\"wp-image-5285 avia-img-lazy-loading-not-5285\"  src=\"https:\/\/scandinavianvillage.net\/wp-content\/uploads\/2023\/06\/StockSnap_F9SDA89OFK-1030x687.jpg\" width=\"1030\" height=\"687\" title='' alt=''  itemprop=\"thumbnailUrl\"  style='min-height:300px; min-width:450px; ' srcset=\"https:\/\/scandinavianvillage.net\/wp-content\/uploads\/2023\/06\/StockSnap_F9SDA89OFK-1030x687.jpg 1030w, https:\/\/scandinavianvillage.net\/wp-content\/uploads\/2023\/06\/StockSnap_F9SDA89OFK-300x200.jpg 300w, https:\/\/scandinavianvillage.net\/wp-content\/uploads\/2023\/06\/StockSnap_F9SDA89OFK-768x512.jpg 768w, https:\/\/scandinavianvillage.net\/wp-content\/uploads\/2023\/06\/StockSnap_F9SDA89OFK-1536x1024.jpg 1536w, https:\/\/scandinavianvillage.net\/wp-content\/uploads\/2023\/06\/StockSnap_F9SDA89OFK-2048x1365.jpg 2048w, https:\/\/scandinavianvillage.net\/wp-content\/uploads\/2023\/06\/StockSnap_F9SDA89OFK-1920x1280.jpg 1920w, https:\/\/scandinavianvillage.net\/wp-content\/uploads\/2023\/06\/StockSnap_F9SDA89OFK-705x470.jpg 705w\" sizes=\"(max-width: 1030px) 100vw, 1030px\" \/><\/div><\/li><\/ul><\/div><\/div>\n<div id='av_section_1'  class='avia-section main_color avia-section-default avia-no-border-styling  avia-bg-style-scroll  avia-builder-el-2  el_after_av_slideshow_full  avia-builder-el-last   container_wrap fullsize' style=' '  ><div class='container' ><div class='template-page content  av-content-full alpha units'><div class='post-entry post-entry-type-page post-entry-7087'><div class='entry-content-wrapper clearfix'>\n<div class=\"flex_column av_one_full  flex_column_div av-zero-column-padding first  avia-builder-el-3  avia-builder-el-no-sibling  \" style='border-radius:0px; '><p><div  style='padding-bottom:10px; margin:0px 0px 0px 0px; ' class='av-special-heading av-special-heading-h1  blockquote modern-quote modern-centered  avia-builder-el-4  el_before_av_textblock  avia-builder-el-first  '><h1 class='av-special-heading-tag '  itemprop=\"headline\"  >Klima<\/h1><div class='special-heading-border'><div class='special-heading-inner-border' ><\/div><\/div><\/div><br \/>\n<section class=\"av_textblock_section \"  itemscope=\"itemscope\" itemtype=\"https:\/\/schema.org\/CreativeWork\" ><div class='avia_textblock  '   itemprop=\"text\" ><p style=\"text-align: center;\">Thailand har et tropisk monsunklima med tre \u00e5rstider. Den beste tiden \u00e5 tilbringe i Thailand er i h\u00f8ysesongen november \u2013 mars, n\u00e5r v\u00e6ret er mest p\u00e5litelig. Det er behagelig varmt og regn er sjelden, perfekte solskinnsdager og varme solnedgangskvelder. Temperaturen ligger p\u00e5 rundt 31 grader p\u00e5 dagtid og rundt 24 grader p\u00e5 kvelden. April \u2013 mai er den varme perioden med temperaturer mellom 26 \u2013 37 grader.<\/p>\n<p style=\"text-align: center;\">Endelig regnperioden juni \u2013 oktober med mye nedb\u00f8r i de s\u00f8rlige og s\u00f8r\u00f8stlige delene, men mindre og mer uregelmessig nedb\u00f8r i de nordlige og nord\u00f8stlige delene av landet.<\/p>\n<\/div><\/section><\/p><\/div>\n","protected":false},"excerpt":{"rendered":"","protected":false},"author":2,"featured_media":5285,"parent":0,"menu_order":0,"comment_status":"closed","ping_status":"closed","template":"","meta":{"_acf_changed":false,"footnotes":""},"class_list":["post-7087","page","type-page","status-publish","has-post-thumbnail","hentry"],"acf":[],"_links":{"self":[{"href":"https:\/\/scandinavianvillage.net\/no\/wp-json\/wp\/v2\/pages\/7087","targetHints":{"allow":["GET"]}}],"collection":[{"href":"https:\/\/scandinavianvillage.net\/no\/wp-json\/wp\/v2\/pages"}],"about":[{"href":"https:\/\/scandinavianvillage.net\/no\/wp-json\/wp\/v2\/types\/page"}],"author":[{"embeddable":true,"href":"https:\/\/scandinavianvillage.net\/no\/wp-json\/wp\/v2\/users\/2"}],"replies":[{"embeddable":true,"href":"https:\/\/scandinavianvillage.net\/no\/wp-json\/wp\/v2\/comments?post=7087"}],"version-history":[{"count":3,"href":"https:\/\/scandinavianvillage.net\/no\/wp-json\/wp\/v2\/pages\/7087\/revisions"}],"predecessor-version":[{"id":7955,"href":"https:\/\/scandinavianvillage.net\/no\/wp-json\/wp\/v2\/pages\/7087\/revisions\/7955"}],"wp:featuredmedia":[{"embeddable":true,"href":"https:\/\/scandinavianvillage.net\/no\/wp-json\/wp\/v2\/media\/5285"}],"wp:attachment":[{"href":"https:\/\/scandinavianvillage.net\/no\/wp-json\/wp\/v2\/media?parent=7087"}],"curies":[{"name":"wp","href":"https:\/\/api.w.org\/{rel}","templated":true}]}}