{"id":7773,"date":"2022-04-25T11:39:04","date_gmt":"2022-04-25T09:39:04","guid":{"rendered":"https:\/\/scandinavianvillage.net\/?page_id=7773"},"modified":"2024-01-18T10:02:46","modified_gmt":"2024-01-18T09:02:46","slug":"personvernerklaering","status":"publish","type":"page","link":"https:\/\/scandinavianvillage.net\/no\/personvernerklaering\/","title":{"rendered":"Personvernerkl\u00e6ring"},"content":{"rendered":"<div id='full_slider_1'  class='avia-fullwidth-slider main_color avia-shadow  av-small-hide av-mini-hide  avia-builder-el-0  el_before_av_slideshow_full  avia-builder-el-first   container_wrap fullsize' style=' '  ><div   data-size='featured_large'  data-lightbox_size='large'  data-animation='slide'  data-conditional_play=''  data-ids='714'  data-video_counter='0'  data-autoplay='false'  data-bg_slider='false'  data-slide_height=''  data-handle='av_slideshow_full'  data-interval='5'  data-class=' '  data-el_id=''  data-css_id=''  data-scroll_down=''  data-control_layout='av-control-default'  data-custom_markup=''  data-perma_caption=''  data-autoplay_stopper=''  data-image_attachment=''  data-min_height=''  data-lazy_loading='disabled'  data-src=''  data-position='top left'  data-repeat='no-repeat'  data-attach='scroll'  data-stretch=''  data-default-height='32.8125'  class='avia-slideshow avia-slideshow-1  av-control-default av-default-height-applied avia-slideshow-featured_large av_slideshow_full   avia-slide-slider '  itemprop=\"image\" itemscope=\"itemscope\" itemtype=\"https:\/\/schema.org\/ImageObject\" ><ul class='avia-slideshow-inner ' style='padding-bottom: 32.8125%;' ><li  class=' av-single-slide slide-1 ' ><div data-rel='slideshow-1' class='avia-slide-wrap '   ><img decoding=\"async\" class=\"wp-image-5229 avia-img-lazy-loading-not-5229\"  src=\"https:\/\/scandinavianvillage.net\/wp-content\/uploads\/2023\/06\/banner-4-1920x630.jpg\" width=\"1920\" height=\"630\" title='' alt=''  itemprop=\"thumbnailUrl\"   \/><\/div><\/li><\/ul><\/div><\/div>\n<div id='full_slider_2'  class='avia-fullwidth-slider main_color avia-shadow  av-desktop-hide av-medium-hide  avia-builder-el-1  el_after_av_slideshow_full  el_before_av_section   slider-not-first container_wrap fullsize' style=' '  ><div   data-size='large'  data-lightbox_size='large'  data-animation='slide'  data-conditional_play=''  data-ids='714'  data-video_counter='0'  data-autoplay='false'  data-bg_slider='false'  data-slide_height=''  data-handle='av_slideshow_full'  data-interval='5'  data-class=' '  data-el_id=''  data-css_id=''  data-scroll_down=''  data-control_layout='av-control-default'  data-custom_markup=''  data-perma_caption=''  data-autoplay_stopper=''  data-image_attachment=''  data-min_height='300px'  data-lazy_loading='disabled'  data-src=''  data-position='top left'  data-repeat='no-repeat'  data-attach='scroll'  data-stretch=''  class='avia-slideshow avia-slideshow-2  av-control-default av-default-height-applied avia-slideshow-large av_slideshow_full   avia-slide-slider '  itemprop=\"image\" itemscope=\"itemscope\" itemtype=\"https:\/\/schema.org\/ImageObject\" ><ul class='avia-slideshow-inner ' style='padding-bottom: 80%;' ><li  class=' av-single-slide slide-1 ' ><div data-rel='slideshow-2' class='avia-slide-wrap '   ><img decoding=\"async\" class=\"wp-image-5229 avia-img-lazy-loading-not-5229\"  src=\"https:\/\/scandinavianvillage.net\/wp-content\/uploads\/2023\/06\/banner-4-1030x824.jpg\" width=\"1030\" height=\"824\" title='' alt=''  itemprop=\"thumbnailUrl\"  style='min-height:300px; min-width:375px; ' srcset=\"https:\/\/scandinavianvillage.net\/wp-content\/uploads\/2023\/06\/banner-4-1030x824.jpg 1030w, https:\/\/scandinavianvillage.net\/wp-content\/uploads\/2023\/06\/banner-4-300x240.jpg 300w, https:\/\/scandinavianvillage.net\/wp-content\/uploads\/2023\/06\/banner-4-768x614.jpg 768w, https:\/\/scandinavianvillage.net\/wp-content\/uploads\/2023\/06\/banner-4-1536x1229.jpg 1536w, https:\/\/scandinavianvillage.net\/wp-content\/uploads\/2023\/06\/banner-4-1920x1536.jpg 1920w, https:\/\/scandinavianvillage.net\/wp-content\/uploads\/2023\/06\/banner-4-705x564.jpg 705w, https:\/\/scandinavianvillage.net\/wp-content\/uploads\/2023\/06\/banner-4.jpg 2000w\" sizes=\"(max-width: 1030px) 100vw, 1030px\" \/><\/div><\/li><\/ul><\/div><\/div>\n<div id='av_section_1'  class='avia-section main_color avia-section-default avia-no-border-styling  avia-bg-style-scroll  avia-builder-el-2  el_after_av_slideshow_full  avia-builder-el-last   container_wrap fullsize' style=' '  ><div class='container' ><div class='template-page content  av-content-full alpha units'><div class='post-entry post-entry-type-page post-entry-7773'><div class='entry-content-wrapper clearfix'>\n<div class=\"flex_column av_one_full  flex_column_div av-zero-column-padding first  avia-builder-el-3  avia-builder-el-no-sibling  \" style='border-radius:0px; '><p><div  style='padding-bottom:10px; ' class='av-special-heading av-special-heading-h1    avia-builder-el-4  el_before_av_textblock  avia-builder-el-first  '><h1 class='av-special-heading-tag '  itemprop=\"headline\"  >INTEGRITETSPOLITIKKEN TIL SCANDINAVIAN VILLAGE CO LTD (SVCL)<\/h1><div class='special-heading-border'><div class='special-heading-inner-border' ><\/div><\/div><\/div><br \/>\n<section class=\"av_textblock_section \"  itemscope=\"itemscope\" itemtype=\"https:\/\/schema.org\/CreativeWork\" ><div class='avia_textblock  '   itemprop=\"text\" ><h3>BAKGRUNN<\/h3>\n<p>SVCL samler inn og lagrer informasjon som du oppgir innenfor rammen av et megleroppdrag av bolig hos Scandinavian Village. Du kan v\u00e6re registrert med personopplysninger basert p\u00e5 ulike form\u00e5l, for eksempel som selger, kj\u00f8per, potensiell selger eller spekulant. Denne informasjonsteksten spesifiserer hvilke kategorier av personopplysninger SVCL behandler og for hvilke form\u00e5l de behandles.<\/p>\n<p>Gjennomg\u00e5ende brukes begrepet &laquo;behandling&raquo;, som inkluderer alle handlinger som involverer personopplysninger, inkludert, uten begrensning, innsamling, h\u00e5ndtering, lagring, deling, tilgang, bruk, overf\u00f8ring og sletting av data.<\/p>\n<h3>PERSONLIG INFORMASJON<\/h3>\n<p>&laquo;Personopplysninger&raquo; refererer til all informasjon som direkte eller indirekte kan knyttes til en identifisert eller identifiserbar fysisk person. SVCL samler inn personopplysningene du selv har gitt til selskapet, samt i unntakstilfeller adresseinformasjon publisert p\u00e5 internett. Hvis du vil vite aktuelle kilder for deg, b\u00f8r du kontakte SVCL.<\/p>\n<h4>Form\u00e5let med behandlingen av dine personopplysninger<\/h4>\n<p><strong>Kj\u00f8per<\/strong><\/p>\n<p>Hvis du kj\u00f8per bolig i Scandinavian Village, gjennom aksjer i SVCL og SV Holding S.A. knyttet til boligen. (SVH) SVCL behandler dine personopplysninger for f\u00f8lgende form\u00e5l. SVCL behandler dataene dine for \u00e5 utarbeide overf\u00f8ringsdokumenter med korrekte person- og eiendomsdata. Dataene SVCL behandler innenfor rammen av dette form\u00e5let er:<\/p>\n<ul>\n<li>Epostadresse<\/li>\n<li>Telefonnummer<\/li>\n<li>Adresse \u2022 Navn<\/li>\n<li>Kopi av pass og passnummer<\/li>\n<li>Leilighetsnummer og andeler knyttet til leiligheten<\/li>\n<li>Overdragelsesdokumenter knyttet til ervervet bolig og tilh\u00f8rende aksjer<\/li>\n<\/ul>\n<p>Behandlingen skjer slik at SVCL kan sende relevant informasjon til deg som kj\u00f8per og senere eier av bolig i Scandinavian Village, med andeler knyttet til boligen. Dine personopplysninger vil bli behandlet for dette form\u00e5let s\u00e5 lenge du er aksjon\u00e6r i SVCL og SVH.<\/p>\n<p>SVCL viderebehandler dine nevnte data for \u00e5 kunne iverksette tiltak for \u00e5 forhindre hvitvasking av penger og finansiering av terrorisme. Behandlingen skjer for at SVCL skal kunne oppfylle sine juridiske forpliktelser om kundebevissthet etter Lov om tiltak mot hvitvasking og finansiering av terrorisme. For dette form\u00e5let vil dine personopplysninger bli behandlet i fem \u00e5r fra n\u00e5r tiltakene for \u00e5 oppn\u00e5 kundebevissthet er iverksatt.<\/p>\n<p>SVCL viderebehandler din nevnte informasjon for \u00e5 kunne administrere kj\u00f8pet av den n\u00e5v\u00e6rende boligen, sammen med andeler knyttet til boligen, som inkluderer registrering hos relevante myndigheter i Thailand og Panama av aksjer knyttet til boligen i b\u00e5de (SVCL) og ( SVH).<\/p>\n<p>Behandlingen skjer for at SVCL skal kunne gjennomf\u00f8re og administrere kj\u00f8p av boligen, inkludert ovennevnte tinglysingstiltak. For dette form\u00e5let vil dine personopplysninger bli behandlet under kj\u00f8psprosessen og deretter lagret s\u00e5 lenge du er aksjon\u00e6r i SVCL og SVH. Behandlingen skjer ogs\u00e5 slik at SVCL kan f\u00f8lge opp og sikre dine rettigheter som aksjon\u00e6r i SVCL og SVH.<\/p>\n<p><strong>Selger<\/strong><\/p>\n<p>I forbindelse med at du selger en bolig i Scandinavian Village, gjennom aksjer knyttet til boligen, behandler SVCL dine personopplysninger til f\u00f8lgende form\u00e5l.<\/p>\n<p>SVCL behandler dine data for \u00e5 kunne utarbeide n\u00f8dvendige overf\u00f8ringsdokumenter og avregistrere deg som eier av aksjer i SVCL og SVH hos relevante myndigheter. Dataene SVCL behandler for disse form\u00e5lene er:<\/p>\n<ul>\n<li>Epostadresse<\/li>\n<li>Telefonnummer<\/li>\n<li>Adresse<\/li>\n<li>Navn<\/li>\n<li>Kopi av pass og passnummer<\/li>\n<li>Kontonummer<\/li>\n<li>Overdragelsesdokument vedr\u00f8rende overf\u00f8rt bolig og tilh\u00f8rende aksjer<\/li>\n<\/ul>\n<p>Behandlingen skjer slik at SVCL kan iverksette n\u00f8dvendige tiltak p\u00e5 grunn av overf\u00f8ringen. Til dette form\u00e5let vil dine personopplysninger bli behandlet i fem \u00e5r fra fullf\u00f8rt meklingsoppdrag.<\/p>\n<p>Scandinavian Village viderebehandler dine nevnte data for \u00e5 kunne iverksette tiltak for \u00e5 forhindre hvitvasking og finansiering av terrorisme. Behandlingen skjer for at SVCL skal kunne oppfylle sine juridiske forpliktelser om kundebevissthet etter Lov om tiltak mot hvitvasking og finansiering av terrorisme. For dette form\u00e5let vil dine personopplysninger bli behandlet i fem \u00e5r fra n\u00e5r tiltakene for \u00e5 oppn\u00e5 kundebevissthet er iverksatt.<\/p>\n<p>SVCL behandler dine opplysninger videre, bortsett fra kontonummeropplysningene, for \u00e5 iverksette tiltak for \u00e5 oppfylle megleroppdraget, som for eksempel publisering av bilder og beskrivelser av boligen som skal megles.<\/p>\n<p>Behandlingen skjer slik at SVCL kan oppfylle oppdragsavtalen med deg som selger. For dette form\u00e5let vil dine personopplysninger bli behandlet i ett \u00e5r fra fullf\u00f8rt meklingsoppdrag.<\/p>\n<p>SVCL behandler dataene dine videre for \u00e5 oppfylle arkiveringsforpliktelser som p\u00e5hviler SVCL ved lov. Informasjonen som SVCL behandler innenfor rammen av dette form\u00e5let er: All informasjon som er n\u00f8dvendig for \u00e5 kunne avregistrere deg som eier av aksjer i SVCL og SVH hos relevante myndigheter. Behandlingen skjer for \u00e5 oppfylle arkiveringsplikten som f\u00f8lger av gjeldende lover. Dine personopplysninger vil bli behandlet for dette form\u00e5let i ti \u00e5r fra tilgang.<\/p>\n<p><strong>Potensielle selgere<\/strong><\/p>\n<p>Hvis du har kontakt med SVCL ang\u00e5ende et oppdrag for SVCL om \u00e5 selge boligen din p\u00e5 Scandinavian Village, gjennom aksjer knyttet til boligen, behandler SVCL dine personopplysninger til f\u00f8lgende form\u00e5l. Scandinavian Village behandler dine data for \u00e5 administrere og gjennomf\u00f8re meklingen. Dataene SVCL behandler for disse form\u00e5lene er:<\/p>\n<ul>\n<li>Navn<\/li>\n<li>Adresse<\/li>\n<li>Telefonnummer<\/li>\n<li>Epostadresse<\/li>\n<li>Informasjon knyttet til boligen og aksjer knyttet til den<\/li>\n<\/ul>\n<p>Behandlingen skjer slik at Scandinavian Village kan ivareta formidlingsoppgaven. Dine nevnte personopplysninger vil bli behandlet til dette form\u00e5let inntil boligen din er solgt eller du tilbakekaller meglingsoppdraget. Scandinavian Village behandler dine data videre for direkte markedsf\u00f8ringstiltak.<\/p>\n<p>Behandlingen skjer slik at SVCL kan markedsf\u00f8re salget av boligen din. Dine personopplysninger vil bli behandlet til dette form\u00e5let inntil boligen din er solgt eller du tilbakekaller meglingsoppdraget.<\/p>\n<p><strong>Spekulanter<\/strong><\/p>\n<p>Hvis du viser interesse for en bolig meglet av Scandinavian Village, behandler Scandinavian Village dine personopplysninger for f\u00f8lgende form\u00e5l. Scandinavian Village behandler dataene dine for direkte markedsf\u00f8ringstiltak. Dataene Scandinavian Village behandler innenfor rammen av dette form\u00e5let er:<\/p>\n<ul>\n<li>Epostadresse<\/li>\n<li>Telefonnummer<\/li>\n<li>Navn<\/li>\n<\/ul>\n<p>Behandlingen skjer slik at SVCL kan sende relevant markedsf\u00f8ringsinformasjon til deg i egenskap av boligspekulant hos Scandinavian Village, formidlet gjennom SVCL. Dine personopplysninger vil bli behandlet for dette form\u00e5let i tre \u00e5r fra datoen dataene ble samlet inn.<\/p>\n<p>SVCL viderebehandler din nevnte informasjon for \u00e5 kunne f\u00f8re et spekulantregister og for \u00e5 kunne formidle andre objekter p\u00e5 Scandinavian Village som du kan v\u00e6re interessert i. Behandlingen skjer slik at SVCL kan kontakte deg n\u00e5r og dersom flere boliger ved Scandinavian Village blir ledige for overdragelse. Dine personopplysninger vil bli behandlet for dette form\u00e5let i tre \u00e5r fra salget av boligen der opplysningene ble samlet inn.<\/p>\n<p>Du trekker tilbake samtykket ditt ved \u00e5 kontakte SVCL og oppgi for hvilke av de ovennevnte form\u00e5lene du velger \u00e5 trekke tilbake samtykket. Du er klar over at du har rett til \u00e5 be om sletting av personopplysninger i forbindelse med tilbaketrekking av samtykke.<\/p>\n<h3>Dine rettigheter<\/h3>\n<p><strong>Rett til retting og registerutdrag<\/strong><\/p>\n<p>SVCL vil ta skritt i samsvar med gjeldende lovgivning for \u00e5 holde dine personopplysninger n\u00f8yaktige, fullstendige og oppdaterte. Du har rett til \u00e5 korrigere ufullstendige eller uriktige personopplysninger.<\/p>\n<p>Videre har du rett til \u00e5 be om et registerutdrag vedr\u00f8rende dine personopplysninger som SVCL behandler.<\/p>\n<p><strong>Rettigheter fra 2018-05-25<\/strong><\/p>\n<p>1) Rett til \u00e5 protestere mot behandling Dersom behandlingen av dine personopplysninger skjer p\u00e5 grunnlag av en interesseavveining og du vurderer at din personverninteresse veier tyngre enn SVCLs legitime interesse i \u00e5 behandle dine personopplysninger, har du rett, i lys av grunner som kan tilskrives din spesifikke situasjon, protestere mot behandlingen ved \u00e5 kontakte SVCL. Hvis du protesterer mot behandlingen, m\u00e5 SVCL vise en tvingende legitim grunn for \u00e5 kunne fortsette \u00e5 behandle personopplysningene.<\/p>\n<p>Du har ogs\u00e5 alltid rett til \u00e5 nekte behandling av dine personopplysninger for direkte markedsf\u00f8ringsform\u00e5l.<\/p>\n<p>2) Rett til sletting Under visse betingelser, for eksempel n\u00e5r du har trukket tilbake et tidligere gitt samtykke og det ikke er annet rettslig grunnlag for fortsatt behandling av dine personopplysninger, har du rett til \u00e5 be om sletting av dine personopplysninger.<\/p>\n<p>3) Rett til begrensning av behandling Du har, under visse betingelser, rett til \u00e5 begrense behandlingen av dine personopplysninger til kun \u00e5 omfatte lagring av personopplysningene, f.eks. i l\u00f8pet av tiden SVCL unders\u00f8ker om du har rett til sletting.<\/p>\n<p>4) Rett til innsyn Du har rett til \u00e5 motta en bekreftelse fra SVCL p\u00e5 at dine personopplysninger behandles av oss og, hvis dette er tilfellet, ha tilgang til personopplysningene og f\u00f8lgende informasjon om form\u00e5let med behandlingen;<\/p>\n<ul>\n<li>kategoriene av personopplysninger som behandles;<\/li>\n<li>mottakere av personopplysninger (spesielt hvis slike befinner seg utenfor EU\/E\u00d8S);<\/li>\n<li>tiden personopplysningene behandles;<\/li>\n<li>informasjon om rettighetene angitt her;<\/li>\n<li>informasjon om kilden som personopplysningene er samlet inn fra; og om det er automatisert beslutningstaking, inkludert profilering.<\/li>\n<li>I tillegg til dette har du ogs\u00e5 rett til, p\u00e5 foresp\u00f8rsel, \u00e5 motta en kopi av dine personopplysninger i et vanlig brukt elektronisk format.<\/li>\n<\/ul>\n<p>5) Rett til dataportabilitet N\u00e5r behandlingen av dine personopplysninger skjer p\u00e5 grunnlag av ditt samtykke eller fordi behandlingen er n\u00f8dvendig for \u00e5 oppfylle eller inng\u00e5 avtale med deg, og under forutsetning av at personopplysningene er samlet inn direkte fra du, har du rett til \u00e5 motta en kopi av dine personopplysninger i et vanlig brukt maskinlesbart format.<\/p>\n<p>6) Rettigheter i forhold til automatisert beslutningstaking, inkludert profilering Du har rett til ikke \u00e5 bli gjenstand for helautomatisk beslutningstaking, inkludert profilering, dersom slik beslutningstaking har rettslige konsekvenser eller p\u00e5 lignende m\u00e5te p\u00e5virker deg i vesentlig grad. Denne retten gjelder imidlertid ikke dersom den automatiserte beslutningstakingen er n\u00f8dvendig for \u00e5 oppfylle en kontrakt med deg, dersom beslutningen er uttrykkelig tillatt i lov eller dersom du har gitt ditt uttrykkelige samtykke til dette.<\/p>\n<p><strong>Kontakt <\/strong><\/p>\n<p>Hvis du har sp\u00f8rsm\u00e5l eller bekymringer ang\u00e5ende behandlingen av dine personopplysninger, b\u00f8r du kontakte SVCL der du er registrert.<\/p>\n<\/div><\/section><\/p><\/div>\n","protected":false},"excerpt":{"rendered":"","protected":false},"author":2,"featured_media":5229,"parent":0,"menu_order":0,"comment_status":"closed","ping_status":"open","template":"","meta":{"_acf_changed":false,"footnotes":""},"class_list":["post-7773","page","type-page","status-publish","has-post-thumbnail","hentry"],"acf":[],"_links":{"self":[{"href":"https:\/\/scandinavianvillage.net\/no\/wp-json\/wp\/v2\/pages\/7773","targetHints":{"allow":["GET"]}}],"collection":[{"href":"https:\/\/scandinavianvillage.net\/no\/wp-json\/wp\/v2\/pages"}],"about":[{"href":"https:\/\/scandinavianvillage.net\/no\/wp-json\/wp\/v2\/types\/page"}],"author":[{"embeddable":true,"href":"https:\/\/scandinavianvillage.net\/no\/wp-json\/wp\/v2\/users\/2"}],"replies":[{"embeddable":true,"href":"https:\/\/scandinavianvillage.net\/no\/wp-json\/wp\/v2\/comments?post=7773"}],"version-history":[{"count":4,"href":"https:\/\/scandinavianvillage.net\/no\/wp-json\/wp\/v2\/pages\/7773\/revisions"}],"predecessor-version":[{"id":7985,"href":"https:\/\/scandinavianvillage.net\/no\/wp-json\/wp\/v2\/pages\/7773\/revisions\/7985"}],"wp:featuredmedia":[{"embeddable":true,"href":"https:\/\/scandinavianvillage.net\/no\/wp-json\/wp\/v2\/media\/5229"}],"wp:attachment":[{"href":"https:\/\/scandinavianvillage.net\/no\/wp-json\/wp\/v2\/media?parent=7773"}],"curies":[{"name":"wp","href":"https:\/\/api.w.org\/{rel}","templated":true}]}}